{"id":82267,"date":"2021-02-21T20:21:54","date_gmt":"2021-02-21T20:21:54","guid":{"rendered":"https:\/\/www.autonvaraosahaku.fi\/?product=a-b-s-910510-muut-luokat"},"modified":"2021-02-21T20:21:59","modified_gmt":"2021-02-21T20:21:59","slug":"a-b-s-910510-muut-luokat","status":"publish","type":"product","link":"https:\/\/www.autonvaraosahaku.fi\/?product=a-b-s-910510-muut-luokat","title":{"rendered":"A.B.S. 910510 Muut luokat"},"content":{"rendered":"<p>Kierremitta: M20x1.5; Kierremalli: Oikealla kierteell\u00e4; Korkeus (mm): 21; Avainv\u00e4li: 27; Laippa \u00d8(mm): 42; Paino [kg]: 0,07; TOYOTA: AVENSIS _T22_,AVENSIS Station Wagon _T22_,AVENSIS Liftback _T22_,CARINA E _T19_,CELICA ST20_, AT20_,CARINA E Stufenheck _T19_,CARINA E Sportswagon _T19_,COROLLA Liftback _E9_,MR 2 I AW1_,COROLLA Compact _E9_,COROLLA Station Wagon _E9_,COROLLA _E9_,COROLLA Liftback _E8_,COROLLA FX Compact E8B,COROLLA _E8_; VOLVO: V40 Kombi VW,S40 I VS; SAAB: 9000 Schr\u00e4gheck,9000<\/p>\n","protected":false},"excerpt":{"rendered":"<p>A.B.S. Mutteri 910510  TOYOTA,VOLVO,SAAB,AVENSIS _T22_,AVENSIS Station Wagon _T22_,AVENSIS Liftback _T22_,CARINA E _T19_,CELICA ST20_, AT20_<\/p>\n","protected":false},"featured_media":0,"template":"","meta":{"site-sidebar-layout":"default","site-content-layout":"default","ast-global-header-display":"","ast-main-header-display":"","ast-hfb-above-header-display":"","ast-hfb-below-header-display":"","ast-hfb-mobile-header-display":"","site-post-title":"","ast-breadcrumbs-content":"","ast-featured-img":"","footer-sml-layout":"","theme-transparent-header-meta":"","adv-header-id-meta":"","stick-header-meta":"","header-above-stick-meta":"","header-main-stick-meta":"","header-below-stick-meta":""},"pwb-brand":[326],"product_cat":[37],"product_tag":[],"class_list":{"0":"post-82267","1":"product","2":"type-product","3":"status-publish","5":"pwb-brand-a-b-s","6":"product_cat-muut-luokat","7":"desktop-align-left","8":"tablet-align-left","9":"mobile-align-left","11":"first","12":"instock","13":"product-type-external"},"brands":[{"id":326,"name":"A.B.S.","slug":"a-b-s"}],"_links":{"self":[{"href":"https:\/\/www.autonvaraosahaku.fi\/index.php?rest_route=\/wp\/v2\/product\/82267","targetHints":{"allow":["GET"]}}],"collection":[{"href":"https:\/\/www.autonvaraosahaku.fi\/index.php?rest_route=\/wp\/v2\/product"}],"about":[{"href":"https:\/\/www.autonvaraosahaku.fi\/index.php?rest_route=\/wp\/v2\/types\/product"}],"wp:attachment":[{"href":"https:\/\/www.autonvaraosahaku.fi\/index.php?rest_route=%2Fwp%2Fv2%2Fmedia&parent=82267"}],"wp:term":[{"taxonomy":"pwb-brand","embeddable":true,"href":"https:\/\/www.autonvaraosahaku.fi\/index.php?rest_route=%2Fwp%2Fv2%2Fpwb-brand&post=82267"},{"taxonomy":"product_cat","embeddable":true,"href":"https:\/\/www.autonvaraosahaku.fi\/index.php?rest_route=%2Fwp%2Fv2%2Fproduct_cat&post=82267"},{"taxonomy":"product_tag","embeddable":true,"href":"https:\/\/www.autonvaraosahaku.fi\/index.php?rest_route=%2Fwp%2Fv2%2Fproduct_tag&post=82267"}],"curies":[{"name":"wp","href":"https:\/\/api.w.org\/{rel}","templated":true}]}}