{"id":82273,"date":"2021-02-21T20:22:01","date_gmt":"2021-02-21T20:22:01","guid":{"rendered":"https:\/\/www.autonvaraosahaku.fi\/?product=monroe-r1045-iskunvaimennin"},"modified":"2021-02-21T20:22:02","modified_gmt":"2021-02-21T20:22:02","slug":"monroe-r1045-iskunvaimennin","status":"publish","type":"product","link":"https:\/\/www.autonvaraosahaku.fi\/?product=monroe-r1045-iskunvaimennin","title":{"rendered":"MONROE R1045 Iskunvaimennin"},"content":{"rendered":"<p>Iskunvaimennin tyyppi: \u00d6ljypaine; Iskunvaimennusj\u00e4rjestelm\u00e4: Kaksiputki; Iskunvaimennin asennustapa: Silmukka ylh\u00e4\u00e4ll\u00e4, Silmukka alhaalla; Paino [kg]: 1,259; suurin pituus [mm]: 392; v\u00e4h. pituus [mm]: 250; Pakkauspituus [cm]: 34,7; Pakkausleveys [cm]: 5,5; Pakkauskorkeus [mm]: 5,3; Tullitariffinumero: 87088035; Asennuspuoli: Vorderachse; VW: KAEFER,KAEFER Cabriolet 15,1500,1600 Variant 36,1500,1600 31,1500,1600 Schr\u00e4gheck 31; 111413031L, 111413031M, 111413031Q, 111513031C, 111513031J, 111513031K, 111513031M, 211513031A, 211513031B, 211513031D, 211513031E, 211513031F, 211513031H, 311513031B, 311513031C, 311513031D, 311513031E, 311513031G, 311513031J, 311513031M, 311513031N, 68032415021, 68150407002, ATP27385, TP27328, 0521528, 11521528, 111413031F, 111413031G, 111413031J, 111413031K, 111413031L, 111413031M, 111413031P, 111413031Q, 111513031C, 111513031D, 111513031E, 111513031F, 111513031G, 111513031H, 111513031J, 111513031K, 111513031L, 111513031M, 111513031N, 111513031P, 111513031Q, 111513031R, 113413031A, 113413031B, 113413031C, 113413031L, 113512031F, 113512031G, 113512031H, 113512031J, 113512031L, 113513031E, 113513031F, 113513031G, 113513031H, 113513031L, 113513031Q, 113513031R, 21141303111, 21141303112, 2114130313, 2114130317, 211513031A, 211513031B, 211513031D, 211513031E, 211513031F, 211513031H, 281700195114, 311413031A, 311413031D, 311413031E, 311413031F, 311413031G, 311413031H, 311413031K, 311413&#8230;; Iskarit,Iskunvaimennin<\/p>\n","protected":false},"excerpt":{"rendered":"<p>MONROE Iskunvaimentimet MONROE ORIGINAL R1045 Iskarit,Iskunvaimennin VW,KAEFER,KAEFER Cabriolet 15,1500,1600 Variant 36,1500,1600 31<\/p>\n","protected":false},"featured_media":0,"template":"","meta":{"site-sidebar-layout":"default","site-content-layout":"default","ast-global-header-display":"","ast-main-header-display":"","ast-hfb-above-header-display":"","ast-hfb-below-header-display":"","ast-hfb-mobile-header-display":"","site-post-title":"","ast-breadcrumbs-content":"","ast-featured-img":"","footer-sml-layout":"","theme-transparent-header-meta":"","adv-header-id-meta":"","stick-header-meta":"","header-above-stick-meta":"","header-main-stick-meta":"","header-below-stick-meta":""},"pwb-brand":[79],"product_cat":[80],"product_tag":[],"class_list":{"0":"post-82273","1":"product","2":"type-product","3":"status-publish","5":"pwb-brand-monroe","6":"product_cat-iskunvaimennin","7":"desktop-align-left","8":"tablet-align-left","9":"mobile-align-left","11":"first","12":"instock","13":"product-type-external"},"brands":[{"id":79,"name":"MONROE","slug":"monroe"}],"_links":{"self":[{"href":"https:\/\/www.autonvaraosahaku.fi\/index.php?rest_route=\/wp\/v2\/product\/82273","targetHints":{"allow":["GET"]}}],"collection":[{"href":"https:\/\/www.autonvaraosahaku.fi\/index.php?rest_route=\/wp\/v2\/product"}],"about":[{"href":"https:\/\/www.autonvaraosahaku.fi\/index.php?rest_route=\/wp\/v2\/types\/product"}],"wp:attachment":[{"href":"https:\/\/www.autonvaraosahaku.fi\/index.php?rest_route=%2Fwp%2Fv2%2Fmedia&parent=82273"}],"wp:term":[{"taxonomy":"pwb-brand","embeddable":true,"href":"https:\/\/www.autonvaraosahaku.fi\/index.php?rest_route=%2Fwp%2Fv2%2Fpwb-brand&post=82273"},{"taxonomy":"product_cat","embeddable":true,"href":"https:\/\/www.autonvaraosahaku.fi\/index.php?rest_route=%2Fwp%2Fv2%2Fproduct_cat&post=82273"},{"taxonomy":"product_tag","embeddable":true,"href":"https:\/\/www.autonvaraosahaku.fi\/index.php?rest_route=%2Fwp%2Fv2%2Fproduct_tag&post=82273"}],"curies":[{"name":"wp","href":"https:\/\/api.w.org\/{rel}","templated":true}]}}