{"id":82295,"date":"2021-02-21T20:22:08","date_gmt":"2021-02-21T20:22:08","guid":{"rendered":"https:\/\/www.autonvaraosahaku.fi\/?product=meyle-714-710-0008-tukivarren-hela"},"modified":"2021-02-21T20:22:10","modified_gmt":"2021-02-21T20:22:10","slug":"meyle-714-710-0008-tukivarren-hela","status":"publish","type":"product","link":"https:\/\/www.autonvaraosahaku.fi\/?product=meyle-714-710-0008-tukivarren-hela","title":{"rendered":"MEYLE 714 710 0008 Tukivarren hela"},"content":{"rendered":"<p>Asennuspuoli: Taka-akseli, vasen, Taka-akseli, oikea, oben; Korkeus (mm): 35; Sis\u00e4l\u00e4pimitta [mm]: 12; Ulkol\u00e4pimitta [mm]: 36; lis\u00e4tieto: ORIGINAL Quality; FORD: MONDEO III Kombi BWY,MONDEO III B5Y,MONDEO III Stufenheck B4Y,MONDEO II Kombi BNP,COUGAR EC_,MONDEO II BAP,MONDEO II Stufenheck BFP,MONDEO I Kombi BNP,MONDEO I GBP,MONDEO I Stufenheck GBP; JAGUAR: X-TYPE CF1,X-TYPE Estate; 1041683, 1093772, 1116608, 1123275, 1220005, 1325326, 1S715500AA, 1S715500AC, 1S715K743BA, 1S715K743CA, 6710264, 6829045, 6829058, 93BB5500AC, 93BB5500AD, 93BB5500AE, 93BB5K653AB, C2S35280, C2S39484, C2S9241<\/p>\n","protected":false},"excerpt":{"rendered":"<p>MEYLE Laakerihela, Tukivarsi 714 710 0008  FORD,JAGUAR,MONDEO III Kombi BWY,MONDEO III B5Y,MONDEO III Stufenheck B4Y,MONDEO II Kombi BNP,COUGAR EC_<\/p>\n","protected":false},"featured_media":0,"template":"","meta":{"site-sidebar-layout":"default","site-content-layout":"default","ast-global-header-display":"","ast-main-header-display":"","ast-hfb-above-header-display":"","ast-hfb-below-header-display":"","ast-hfb-mobile-header-display":"","site-post-title":"","ast-breadcrumbs-content":"","ast-featured-img":"","footer-sml-layout":"","theme-transparent-header-meta":"","adv-header-id-meta":"","stick-header-meta":"","header-above-stick-meta":"","header-main-stick-meta":"","header-below-stick-meta":""},"pwb-brand":[84],"product_cat":[115],"product_tag":[],"class_list":{"0":"post-82295","1":"product","2":"type-product","3":"status-publish","5":"pwb-brand-meyle","6":"product_cat-tukivarren-hela","7":"desktop-align-left","8":"tablet-align-left","9":"mobile-align-left","11":"first","12":"instock","13":"product-type-external"},"brands":[{"id":84,"name":"MEYLE","slug":"meyle"}],"_links":{"self":[{"href":"https:\/\/www.autonvaraosahaku.fi\/index.php?rest_route=\/wp\/v2\/product\/82295","targetHints":{"allow":["GET"]}}],"collection":[{"href":"https:\/\/www.autonvaraosahaku.fi\/index.php?rest_route=\/wp\/v2\/product"}],"about":[{"href":"https:\/\/www.autonvaraosahaku.fi\/index.php?rest_route=\/wp\/v2\/types\/product"}],"wp:attachment":[{"href":"https:\/\/www.autonvaraosahaku.fi\/index.php?rest_route=%2Fwp%2Fv2%2Fmedia&parent=82295"}],"wp:term":[{"taxonomy":"pwb-brand","embeddable":true,"href":"https:\/\/www.autonvaraosahaku.fi\/index.php?rest_route=%2Fwp%2Fv2%2Fpwb-brand&post=82295"},{"taxonomy":"product_cat","embeddable":true,"href":"https:\/\/www.autonvaraosahaku.fi\/index.php?rest_route=%2Fwp%2Fv2%2Fproduct_cat&post=82295"},{"taxonomy":"product_tag","embeddable":true,"href":"https:\/\/www.autonvaraosahaku.fi\/index.php?rest_route=%2Fwp%2Fv2%2Fproduct_tag&post=82295"}],"curies":[{"name":"wp","href":"https:\/\/api.w.org\/{rel}","templated":true}]}}