{"id":82372,"date":"2021-02-21T20:22:38","date_gmt":"2021-02-21T20:22:38","guid":{"rendered":"https:\/\/www.autonvaraosahaku.fi\/?product=monroe-42058-iskunvaimennin"},"modified":"2021-02-21T20:22:39","modified_gmt":"2021-02-21T20:22:39","slug":"monroe-42058-iskunvaimennin","status":"publish","type":"product","link":"https:\/\/www.autonvaraosahaku.fi\/?product=monroe-42058-iskunvaimennin","title":{"rendered":"MONROE 42058 Iskunvaimennin"},"content":{"rendered":"<p>Iskunvaimennin tyyppi: Kaasupaine; Iskunvaimennusj\u00e4rjestelm\u00e4: Yksiputki; Iskunvaimennin asennustapa: Silmukka ylh\u00e4\u00e4ll\u00e4, Silmukka alhaalla; Paino [kg]: 1,200; Reik\u00e4-\u00d8 [mm]: 36; suurin pituus [mm]: 324; v\u00e4h. pituus [mm]: 253; Pakkauspituus [cm]: 45; Pakkausleveys [cm]: 5,5; Pakkauskorkeus [mm]: 5,3; Tullitariffinumero: 87088035; Tappil\u00e4pimitta [mm]: 11; Asennuspuoli: Hinterachse; CITRO\u00cbN: BERLINGO Kasten M_,XSARA N1,XSARA Coupe N0,ZX N2,ZX Break N2,XSARA Kasten\/Schr\u00e4gheck; PEUGEOT: 306 Schr\u00e4gheck 7A, 7C, N3, N5,306 Cabriolet 7D, N3, N5,205 II 20A\/C,306 7B, N3, N5,205 I Cabriolet 741B, 20D,309 II 3C, 3A,205 I 741A\/C,309 I 10C, 10A,306 Van N_, 7_,205 Kasten,306 Kasten\/Schr\u00e4gheck; 00005206L7, 00005206L8, 00005206N2, 00005206N3, 00005206Q3, 520697, 5206L7, 5206L8, 5206N2, 5206N3, 5206Q3, 5206TG, 960083765, 96083765, 520637, 520643, 520645, 520647, 520654, 520655, 520656, 520657, 520660, 520661, 520680, 520691, 520695, 520697, 520699, 5206A0, 5206A2, 5206C7, 5206E0, 5206E1, 5206E2, 5206K5, 5206K6, 5206K7, 5206K8, 5206L1, 5206L4, 5206R7, 5206TL; Iskarit,Iskunvaimennin<\/p>\n","protected":false},"excerpt":{"rendered":"<p>MONROE Iskunvaimentimet MONROE ORIGINAL (Gas Technology) 42058 Iskarit,Iskunvaimennin CITRO\u00cbN,PEUGEOT,BERLINGO Kasten M_,XSARA N1,XSARA Coupe N0,ZX N2<\/p>\n","protected":false},"featured_media":0,"template":"","meta":{"site-sidebar-layout":"default","site-content-layout":"default","ast-global-header-display":"","ast-main-header-display":"","ast-hfb-above-header-display":"","ast-hfb-below-header-display":"","ast-hfb-mobile-header-display":"","site-post-title":"","ast-breadcrumbs-content":"","ast-featured-img":"","footer-sml-layout":"","theme-transparent-header-meta":"","adv-header-id-meta":"","stick-header-meta":"","header-above-stick-meta":"","header-main-stick-meta":"","header-below-stick-meta":""},"pwb-brand":[79],"product_cat":[80],"product_tag":[],"class_list":{"0":"post-82372","1":"product","2":"type-product","3":"status-publish","5":"pwb-brand-monroe","6":"product_cat-iskunvaimennin","7":"desktop-align-left","8":"tablet-align-left","9":"mobile-align-left","11":"first","12":"instock","13":"product-type-external"},"brands":[{"id":79,"name":"MONROE","slug":"monroe"}],"_links":{"self":[{"href":"https:\/\/www.autonvaraosahaku.fi\/index.php?rest_route=\/wp\/v2\/product\/82372","targetHints":{"allow":["GET"]}}],"collection":[{"href":"https:\/\/www.autonvaraosahaku.fi\/index.php?rest_route=\/wp\/v2\/product"}],"about":[{"href":"https:\/\/www.autonvaraosahaku.fi\/index.php?rest_route=\/wp\/v2\/types\/product"}],"wp:attachment":[{"href":"https:\/\/www.autonvaraosahaku.fi\/index.php?rest_route=%2Fwp%2Fv2%2Fmedia&parent=82372"}],"wp:term":[{"taxonomy":"pwb-brand","embeddable":true,"href":"https:\/\/www.autonvaraosahaku.fi\/index.php?rest_route=%2Fwp%2Fv2%2Fpwb-brand&post=82372"},{"taxonomy":"product_cat","embeddable":true,"href":"https:\/\/www.autonvaraosahaku.fi\/index.php?rest_route=%2Fwp%2Fv2%2Fproduct_cat&post=82372"},{"taxonomy":"product_tag","embeddable":true,"href":"https:\/\/www.autonvaraosahaku.fi\/index.php?rest_route=%2Fwp%2Fv2%2Fproduct_tag&post=82372"}],"curies":[{"name":"wp","href":"https:\/\/api.w.org\/{rel}","templated":true}]}}