{"id":82376,"date":"2021-02-21T20:22:38","date_gmt":"2021-02-21T20:22:38","guid":{"rendered":"https:\/\/www.autonvaraosahaku.fi\/?product=monroe-23910-iskunvaimennin"},"modified":"2021-02-21T20:22:41","modified_gmt":"2021-02-21T20:22:41","slug":"monroe-23910-iskunvaimennin","status":"publish","type":"product","link":"https:\/\/www.autonvaraosahaku.fi\/?product=monroe-23910-iskunvaimennin","title":{"rendered":"MONROE 23910 Iskunvaimennin"},"content":{"rendered":"<p>Iskunvaimennin tyyppi: Kaasupaine; Iskunvaimennusj\u00e4rjestelm\u00e4: Kaksiputki; Iskunvaimennin asennustapa: Silmukka alhaalla, Tappi ylh\u00e4\u00e4ll\u00e4; Paino [kg]: 1,800; Reik\u00e4-\u00d8 [mm]: 25,4; suurin pituus [mm]: 666; v\u00e4h. pituus [mm]: 405; Pakkauspituus [cm]: 60; Pakkausleveys [cm]: 7,2; Pakkauskorkeus [mm]: 7,2; Tullitariffinumero: 87088035; Tappil\u00e4pimitta [mm]: 12,4; Asennuspuoli: Hinterachse; TOYOTA: YARIS SCP1_, NLP1_, NCP1_; 4853009390, 4853009400, 485300D010, 485300D020, 4853052020, 4853052021, 4853052022, 4853052040, 4853052041, 4853052042, 4853052360, 4853059155, 4853059156, 4853059157, 4853059165, 4853059166, 4853059167, 4853059425; Iskarit,Iskunvaimennin<\/p>\n","protected":false},"excerpt":{"rendered":"<p>MONROE Iskunvaimentimet MONROE ORIGINAL (Gas Technology) 23910 Iskarit,Iskunvaimennin TOYOTA,YARIS SCP1_, NLP1_, NCP1_<\/p>\n","protected":false},"featured_media":0,"template":"","meta":{"site-sidebar-layout":"default","site-content-layout":"default","ast-global-header-display":"","ast-main-header-display":"","ast-hfb-above-header-display":"","ast-hfb-below-header-display":"","ast-hfb-mobile-header-display":"","site-post-title":"","ast-breadcrumbs-content":"","ast-featured-img":"","footer-sml-layout":"","theme-transparent-header-meta":"","adv-header-id-meta":"","stick-header-meta":"","header-above-stick-meta":"","header-main-stick-meta":"","header-below-stick-meta":""},"pwb-brand":[79],"product_cat":[80],"product_tag":[],"class_list":{"0":"post-82376","1":"product","2":"type-product","3":"status-publish","5":"pwb-brand-monroe","6":"product_cat-iskunvaimennin","7":"desktop-align-left","8":"tablet-align-left","9":"mobile-align-left","11":"first","12":"instock","13":"product-type-external"},"brands":[{"id":79,"name":"MONROE","slug":"monroe"}],"_links":{"self":[{"href":"https:\/\/www.autonvaraosahaku.fi\/index.php?rest_route=\/wp\/v2\/product\/82376","targetHints":{"allow":["GET"]}}],"collection":[{"href":"https:\/\/www.autonvaraosahaku.fi\/index.php?rest_route=\/wp\/v2\/product"}],"about":[{"href":"https:\/\/www.autonvaraosahaku.fi\/index.php?rest_route=\/wp\/v2\/types\/product"}],"wp:attachment":[{"href":"https:\/\/www.autonvaraosahaku.fi\/index.php?rest_route=%2Fwp%2Fv2%2Fmedia&parent=82376"}],"wp:term":[{"taxonomy":"pwb-brand","embeddable":true,"href":"https:\/\/www.autonvaraosahaku.fi\/index.php?rest_route=%2Fwp%2Fv2%2Fpwb-brand&post=82376"},{"taxonomy":"product_cat","embeddable":true,"href":"https:\/\/www.autonvaraosahaku.fi\/index.php?rest_route=%2Fwp%2Fv2%2Fproduct_cat&post=82376"},{"taxonomy":"product_tag","embeddable":true,"href":"https:\/\/www.autonvaraosahaku.fi\/index.php?rest_route=%2Fwp%2Fv2%2Fproduct_tag&post=82376"}],"curies":[{"name":"wp","href":"https:\/\/api.w.org\/{rel}","templated":true}]}}