{"id":82380,"date":"2021-02-21T20:22:38","date_gmt":"2021-02-21T20:22:38","guid":{"rendered":"https:\/\/www.autonvaraosahaku.fi\/?product=mahle-original-kc-17d-polttoainesuodatin"},"modified":"2021-02-21T20:22:42","modified_gmt":"2021-02-21T20:22:42","slug":"mahle-original-kc-17d-polttoainesuodatin","status":"publish","type":"product","link":"https:\/\/www.autonvaraosahaku.fi\/?product=mahle-original-kc-17d-polttoainesuodatin","title":{"rendered":"MAHLE ORIGINAL KC 17D Polttoainesuodatin"},"content":{"rendered":"<p>Suodatintyyppi: Ruuvattava suodatin, mit Filterheizung; Korkeus (mm): 153,5; Kopan l\u00e4pimitta (mm): 81,0; Ulkol\u00e4pimitta 2 [mm]: 70,0; Sis\u00e4l\u00e4pimitta 2 [mm]: 61,5; Liitinkierre: M16x1,5; Suositellun erikoisty\u00f6kalun tuotenumero: OCS1; RENAULT: TRAFIC Pritsche\/Fahrgestell P6; FIAT: DUCATO Pritsche\/Fahrgestell 230,DUCATO Bus 230,PUNTO 176,DUCATO Kasten 290,DUCATO Pritsche\/Fahrgestell 290,DUCATO Kasten 230L,DUCATO Kasten 280,DUCATO Pritsche\/Fahrgestell 280,STRADA Pick-up 178E,DUCATO Panorama 280,DUCATO Panorama 290,PALIO Weekend 178DX,TALENTO Pritsche\/Fahrgestell 290,TALENTO Bus 290,TALENTO Kasten 290,PALIO 178BX,1000; VOLVO: F4; STEYR: 590-Serie,690-Serie,691-Serie,791-Serie,890-Serie,891-Serie; SCANIA: 2 &#8211; series,3 &#8211; series,3 &#8211; series bus; RENAULT TRUCKS: MIDLINER; NEOPLAN: Cityliner,Jetliner,Skyliner,Spaceliner; INTERNATIONAL HARV.: 1455,743,844,856,A-Series,B-Series,C-Series,CM-Series; FENDT: Farmer,Favorit,GT; DEUTZ-FAHR: AGROLUX,AGROPRIMA,AGROSTAR,AGROXTRA,D06,D07,DX; 71736116, 9941058, 9941990, 068127177, 068127401, 2RD127177B, 68127177, 681271771, 68127401, 068127177, 068127401, 2RD127177B, 68127177, 681271771, 68127401, 0000009941058, 0000009950443, 0009941990, 71736116, 9936891, 9941058, 9941990, 9950443, 1502255, 5025097, 715F9150ABA, 900X9155BA, BF6T9155AA, EFG302, EFG9, 1909142, 2133943, 42522674, 4753103, 71736116, 9941058, 813024, 90486908, 4070874, 132000080722, 31100080083, 407080074, 407080076, 4070874, 61500080043, 9975216, 2434645, 838593, 860874, 8608747<\/p>\n","protected":false},"excerpt":{"rendered":"<p>MAHLE ORIGINAL Polttoainesuodatin KC 17D  RENAULT,FIAT,VOLVO,TRAFIC Pritsche\/Fahrgestell P6,DUCATO Pritsche\/Fahrgestell 230,DUCATO Bus 230,PUNTO 176<\/p>\n","protected":false},"featured_media":0,"template":"","meta":{"site-sidebar-layout":"default","site-content-layout":"default","ast-global-header-display":"","ast-main-header-display":"","ast-hfb-above-header-display":"","ast-hfb-below-header-display":"","ast-hfb-mobile-header-display":"","site-post-title":"","ast-breadcrumbs-content":"","ast-featured-img":"","footer-sml-layout":"","theme-transparent-header-meta":"","adv-header-id-meta":"","stick-header-meta":"","header-above-stick-meta":"","header-main-stick-meta":"","header-below-stick-meta":""},"pwb-brand":[153],"product_cat":[29],"product_tag":[],"class_list":{"0":"post-82380","1":"product","2":"type-product","3":"status-publish","5":"pwb-brand-mahle-original","6":"product_cat-polttoainesuodatin","7":"desktop-align-left","8":"tablet-align-left","9":"mobile-align-left","11":"first","12":"instock","13":"product-type-external"},"brands":[{"id":153,"name":"MAHLE ORIGINAL","slug":"mahle-original"}],"_links":{"self":[{"href":"https:\/\/www.autonvaraosahaku.fi\/index.php?rest_route=\/wp\/v2\/product\/82380","targetHints":{"allow":["GET"]}}],"collection":[{"href":"https:\/\/www.autonvaraosahaku.fi\/index.php?rest_route=\/wp\/v2\/product"}],"about":[{"href":"https:\/\/www.autonvaraosahaku.fi\/index.php?rest_route=\/wp\/v2\/types\/product"}],"wp:attachment":[{"href":"https:\/\/www.autonvaraosahaku.fi\/index.php?rest_route=%2Fwp%2Fv2%2Fmedia&parent=82380"}],"wp:term":[{"taxonomy":"pwb-brand","embeddable":true,"href":"https:\/\/www.autonvaraosahaku.fi\/index.php?rest_route=%2Fwp%2Fv2%2Fpwb-brand&post=82380"},{"taxonomy":"product_cat","embeddable":true,"href":"https:\/\/www.autonvaraosahaku.fi\/index.php?rest_route=%2Fwp%2Fv2%2Fproduct_cat&post=82380"},{"taxonomy":"product_tag","embeddable":true,"href":"https:\/\/www.autonvaraosahaku.fi\/index.php?rest_route=%2Fwp%2Fv2%2Fproduct_tag&post=82380"}],"curies":[{"name":"wp","href":"https:\/\/api.w.org\/{rel}","templated":true}]}}