{"id":82382,"date":"2021-02-21T20:22:38","date_gmt":"2021-02-21T20:22:38","guid":{"rendered":"https:\/\/www.autonvaraosahaku.fi\/?product=gates-t38033-ohjainrulla"},"modified":"2021-02-21T20:22:43","modified_gmt":"2021-02-21T20:22:43","slug":"gates-t38033-ohjainrulla","status":"publish","type":"product","link":"https:\/\/www.autonvaraosahaku.fi\/?product=gates-t38033-ohjainrulla","title":{"rendered":"GATES T38033 Ohjainrulla"},"content":{"rendered":"<p>Materiaali: Metalli; Rihloja (kpl): 0; Ulkol\u00e4pimitta [mm]: 90; Sis\u00e4l\u00e4pimitta [mm]: 17; Leveys (mm): 34; lis\u00e4tieto: PowerGrip\u00ae; Valmistusvuosi alkaen: 09\/1992; JEEP: GRAND CHEROKEE I ZJ; CHRYSLER: VIPER Convertible,VIPER; DODGE: RAM 1500 Pick-up BE, BR,DURANGO DN,VIPER Cabriolet RT\/10,VIPER Coupe RT\/10 SR; 53009508, IP114, 53009508, 53009508; Ohjainrulla, Moniurahihna<\/p>\n","protected":false},"excerpt":{"rendered":"<p>GATES Ohjainrulla T38033 Ohjainrulla, Moniurahihna JEEP,CHRYSLER,DODGE,GRAND CHEROKEE I ZJ,VIPER Convertible,VIPER,RAM 1500 Pick-up BE, BR,DURANGO DN<\/p>\n","protected":false},"featured_media":0,"template":"","meta":{"site-sidebar-layout":"default","site-content-layout":"default","ast-global-header-display":"","ast-main-header-display":"","ast-hfb-above-header-display":"","ast-hfb-below-header-display":"","ast-hfb-mobile-header-display":"","site-post-title":"","ast-breadcrumbs-content":"","ast-featured-img":"","footer-sml-layout":"","theme-transparent-header-meta":"","adv-header-id-meta":"","stick-header-meta":"","header-above-stick-meta":"","header-main-stick-meta":"","header-below-stick-meta":""},"pwb-brand":[22],"product_cat":[308],"product_tag":[],"class_list":{"0":"post-82382","1":"product","2":"type-product","3":"status-publish","5":"pwb-brand-gates","6":"product_cat-ohjainrulla","7":"desktop-align-left","8":"tablet-align-left","9":"mobile-align-left","11":"first","12":"instock","13":"product-type-external"},"brands":[{"id":22,"name":"GATES","slug":"gates"}],"_links":{"self":[{"href":"https:\/\/www.autonvaraosahaku.fi\/index.php?rest_route=\/wp\/v2\/product\/82382","targetHints":{"allow":["GET"]}}],"collection":[{"href":"https:\/\/www.autonvaraosahaku.fi\/index.php?rest_route=\/wp\/v2\/product"}],"about":[{"href":"https:\/\/www.autonvaraosahaku.fi\/index.php?rest_route=\/wp\/v2\/types\/product"}],"wp:attachment":[{"href":"https:\/\/www.autonvaraosahaku.fi\/index.php?rest_route=%2Fwp%2Fv2%2Fmedia&parent=82382"}],"wp:term":[{"taxonomy":"pwb-brand","embeddable":true,"href":"https:\/\/www.autonvaraosahaku.fi\/index.php?rest_route=%2Fwp%2Fv2%2Fpwb-brand&post=82382"},{"taxonomy":"product_cat","embeddable":true,"href":"https:\/\/www.autonvaraosahaku.fi\/index.php?rest_route=%2Fwp%2Fv2%2Fproduct_cat&post=82382"},{"taxonomy":"product_tag","embeddable":true,"href":"https:\/\/www.autonvaraosahaku.fi\/index.php?rest_route=%2Fwp%2Fv2%2Fproduct_tag&post=82382"}],"curies":[{"name":"wp","href":"https:\/\/api.w.org\/{rel}","templated":true}]}}