{"id":82385,"date":"2021-02-21T20:22:38","date_gmt":"2021-02-21T20:22:38","guid":{"rendered":"https:\/\/www.autonvaraosahaku.fi\/?product=alkar-6164438-sivupeilit"},"modified":"2021-02-21T20:22:44","modified_gmt":"2021-02-21T20:22:44","slug":"alkar-6164438-sivupeilit","status":"publish","type":"product","link":"https:\/\/www.autonvaraosahaku.fi\/?product=alkar-6164438-sivupeilit","title":{"rendered":"ALKAR 6164438 Sivupeilit"},"content":{"rendered":"<p>Asennuspuoli: Vasen; Laatu: ALKAR; K\u00e4ytt\u00f6: Mekaaninen; Vasen \/ oikea liikenne: Ohjaus vasemmalla; Ulko-\/sis\u00e4peili: Asf\u00e4\u00e4rinen; Valmistusvuoteen: 09\/2009; OPEL: ASTRA H Caravan L35,ASTRA H L48,ASTRA H Stufenheck L69,ASTRA H Kasten L70; 6428200, 6428917, 6428925; Ulkopeilit,Ulkopeili<\/p>\n","protected":false},"excerpt":{"rendered":"<p>ALKAR Sivupeilit 6164438 Ulkopeilit,Ulkopeili OPEL,ASTRA H Caravan L35,ASTRA H L48,ASTRA H Stufenheck L69,ASTRA H Kasten L70<\/p>\n","protected":false},"featured_media":0,"template":"","meta":{"site-sidebar-layout":"default","site-content-layout":"default","ast-global-header-display":"","ast-main-header-display":"","ast-hfb-above-header-display":"","ast-hfb-below-header-display":"","ast-hfb-mobile-header-display":"","site-post-title":"","ast-breadcrumbs-content":"","ast-featured-img":"","footer-sml-layout":"","theme-transparent-header-meta":"","adv-header-id-meta":"","stick-header-meta":"","header-above-stick-meta":"","header-main-stick-meta":"","header-below-stick-meta":""},"pwb-brand":[320],"product_cat":[220],"product_tag":[],"class_list":{"0":"post-82385","1":"product","2":"type-product","3":"status-publish","5":"pwb-brand-alkar","6":"product_cat-sivupeilit","7":"desktop-align-left","8":"tablet-align-left","9":"mobile-align-left","11":"first","12":"instock","13":"product-type-external"},"brands":[{"id":320,"name":"ALKAR","slug":"alkar"}],"_links":{"self":[{"href":"https:\/\/www.autonvaraosahaku.fi\/index.php?rest_route=\/wp\/v2\/product\/82385","targetHints":{"allow":["GET"]}}],"collection":[{"href":"https:\/\/www.autonvaraosahaku.fi\/index.php?rest_route=\/wp\/v2\/product"}],"about":[{"href":"https:\/\/www.autonvaraosahaku.fi\/index.php?rest_route=\/wp\/v2\/types\/product"}],"wp:attachment":[{"href":"https:\/\/www.autonvaraosahaku.fi\/index.php?rest_route=%2Fwp%2Fv2%2Fmedia&parent=82385"}],"wp:term":[{"taxonomy":"pwb-brand","embeddable":true,"href":"https:\/\/www.autonvaraosahaku.fi\/index.php?rest_route=%2Fwp%2Fv2%2Fpwb-brand&post=82385"},{"taxonomy":"product_cat","embeddable":true,"href":"https:\/\/www.autonvaraosahaku.fi\/index.php?rest_route=%2Fwp%2Fv2%2Fproduct_cat&post=82385"},{"taxonomy":"product_tag","embeddable":true,"href":"https:\/\/www.autonvaraosahaku.fi\/index.php?rest_route=%2Fwp%2Fv2%2Fproduct_tag&post=82385"}],"curies":[{"name":"wp","href":"https:\/\/api.w.org\/{rel}","templated":true}]}}