{"id":82392,"date":"2021-02-21T20:22:46","date_gmt":"2021-02-21T20:22:46","guid":{"rendered":"https:\/\/www.autonvaraosahaku.fi\/?product=prasco-ad0247504-sivupeilin-lasi"},"modified":"2021-02-21T20:22:47","modified_gmt":"2021-02-21T20:22:47","slug":"prasco-ad0247504-sivupeilin-lasi","status":"publish","type":"product","link":"https:\/\/www.autonvaraosahaku.fi\/?product=prasco-ad0247504-sivupeilin-lasi","title":{"rendered":"PRASCO AD0247504 Sivupeilin lasi"},"content":{"rendered":"<p>Asennuspuoli: Vasen; Paino [kg]: 0,15; Ulko-\/sis\u00e4peili: L\u00e4mmitett\u00e4v\u00e4, Asf\u00e4\u00e4rinen; Valmistusvuoteen: 12\/2011; AUDI: A4 Avant 8K5, B8,A3 8P1,A3 Sportback 8PA,A4 8K2, B8,Q3 8U,A4 Allroad 8KH, B8,A3 Cabriolet 8P7; 4F0857535AF, 8T0857535E; Peililasi, Ulkopeili<\/p>\n","protected":false},"excerpt":{"rendered":"<p>PRASCO Sivupeilin Lasi AD0247504 Peililasi, Ulkopeili AUDI,A4 Avant 8K5, B8,A3 8P1,A3 Sportback 8PA,A4 8K2, B8,Q3 8U,A4 Allroad 8KH, B8<\/p>\n","protected":false},"featured_media":0,"template":"","meta":{"site-sidebar-layout":"default","site-content-layout":"default","ast-global-header-display":"","ast-main-header-display":"","ast-hfb-above-header-display":"","ast-hfb-below-header-display":"","ast-hfb-mobile-header-display":"","site-post-title":"","ast-breadcrumbs-content":"","ast-featured-img":"","footer-sml-layout":"","theme-transparent-header-meta":"","adv-header-id-meta":"","stick-header-meta":"","header-above-stick-meta":"","header-main-stick-meta":"","header-below-stick-meta":""},"pwb-brand":[406],"product_cat":[196],"product_tag":[],"class_list":{"0":"post-82392","1":"product","2":"type-product","3":"status-publish","5":"pwb-brand-prasco","6":"product_cat-sivupeilin-lasi","7":"desktop-align-left","8":"tablet-align-left","9":"mobile-align-left","11":"first","12":"instock","13":"product-type-external"},"brands":[{"id":406,"name":"PRASCO","slug":"prasco"}],"_links":{"self":[{"href":"https:\/\/www.autonvaraosahaku.fi\/index.php?rest_route=\/wp\/v2\/product\/82392","targetHints":{"allow":["GET"]}}],"collection":[{"href":"https:\/\/www.autonvaraosahaku.fi\/index.php?rest_route=\/wp\/v2\/product"}],"about":[{"href":"https:\/\/www.autonvaraosahaku.fi\/index.php?rest_route=\/wp\/v2\/types\/product"}],"wp:attachment":[{"href":"https:\/\/www.autonvaraosahaku.fi\/index.php?rest_route=%2Fwp%2Fv2%2Fmedia&parent=82392"}],"wp:term":[{"taxonomy":"pwb-brand","embeddable":true,"href":"https:\/\/www.autonvaraosahaku.fi\/index.php?rest_route=%2Fwp%2Fv2%2Fpwb-brand&post=82392"},{"taxonomy":"product_cat","embeddable":true,"href":"https:\/\/www.autonvaraosahaku.fi\/index.php?rest_route=%2Fwp%2Fv2%2Fproduct_cat&post=82392"},{"taxonomy":"product_tag","embeddable":true,"href":"https:\/\/www.autonvaraosahaku.fi\/index.php?rest_route=%2Fwp%2Fv2%2Fproduct_tag&post=82392"}],"curies":[{"name":"wp","href":"https:\/\/api.w.org\/{rel}","templated":true}]}}