{"id":82407,"date":"2021-02-21T20:22:46","date_gmt":"2021-02-21T20:22:46","guid":{"rendered":"https:\/\/www.autonvaraosahaku.fi\/?product=ate-11-8116-0301-1-jarrusatula-korjaussarja"},"modified":"2021-02-21T20:22:52","modified_gmt":"2021-02-21T20:22:52","slug":"ate-11-8116-0301-1-jarrusatula-korjaussarja","status":"publish","type":"product","link":"https:\/\/www.autonvaraosahaku.fi\/?product=ate-11-8116-0301-1-jarrusatula-korjaussarja","title":{"rendered":"ATE 11.8116-0301.1 Jarrusatula korjaussarja"},"content":{"rendered":"<p>Jarruj\u00e4rjestelm\u00e4: ATE; Tarvittava kappalem\u00e4\u00e4r\u00e4: 2; FORD: FIESTA V JH_, JD_,FOCUS Kombi DNW,FOCUS DAW, DBW,MONDEO II Kombi BNP,COUGAR EC_,MONDEO II BAP,MONDEO II Stufenheck BFP,MONDEO I Kombi BNP,MONDEO I GBP,SCORPIO II GFR, GGR,MONDEO I Stufenheck GBP,SCORPIO II Kombi GNR, GGR; RENAULT: CLIO III BR0\/1, CR0\/1,SC\u00c9NIC II JM0\/1_,TWINGO II CN0_,ESPACE IV JK0\/1_,LAGUNA II Grandtour KG0\/1_,MEGANE II Kombi KM0\/1_,SC\u00c9NIC I JA0\/1_,MEGANE II Coup\u00e9-Cabriolet EM0\/1_,LAGUNA III Grandtour KT0\/1,LAGUNA II BG0\/1_,MEGANE II BM0\/1_, CM0\/1_,GRAND SC\u00c9NIC II JM0\/1_,LAGUNA III BT0\/1,MEGANE II Stufenheck LM0\/1_,VEL SATIS BJ0_,LAGUNA Coupe DT0\/1,WIND E4M_,MEGANE II Kasten\/Kombi KM_,MEGANE II Hatchback Van KM0\/2_; 5029238, 6668584, 93BB2B486AA, 93BX2L051AA, 7701049280, 7701049765<\/p>\n","protected":false},"excerpt":{"rendered":"<p>ATE Jousi, Jarrusatula 11.8116-0301.1  FORD,RENAULT,FIESTA V JH_, JD_,FOCUS Kombi DNW,FOCUS DAW, DBW,MONDEO II Kombi BNP,COUGAR EC_,MONDEO II BAP<\/p>\n","protected":false},"featured_media":0,"template":"","meta":{"site-sidebar-layout":"default","site-content-layout":"default","ast-global-header-display":"","ast-main-header-display":"","ast-hfb-above-header-display":"","ast-hfb-below-header-display":"","ast-hfb-mobile-header-display":"","site-post-title":"","ast-breadcrumbs-content":"","ast-featured-img":"","footer-sml-layout":"","theme-transparent-header-meta":"","adv-header-id-meta":"","stick-header-meta":"","header-above-stick-meta":"","header-main-stick-meta":"","header-below-stick-meta":""},"pwb-brand":[108],"product_cat":[57],"product_tag":[],"class_list":{"0":"post-82407","1":"product","2":"type-product","3":"status-publish","5":"pwb-brand-ate","6":"product_cat-jarrusatula-korjaussarja","7":"desktop-align-left","8":"tablet-align-left","9":"mobile-align-left","11":"first","12":"instock","13":"product-type-external"},"brands":[{"id":108,"name":"ATE","slug":"ate"}],"_links":{"self":[{"href":"https:\/\/www.autonvaraosahaku.fi\/index.php?rest_route=\/wp\/v2\/product\/82407","targetHints":{"allow":["GET"]}}],"collection":[{"href":"https:\/\/www.autonvaraosahaku.fi\/index.php?rest_route=\/wp\/v2\/product"}],"about":[{"href":"https:\/\/www.autonvaraosahaku.fi\/index.php?rest_route=\/wp\/v2\/types\/product"}],"wp:attachment":[{"href":"https:\/\/www.autonvaraosahaku.fi\/index.php?rest_route=%2Fwp%2Fv2%2Fmedia&parent=82407"}],"wp:term":[{"taxonomy":"pwb-brand","embeddable":true,"href":"https:\/\/www.autonvaraosahaku.fi\/index.php?rest_route=%2Fwp%2Fv2%2Fpwb-brand&post=82407"},{"taxonomy":"product_cat","embeddable":true,"href":"https:\/\/www.autonvaraosahaku.fi\/index.php?rest_route=%2Fwp%2Fv2%2Fproduct_cat&post=82407"},{"taxonomy":"product_tag","embeddable":true,"href":"https:\/\/www.autonvaraosahaku.fi\/index.php?rest_route=%2Fwp%2Fv2%2Fproduct_tag&post=82407"}],"curies":[{"name":"wp","href":"https:\/\/api.w.org\/{rel}","templated":true}]}}