{"id":82416,"date":"2021-02-21T20:22:53","date_gmt":"2021-02-21T20:22:53","guid":{"rendered":"https:\/\/www.autonvaraosahaku.fi\/?product=ae-v94201-pakoventtiili"},"modified":"2021-02-21T20:22:56","modified_gmt":"2021-02-21T20:22:56","slug":"ae-v94201-pakoventtiili","status":"publish","type":"product","link":"https:\/\/www.autonvaraosahaku.fi\/?product=ae-v94201-pakoventtiili","title":{"rendered":"AE V94201 Pakoventtiili"},"content":{"rendered":"<p>Pituus (mm): 103,600; Materiaali: Bimetalli, Kromi-mangani-nikkeliter\u00e4s; Korvaava tuote\/korvaava tiedote 2: venttiilinvarsi kromattu, Stelliittik\u00e4sitelty venttiilinistukka, Venttilivarren p\u00e4\u00e4 karkaistu; Venttiililautasen l\u00e4pimitta [mm]: 29,000; Venttiilinvarren l\u00e4pimitta [mm]: 6,000; venttiiliistukan kulma [astetta]: 45; Venttiilivarsimateriaali: Kromi-siliciumter\u00e4s; Moottorinumero: EW10A (RFJ); LANCIA: PHEDRA 179,ZETA 220; FIAT: ULYSSE 179AX,ULYSSE 220,SCUDO Kasten 220L,SCUDO Combinato 220P; CITRO\u00cbN: XSARA PICASSO N68,C5 III Break TD_,C4 Picasso I UD_,C4 Grand Picasso I UA_,C8 EA_, EB_,C4 I LC_,C5 II Break RE_,C5 I DC_,C5 I Break DE_,C5 III RD_,XSARA N1,C4 Coupe LA_,C4 II B7,C5 II RC_,XSARA Break N2,JUMPY,XSARA Coupe N0,EVASION 22, U6,C4 Stufenheck L,JUMPY U6U,JUMPY Kasten BS_, BT_, BY_, BZ_,JUMPY Pritsche\/Fahrgestell BU_, BV_, BW_, BX_,C4 Stufenheck N; PEUGEOT: 206 Schr\u00e4gheck 2A\/C,206 CC 2D,307 SW 3H,307 CC 3B,407 SW 6E_,307 3A\/C,308 SW,206 SW 2E\/K,807 E,308 4A_, 4C_,307 Break 3E,607 9D, 9U,407 6D_,406 Break 8E\/F,308 CC,406 Coupe 8C,406 8B,806 221,EXPERT Tepee VF3V_,EXPERT Kasten VF3A_, VF3U_, VF3X_,307 Stufenheck,EXPERT Kasten 222,EXPERT 224,408; 094999, 9636001780, 9636001780, 094999<\/p>\n","protected":false},"excerpt":{"rendered":"<p>AE Pakoventtiili V94201  LANCIA,FIAT,CITRO\u00cbN,PHEDRA 179,ZETA 220,ULYSSE 179AX,ULYSSE 220,SCUDO Kasten 220L,SCUDO Combinato 220P,XSARA PICASSO N68<\/p>\n","protected":false},"featured_media":0,"template":"","meta":{"site-sidebar-layout":"default","site-content-layout":"default","ast-global-header-display":"","ast-main-header-display":"","ast-hfb-above-header-display":"","ast-hfb-below-header-display":"","ast-hfb-mobile-header-display":"","site-post-title":"","ast-breadcrumbs-content":"","ast-featured-img":"","footer-sml-layout":"","theme-transparent-header-meta":"","adv-header-id-meta":"","stick-header-meta":"","header-above-stick-meta":"","header-main-stick-meta":"","header-below-stick-meta":""},"pwb-brand":[190],"product_cat":[209],"product_tag":[],"class_list":{"0":"post-82416","1":"product","2":"type-product","3":"status-publish","5":"pwb-brand-ae","6":"product_cat-pakoventtiili","7":"desktop-align-left","8":"tablet-align-left","9":"mobile-align-left","11":"first","12":"instock","13":"product-type-external"},"brands":[{"id":190,"name":"AE","slug":"ae"}],"_links":{"self":[{"href":"https:\/\/www.autonvaraosahaku.fi\/index.php?rest_route=\/wp\/v2\/product\/82416","targetHints":{"allow":["GET"]}}],"collection":[{"href":"https:\/\/www.autonvaraosahaku.fi\/index.php?rest_route=\/wp\/v2\/product"}],"about":[{"href":"https:\/\/www.autonvaraosahaku.fi\/index.php?rest_route=\/wp\/v2\/types\/product"}],"wp:attachment":[{"href":"https:\/\/www.autonvaraosahaku.fi\/index.php?rest_route=%2Fwp%2Fv2%2Fmedia&parent=82416"}],"wp:term":[{"taxonomy":"pwb-brand","embeddable":true,"href":"https:\/\/www.autonvaraosahaku.fi\/index.php?rest_route=%2Fwp%2Fv2%2Fpwb-brand&post=82416"},{"taxonomy":"product_cat","embeddable":true,"href":"https:\/\/www.autonvaraosahaku.fi\/index.php?rest_route=%2Fwp%2Fv2%2Fproduct_cat&post=82416"},{"taxonomy":"product_tag","embeddable":true,"href":"https:\/\/www.autonvaraosahaku.fi\/index.php?rest_route=%2Fwp%2Fv2%2Fproduct_tag&post=82416"}],"curies":[{"name":"wp","href":"https:\/\/api.w.org\/{rel}","templated":true}]}}