{"id":82432,"date":"2021-02-21T20:23:01","date_gmt":"2021-02-21T20:23:01","guid":{"rendered":"https:\/\/www.autonvaraosahaku.fi\/?product=reinz-71-53941-00-imusarjan-tiivisteet"},"modified":"2021-02-21T20:23:02","modified_gmt":"2021-02-21T20:23:02","slug":"reinz-71-53941-00-imusarjan-tiivisteet","status":"publish","type":"product","link":"https:\/\/www.autonvaraosahaku.fi\/?product=reinz-71-53941-00-imusarjan-tiivisteet","title":{"rendered":"REINZ 71-53941-00 Imusarjan tiivisteet"},"content":{"rendered":"<p>Tarvittava kappalem\u00e4\u00e4r\u00e4: 2; SUBARU: FORESTER SG,FORESTER SH,FORESTER SF,IMPREZA Stufenheck GD,LEGACY IV Station Wagon BL, BP, B13_,IMPREZA Schr\u00e4gheck GR, GH, G3,IMPREZA Station Wagon GG,IMPREZA Stufenheck GC,IMPREZA Station Wagon GF,LEGACY IV BL, BP,LEGACY V Station Wagon BM, BR,IMPREZA Stufenheck GR,LEGACY V BM, BR; 14035AA421; Tiiviste, Imusarja<\/p>\n","protected":false},"excerpt":{"rendered":"<p>REINZ Imusarjan Tiivisteet 71-53941-00 Tiiviste, Imusarja SUBARU,FORESTER SG,FORESTER SH,FORESTER SF,IMPREZA Stufenheck GD<\/p>\n","protected":false},"featured_media":0,"template":"","meta":{"site-sidebar-layout":"default","site-content-layout":"default","ast-global-header-display":"","ast-main-header-display":"","ast-hfb-above-header-display":"","ast-hfb-below-header-display":"","ast-hfb-mobile-header-display":"","site-post-title":"","ast-breadcrumbs-content":"","ast-featured-img":"","footer-sml-layout":"","theme-transparent-header-meta":"","adv-header-id-meta":"","stick-header-meta":"","header-above-stick-meta":"","header-main-stick-meta":"","header-below-stick-meta":""},"pwb-brand":[138],"product_cat":[43],"product_tag":[],"class_list":{"0":"post-82432","1":"product","2":"type-product","3":"status-publish","5":"pwb-brand-reinz","6":"product_cat-imusarjan-tiivisteet","7":"desktop-align-left","8":"tablet-align-left","9":"mobile-align-left","11":"first","12":"instock","13":"product-type-external"},"brands":[{"id":138,"name":"REINZ","slug":"reinz"}],"_links":{"self":[{"href":"https:\/\/www.autonvaraosahaku.fi\/index.php?rest_route=\/wp\/v2\/product\/82432","targetHints":{"allow":["GET"]}}],"collection":[{"href":"https:\/\/www.autonvaraosahaku.fi\/index.php?rest_route=\/wp\/v2\/product"}],"about":[{"href":"https:\/\/www.autonvaraosahaku.fi\/index.php?rest_route=\/wp\/v2\/types\/product"}],"wp:attachment":[{"href":"https:\/\/www.autonvaraosahaku.fi\/index.php?rest_route=%2Fwp%2Fv2%2Fmedia&parent=82432"}],"wp:term":[{"taxonomy":"pwb-brand","embeddable":true,"href":"https:\/\/www.autonvaraosahaku.fi\/index.php?rest_route=%2Fwp%2Fv2%2Fpwb-brand&post=82432"},{"taxonomy":"product_cat","embeddable":true,"href":"https:\/\/www.autonvaraosahaku.fi\/index.php?rest_route=%2Fwp%2Fv2%2Fproduct_cat&post=82432"},{"taxonomy":"product_tag","embeddable":true,"href":"https:\/\/www.autonvaraosahaku.fi\/index.php?rest_route=%2Fwp%2Fv2%2Fproduct_tag&post=82432"}],"curies":[{"name":"wp","href":"https:\/\/api.w.org\/{rel}","templated":true}]}}