{"id":82433,"date":"2021-02-21T20:23:01","date_gmt":"2021-02-21T20:23:01","guid":{"rendered":"https:\/\/www.autonvaraosahaku.fi\/?product=ate-24-5298-0322-3-jarruletku"},"modified":"2021-02-21T20:23:02","modified_gmt":"2021-02-21T20:23:02","slug":"ate-24-5298-0322-3-jarruletku","status":"publish","type":"product","link":"https:\/\/www.autonvaraosahaku.fi\/?product=ate-24-5298-0322-3-jarruletku","title":{"rendered":"ATE 24.5298-0322.3 Jarruletku"},"content":{"rendered":"<p>Pituus (mm): 322; Laipan sis\u00e4l\u00e4pimitta [mm]: 10; Korvaava tuote\/korvaava tiedote 2: ilman reik\u00e4ruuvia; Sis\u00e4kierre (mm): M10x1; MAPP-koodi saatavilla: ; Avainv\u00e4li 1 [mm]: 17; Alustanumerosta: G2502697; SAAB: 9-3 YS3D,9-3 Cabriolet YS3D,900 II Cabriolet,900 II,900 II Coupe; OPEL: ASTRA F CC 53_, 54_, 58_, 59_,ASTRA F Caravan 51_, 52_,CALIBRA A 85_,VECTRA A 86_, 87_,ASTRA F Cabriolet 53_B,ASTRA F 56_, 57_,KADETT E CC 33_, 34_, 43_, 44_,VECTRA A CC 88_, 89_,KADETT E Cabriolet 43B_,ASCONA C 81_, 86_, 87_, 88_,ASTRA F CLASSIC CC,ASTRA F CLASSIC Stufenheck,ASTRA F CLASSIC Caravan,KADETT E 39_, 49_,ASCONA C CC 84_, 89_,KADETT E Caravan 35_, 36_, 45_, 46_,ASTRA F Van 55_,KADETT E Kasten 37_, 47_,KADETT E Combo 38_, 48_; VAUXHALL: CALIBRA,ASTRA Mk III F CC,ASTRA Mk II CC,CAVALIER Mk III 87,ASTRA Mk III F Estate,CAVALIER Mk III CC,ASTRAVAN Mk III F,CAVALIER Mk II CC; 562345, 562350, 562358, 90235568, 90374106, 90468319, 4241444, 562345, 562350, 562358, 90235568, 90374106, 90468319<\/p>\n","protected":false},"excerpt":{"rendered":"<p>ATE Jarruletku 24.5298-0322.3  SAAB,OPEL,VAUXHALL,9-3 YS3D,9-3 Cabriolet YS3D,900 II Cabriolet,900 II,900 II Coupe,ASTRA F CC 53_, 54_, 58_, 59_<\/p>\n","protected":false},"featured_media":0,"template":"","meta":{"site-sidebar-layout":"default","site-content-layout":"default","ast-global-header-display":"","ast-main-header-display":"","ast-hfb-above-header-display":"","ast-hfb-below-header-display":"","ast-hfb-mobile-header-display":"","site-post-title":"","ast-breadcrumbs-content":"","ast-featured-img":"","footer-sml-layout":"","theme-transparent-header-meta":"","adv-header-id-meta":"","stick-header-meta":"","header-above-stick-meta":"","header-main-stick-meta":"","header-below-stick-meta":""},"pwb-brand":[108],"product_cat":[70],"product_tag":[],"class_list":{"0":"post-82433","1":"product","2":"type-product","3":"status-publish","5":"pwb-brand-ate","6":"product_cat-jarruletku","7":"desktop-align-left","8":"tablet-align-left","9":"mobile-align-left","11":"first","12":"instock","13":"product-type-external"},"brands":[{"id":108,"name":"ATE","slug":"ate"}],"_links":{"self":[{"href":"https:\/\/www.autonvaraosahaku.fi\/index.php?rest_route=\/wp\/v2\/product\/82433","targetHints":{"allow":["GET"]}}],"collection":[{"href":"https:\/\/www.autonvaraosahaku.fi\/index.php?rest_route=\/wp\/v2\/product"}],"about":[{"href":"https:\/\/www.autonvaraosahaku.fi\/index.php?rest_route=\/wp\/v2\/types\/product"}],"wp:attachment":[{"href":"https:\/\/www.autonvaraosahaku.fi\/index.php?rest_route=%2Fwp%2Fv2%2Fmedia&parent=82433"}],"wp:term":[{"taxonomy":"pwb-brand","embeddable":true,"href":"https:\/\/www.autonvaraosahaku.fi\/index.php?rest_route=%2Fwp%2Fv2%2Fpwb-brand&post=82433"},{"taxonomy":"product_cat","embeddable":true,"href":"https:\/\/www.autonvaraosahaku.fi\/index.php?rest_route=%2Fwp%2Fv2%2Fproduct_cat&post=82433"},{"taxonomy":"product_tag","embeddable":true,"href":"https:\/\/www.autonvaraosahaku.fi\/index.php?rest_route=%2Fwp%2Fv2%2Fproduct_tag&post=82433"}],"curies":[{"name":"wp","href":"https:\/\/api.w.org\/{rel}","templated":true}]}}