{"id":82436,"date":"2021-02-21T20:23:01","date_gmt":"2021-02-21T20:23:01","guid":{"rendered":"https:\/\/www.autonvaraosahaku.fi\/?product=topran-109-015-jaahdyttimen-letku"},"modified":"2021-02-21T20:23:03","modified_gmt":"2021-02-21T20:23:03","slug":"topran-109-015-jaahdyttimen-letku","status":"publish","type":"product","link":"https:\/\/www.autonvaraosahaku.fi\/?product=topran-109-015-jaahdyttimen-letku","title":{"rendered":"TOPRAN 109 015 J\u00e4\u00e4hdyttimen letku"},"content":{"rendered":"<p>Materiaali: Kumi kudosvahvikkeella; J\u00e4\u00e4hdytysjohto: Nesteputkesta vesipumppuun; Valmistusvuosi alkaen: 10\/1993; VW: GOLF III 1H1,PASSAT Variant 3A5, 35I,GOLF III Variant 1H5,PASSAT 3A2, 35I,POLO CLASSIC 6KV2,VENTO 1H2; SEAT: IBIZA II 6K1,CORDOBA 6K1, 6K2,TOLEDO I 1L; 037121063A, 037121063A<\/p>\n","protected":false},"excerpt":{"rendered":"<p>TOPRAN J\u00e4\u00e4hdyttimen Letku 109 015  VW,SEAT,GOLF III 1H1,PASSAT Variant 3A5, 35I,GOLF III Variant 1H5,PASSAT 3A2, 35I,POLO CLASSIC 6KV2,VENTO 1H2<\/p>\n","protected":false},"featured_media":0,"template":"","meta":{"site-sidebar-layout":"default","site-content-layout":"default","ast-global-header-display":"","ast-main-header-display":"","ast-hfb-above-header-display":"","ast-hfb-below-header-display":"","ast-hfb-mobile-header-display":"","site-post-title":"","ast-breadcrumbs-content":"","ast-featured-img":"","footer-sml-layout":"","theme-transparent-header-meta":"","adv-header-id-meta":"","stick-header-meta":"","header-above-stick-meta":"","header-main-stick-meta":"","header-below-stick-meta":""},"pwb-brand":[18],"product_cat":[206],"product_tag":[],"class_list":{"0":"post-82436","1":"product","2":"type-product","3":"status-publish","5":"pwb-brand-topran","6":"product_cat-jaahdyttimen-letku","7":"desktop-align-left","8":"tablet-align-left","9":"mobile-align-left","11":"first","12":"instock","13":"product-type-external"},"brands":[{"id":18,"name":"TOPRAN","slug":"topran"}],"_links":{"self":[{"href":"https:\/\/www.autonvaraosahaku.fi\/index.php?rest_route=\/wp\/v2\/product\/82436","targetHints":{"allow":["GET"]}}],"collection":[{"href":"https:\/\/www.autonvaraosahaku.fi\/index.php?rest_route=\/wp\/v2\/product"}],"about":[{"href":"https:\/\/www.autonvaraosahaku.fi\/index.php?rest_route=\/wp\/v2\/types\/product"}],"wp:attachment":[{"href":"https:\/\/www.autonvaraosahaku.fi\/index.php?rest_route=%2Fwp%2Fv2%2Fmedia&parent=82436"}],"wp:term":[{"taxonomy":"pwb-brand","embeddable":true,"href":"https:\/\/www.autonvaraosahaku.fi\/index.php?rest_route=%2Fwp%2Fv2%2Fpwb-brand&post=82436"},{"taxonomy":"product_cat","embeddable":true,"href":"https:\/\/www.autonvaraosahaku.fi\/index.php?rest_route=%2Fwp%2Fv2%2Fproduct_cat&post=82436"},{"taxonomy":"product_tag","embeddable":true,"href":"https:\/\/www.autonvaraosahaku.fi\/index.php?rest_route=%2Fwp%2Fv2%2Fproduct_tag&post=82436"}],"curies":[{"name":"wp","href":"https:\/\/api.w.org\/{rel}","templated":true}]}}