{"id":82440,"date":"2021-02-21T20:23:01","date_gmt":"2021-02-21T20:23:01","guid":{"rendered":"https:\/\/www.autonvaraosahaku.fi\/?product=topran-108-847-kaasulappakotelo"},"modified":"2021-02-21T20:23:04","modified_gmt":"2021-02-21T20:23:04","slug":"topran-108-847-kaasulappakotelo","status":"publish","type":"product","link":"https:\/\/www.autonvaraosahaku.fi\/?product=topran-108-847-kaasulappakotelo","title":{"rendered":"TOPRAN 108 847 Kaasul\u00e4pp\u00e4kotelo"},"content":{"rendered":"<p>Napojen m\u00e4\u00e4r\u00e4: 4; K\u00e4ytt\u00f6: S\u00e4hk\u00f6inen; Huomioi ajoneuvovalmistajan vaatimukset: ; Moottorinumero: PM; VW: GOLF III 1H1,GOLF II 19E, 1G1,PASSAT Variant 3A5, 35I,GOLF III Variant 1H5,POLO 86C, 80,PASSAT 3A2, 35I,POLO CLASSIC 6KV2,VENTO 1H2,JETTA II 19E, 1G2, 165,POLO CLASSIC 86C, 80; AUDI: 80 8C, B4,100 4A, C4,80 Avant 8C, B4,100 44, 44Q, C3,100 Avant 4A, C4; SEAT: IBIZA II 6K1,TOLEDO I 1L; CITRO\u00cbN: AX ZA-_,ZX N2,ZX Break N2; PEUGEOT: 306 Schr\u00e4gheck 7A, 7C, N3, N5,106 I 1A, 1C,205 II 20A\/C,306 7B, N3, N5; 051133031, 1920F8, 1920F8, 051133031, 051133031<\/p>\n","protected":false},"excerpt":{"rendered":"<p>TOPRAN S\u00e4\u00e4t\u00f6elementti, Kaasul\u00e4pp\u00e4 108 847  VW,AUDI,SEAT,GOLF III 1H1,GOLF II 19E, 1G1,PASSAT Variant 3A5, 35I,GOLF III Variant 1H5,POLO 86C, 80<\/p>\n","protected":false},"featured_media":0,"template":"","meta":{"site-sidebar-layout":"default","site-content-layout":"default","ast-global-header-display":"","ast-main-header-display":"","ast-hfb-above-header-display":"","ast-hfb-below-header-display":"","ast-hfb-mobile-header-display":"","site-post-title":"","ast-breadcrumbs-content":"","ast-featured-img":"","footer-sml-layout":"","theme-transparent-header-meta":"","adv-header-id-meta":"","stick-header-meta":"","header-above-stick-meta":"","header-main-stick-meta":"","header-below-stick-meta":""},"pwb-brand":[18],"product_cat":[277],"product_tag":[],"class_list":{"0":"post-82440","1":"product","2":"type-product","3":"status-publish","5":"pwb-brand-topran","6":"product_cat-kaasulappakotelo","7":"desktop-align-left","8":"tablet-align-left","9":"mobile-align-left","11":"first","12":"instock","13":"product-type-external"},"brands":[{"id":18,"name":"TOPRAN","slug":"topran"}],"_links":{"self":[{"href":"https:\/\/www.autonvaraosahaku.fi\/index.php?rest_route=\/wp\/v2\/product\/82440","targetHints":{"allow":["GET"]}}],"collection":[{"href":"https:\/\/www.autonvaraosahaku.fi\/index.php?rest_route=\/wp\/v2\/product"}],"about":[{"href":"https:\/\/www.autonvaraosahaku.fi\/index.php?rest_route=\/wp\/v2\/types\/product"}],"wp:attachment":[{"href":"https:\/\/www.autonvaraosahaku.fi\/index.php?rest_route=%2Fwp%2Fv2%2Fmedia&parent=82440"}],"wp:term":[{"taxonomy":"pwb-brand","embeddable":true,"href":"https:\/\/www.autonvaraosahaku.fi\/index.php?rest_route=%2Fwp%2Fv2%2Fpwb-brand&post=82440"},{"taxonomy":"product_cat","embeddable":true,"href":"https:\/\/www.autonvaraosahaku.fi\/index.php?rest_route=%2Fwp%2Fv2%2Fproduct_cat&post=82440"},{"taxonomy":"product_tag","embeddable":true,"href":"https:\/\/www.autonvaraosahaku.fi\/index.php?rest_route=%2Fwp%2Fv2%2Fproduct_tag&post=82440"}],"curies":[{"name":"wp","href":"https:\/\/api.w.org\/{rel}","templated":true}]}}