{"id":82441,"date":"2021-02-21T20:23:01","date_gmt":"2021-02-21T20:23:01","guid":{"rendered":"https:\/\/www.autonvaraosahaku.fi\/?product=luk-600-0173-00-kytkinpaketti"},"modified":"2021-02-21T20:23:05","modified_gmt":"2021-02-21T20:23:05","slug":"luk-600-0173-00-kytkinpaketti","status":"publish","type":"product","link":"https:\/\/www.autonvaraosahaku.fi\/?product=luk-600-0173-00-kytkinpaketti","title":{"rendered":"LuK 600 0173 00 Kytkinpaketti"},"content":{"rendered":"<p>Lis\u00e4tarvike\/lis\u00e4tieto: Irroitusmekanismilla, ilman ohjauslaakeria; Korvaava tuote\/korvaava tiedote 2: Vauhtipy\u00f6r\u00e4ll\u00e4, Ruuvisarjalla, Erikoisty\u00f6kalu tarpeen asennuksessa, Kaksoismassavauhtipy\u00f6r\u00e4 kitka-ohjauslevyll\u00e4; J\u00e4lkis\u00e4\u00e4t\u00f6: Automaattisella s\u00e4\u00e4d\u00f6ll\u00e4; Kiinnitysreikien lukum\u00e4\u00e4r\u00e4: 8, 8; suurin p\u00e4\u00e4st\u00f6kulma [Grad]: 18; Hammaslukum\u00e4\u00e4r\u00e4 (suurimman p\u00e4\u00e4st\u00f6kulman ilmoitus): 6; suurin heitto [mm]: 1,6; Tuotelinja: BR 0241; Vaihteistomalli: Schaltgetriebe 6 Gang; FORD: TRANSIT MK-7 Kasten,TRANSIT MK-7 Bus,TRANSIT Kasten FA_ _,TRANSIT Bus FD_ _, FB_ _, FS_ _, FZ_ _, FC_ _,TRANSIT MK-7 Pritsche\/Fahrgestell,TRANSIT Pritsche\/Fahrgestell FM_ _, FN_ _; 1468026, 1506811, 1512849, 1512917, 1524561, 1675978, 1732558, 1748420, 1775485, 1824839, 1858770, 2019956, 2123162, 4543504, 4568121, 4595194, 4606933, 4655337, 4C116477BA, 4C116477DA, 4C116477DB, 4C117540AC, 4C117540AD, 4C117540AE, 4C117540AF, 4C117540AG, 4C117C559AA, 4C117C559AB, 4C117C559AC, 4C117C559AD, 4C117C559AE, 4C117C559AF, 4C117C559AG, 4C117C559AH, 4C117C625AA, RM4C117540AG; Kytkinsarja<\/p>\n","protected":false},"excerpt":{"rendered":"<p>LuK Kytkinpaketti 600 0173 00 Kytkinsarja FORD,TRANSIT MK-7 Kasten,TRANSIT MK-7 Bus,TRANSIT Kasten FA_ _,TRANSIT Bus FD_ _, FB_ _, FS_ _, FZ_ _, FC_ _<\/p>\n","protected":false},"featured_media":0,"template":"","meta":{"site-sidebar-layout":"default","site-content-layout":"default","ast-global-header-display":"","ast-main-header-display":"","ast-hfb-above-header-display":"","ast-hfb-below-header-display":"","ast-hfb-mobile-header-display":"","site-post-title":"","ast-breadcrumbs-content":"","ast-featured-img":"","footer-sml-layout":"","theme-transparent-header-meta":"","adv-header-id-meta":"","stick-header-meta":"","header-above-stick-meta":"","header-main-stick-meta":"","header-below-stick-meta":""},"pwb-brand":[20],"product_cat":[21],"product_tag":[],"class_list":{"0":"post-82441","1":"product","2":"type-product","3":"status-publish","5":"pwb-brand-luk","6":"product_cat-kytkinpaketti","7":"desktop-align-left","8":"tablet-align-left","9":"mobile-align-left","11":"first","12":"instock","13":"product-type-external"},"brands":[{"id":20,"name":"LuK","slug":"luk"}],"_links":{"self":[{"href":"https:\/\/www.autonvaraosahaku.fi\/index.php?rest_route=\/wp\/v2\/product\/82441","targetHints":{"allow":["GET"]}}],"collection":[{"href":"https:\/\/www.autonvaraosahaku.fi\/index.php?rest_route=\/wp\/v2\/product"}],"about":[{"href":"https:\/\/www.autonvaraosahaku.fi\/index.php?rest_route=\/wp\/v2\/types\/product"}],"wp:attachment":[{"href":"https:\/\/www.autonvaraosahaku.fi\/index.php?rest_route=%2Fwp%2Fv2%2Fmedia&parent=82441"}],"wp:term":[{"taxonomy":"pwb-brand","embeddable":true,"href":"https:\/\/www.autonvaraosahaku.fi\/index.php?rest_route=%2Fwp%2Fv2%2Fpwb-brand&post=82441"},{"taxonomy":"product_cat","embeddable":true,"href":"https:\/\/www.autonvaraosahaku.fi\/index.php?rest_route=%2Fwp%2Fv2%2Fproduct_cat&post=82441"},{"taxonomy":"product_tag","embeddable":true,"href":"https:\/\/www.autonvaraosahaku.fi\/index.php?rest_route=%2Fwp%2Fv2%2Fproduct_tag&post=82441"}],"curies":[{"name":"wp","href":"https:\/\/api.w.org\/{rel}","templated":true}]}}