{"id":8245,"date":"2021-02-21T14:02:30","date_gmt":"2021-02-21T14:02:30","guid":{"rendered":"https:\/\/www.autonvaraosahaku.fi\/?product=master-sport-557839-pcs-ms-iskunvaimennin"},"modified":"2021-02-21T14:02:31","modified_gmt":"2021-02-21T14:02:31","slug":"master-sport-557839-pcs-ms-iskunvaimennin","status":"publish","type":"product","link":"https:\/\/www.autonvaraosahaku.fi\/?product=master-sport-557839-pcs-ms-iskunvaimennin","title":{"rendered":"MASTER-SPORT 557839-PCS-MS Iskunvaimennin"},"content":{"rendered":"<p>Asennuspuoli: Etuakseli; Iskunvaimennin tyyppi: Kaasupaine; Iskunvaimennin asennustapa: Tappi ylh\u00e4\u00e4ll\u00e4, Haarukka alhaalla; Iskunvaimennusj\u00e4rjestelm\u00e4: Kaksiputki; Lukum\u00e4\u00e4r\u00e4 akselille: 2; Suositellun tarvikkeen tuotenumero: 180053800; Nettopaino [kg]: 2,16; Bruttopaino [kg]: 2,48; Alustarakenne: f\u00fcr Fahrzeuge mit Sportfahrwerk; VW: PASSAT Variant 3B6,PASSAT Variant 3B5,PASSAT 3B2,PASSAT 3B3; AUDI: A4 8D2, B5,A6 Avant 4B5, C5,A4 Avant 8D5, B5,A6 4B2, C5,TT Roadster 8N9; SKODA: SUPERB 3U4; 4B0412031BM, 4B0412031BN, 4B0412031CB, 8D0413031BL, 8D0413031BN, 3B0413031S, 4B0412031BM, 4B0412031BN; Iskarit,Iskunvaimennin<\/p>\n","protected":false},"excerpt":{"rendered":"<p>MASTER-SPORT Iskunvaimentimet 557839-PCS-MS Iskarit,Iskunvaimennin VW,AUDI,SKODA,PASSAT Variant 3B6,PASSAT Variant 3B5,PASSAT 3B2,PASSAT 3B3<\/p>\n","protected":false},"featured_media":0,"template":"","meta":{"site-sidebar-layout":"default","site-content-layout":"default","ast-global-header-display":"","ast-main-header-display":"","ast-hfb-above-header-display":"","ast-hfb-below-header-display":"","ast-hfb-mobile-header-display":"","site-post-title":"","ast-breadcrumbs-content":"","ast-featured-img":"","footer-sml-layout":"","theme-transparent-header-meta":"","adv-header-id-meta":"","stick-header-meta":"","header-above-stick-meta":"","header-main-stick-meta":"","header-below-stick-meta":""},"pwb-brand":[61],"product_cat":[80],"product_tag":[],"class_list":{"0":"post-8245","1":"product","2":"type-product","3":"status-publish","5":"pwb-brand-master-sport","6":"product_cat-iskunvaimennin","7":"desktop-align-left","8":"tablet-align-left","9":"mobile-align-left","11":"first","12":"instock","13":"product-type-external"},"brands":[{"id":61,"name":"MASTER-SPORT","slug":"master-sport"}],"_links":{"self":[{"href":"https:\/\/www.autonvaraosahaku.fi\/index.php?rest_route=\/wp\/v2\/product\/8245","targetHints":{"allow":["GET"]}}],"collection":[{"href":"https:\/\/www.autonvaraosahaku.fi\/index.php?rest_route=\/wp\/v2\/product"}],"about":[{"href":"https:\/\/www.autonvaraosahaku.fi\/index.php?rest_route=\/wp\/v2\/types\/product"}],"wp:attachment":[{"href":"https:\/\/www.autonvaraosahaku.fi\/index.php?rest_route=%2Fwp%2Fv2%2Fmedia&parent=8245"}],"wp:term":[{"taxonomy":"pwb-brand","embeddable":true,"href":"https:\/\/www.autonvaraosahaku.fi\/index.php?rest_route=%2Fwp%2Fv2%2Fpwb-brand&post=8245"},{"taxonomy":"product_cat","embeddable":true,"href":"https:\/\/www.autonvaraosahaku.fi\/index.php?rest_route=%2Fwp%2Fv2%2Fproduct_cat&post=8245"},{"taxonomy":"product_tag","embeddable":true,"href":"https:\/\/www.autonvaraosahaku.fi\/index.php?rest_route=%2Fwp%2Fv2%2Fproduct_tag&post=8245"}],"curies":[{"name":"wp","href":"https:\/\/api.w.org\/{rel}","templated":true}]}}