{"id":82481,"date":"2021-02-21T20:23:16","date_gmt":"2021-02-21T20:23:16","guid":{"rendered":"https:\/\/www.autonvaraosahaku.fi\/?product=topran-103-036-pyorannapa"},"modified":"2021-02-21T20:23:19","modified_gmt":"2021-02-21T20:23:19","slug":"topran-103-036-pyorannapa","status":"publish","type":"product","link":"https:\/\/www.autonvaraosahaku.fi\/?product=topran-103-036-pyorannapa","title":{"rendered":"TOPRAN 103 036 Py\u00f6r\u00e4nnapa"},"content":{"rendered":"<p>Asennuspuoli: etuakseli molemminpuoleinen; Vanne, aukkoja: 5; Ulkol\u00e4pimitta [mm]: 126,5, 100; Lukum\u00e4\u00e4r\u00e4 akselille: 2; Korvaava tuote\/korvaava tiedote 2: ABS-sensorirenkaalla; keskitt\u00e4misl\u00e4pimitta [mm]: 40; Jarru-\/ajodynamiikka: f\u00fcr Fahrzeuge mit ABS; VW: GOLF III 1H1,PASSAT Variant 3A5, 35I,PASSAT 3A2, 35I,VENTO 1H2; SEAT: TOLEDO I 1L; 1H0407613A, 1H0407613B, 1H0407613A, 1H0407613B; Py\u00f6r\u00e4n Napa<\/p>\n","protected":false},"excerpt":{"rendered":"<p>TOPRAN Py\u00f6r\u00e4nnapa 103 036 Py\u00f6r\u00e4n Napa VW,SEAT,GOLF III 1H1,PASSAT Variant 3A5, 35I,PASSAT 3A2, 35I,VENTO 1H2,TOLEDO I 1L<\/p>\n","protected":false},"featured_media":0,"template":"","meta":{"site-sidebar-layout":"default","site-content-layout":"default","ast-global-header-display":"","ast-main-header-display":"","ast-hfb-above-header-display":"","ast-hfb-below-header-display":"","ast-hfb-mobile-header-display":"","site-post-title":"","ast-breadcrumbs-content":"","ast-featured-img":"","footer-sml-layout":"","theme-transparent-header-meta":"","adv-header-id-meta":"","stick-header-meta":"","header-above-stick-meta":"","header-main-stick-meta":"","header-below-stick-meta":""},"pwb-brand":[18],"product_cat":[257],"product_tag":[],"class_list":{"0":"post-82481","1":"product","2":"type-product","3":"status-publish","5":"pwb-brand-topran","6":"product_cat-pyorannapa","7":"desktop-align-left","8":"tablet-align-left","9":"mobile-align-left","11":"first","12":"instock","13":"product-type-external"},"brands":[{"id":18,"name":"TOPRAN","slug":"topran"}],"_links":{"self":[{"href":"https:\/\/www.autonvaraosahaku.fi\/index.php?rest_route=\/wp\/v2\/product\/82481","targetHints":{"allow":["GET"]}}],"collection":[{"href":"https:\/\/www.autonvaraosahaku.fi\/index.php?rest_route=\/wp\/v2\/product"}],"about":[{"href":"https:\/\/www.autonvaraosahaku.fi\/index.php?rest_route=\/wp\/v2\/types\/product"}],"wp:attachment":[{"href":"https:\/\/www.autonvaraosahaku.fi\/index.php?rest_route=%2Fwp%2Fv2%2Fmedia&parent=82481"}],"wp:term":[{"taxonomy":"pwb-brand","embeddable":true,"href":"https:\/\/www.autonvaraosahaku.fi\/index.php?rest_route=%2Fwp%2Fv2%2Fpwb-brand&post=82481"},{"taxonomy":"product_cat","embeddable":true,"href":"https:\/\/www.autonvaraosahaku.fi\/index.php?rest_route=%2Fwp%2Fv2%2Fproduct_cat&post=82481"},{"taxonomy":"product_tag","embeddable":true,"href":"https:\/\/www.autonvaraosahaku.fi\/index.php?rest_route=%2Fwp%2Fv2%2Fproduct_tag&post=82481"}],"curies":[{"name":"wp","href":"https:\/\/api.w.org\/{rel}","templated":true}]}}