{"id":82489,"date":"2021-02-21T20:23:16","date_gmt":"2021-02-21T20:23:16","guid":{"rendered":"https:\/\/www.autonvaraosahaku.fi\/?product=reinz-40-76041-20-kierretulppa"},"modified":"2021-02-21T20:23:22","modified_gmt":"2021-02-21T20:23:22","slug":"reinz-40-76041-20-kierretulppa","status":"publish","type":"product","link":"https:\/\/www.autonvaraosahaku.fi\/?product=reinz-40-76041-20-kierretulppa","title":{"rendered":"REINZ 40-76041-20 Kierretulppa"},"content":{"rendered":"<p>Materiaali: FPM (fluori-kumi); Paksuus [mm]: 2; Sis\u00e4l\u00e4pimitta [mm]: 18; Ulkol\u00e4pimitta [mm]: 22; TECDOC-moottorinumero: 4804; OPEL: CORSA D,CORSA C F08, F68,ZAFIRA A F75_,ASTRA G CC F48_, F08_,ASTRA G Caravan F35_,CORSA B 73_, 78_, 79_,VECTRA C Caravan,SIGNUM,VECTRA C,AGILA A H00,VECTRA B 36_,ASTRA F CC 53_, 54_, 58_, 59_,OMEGA B Caravan 21_, 22_, 23_,OMEGA B 25_, 26_, 27_,ADAM,VECTRA C GTS,VECTRA B Caravan 31_,ASTRA G Cabriolet F67,ASTRA F Caravan 51_, 52_,FRONTERA B 6B_,ASTRA G Coupe F07_,ASTRA G Stufenheck F69_,CALIBRA A 85_,VECTRA B CC 38_,VECTRA A 86_, 87_,ASTRA F Cabriolet 53_B,ASTRA F 56_, 57_,SINTRA,CORSA D Van,FRONTERA A 5_MWL4,CORSA C Kasten F08, W5L,VECTRA A CC 88_, 89_,ASTRA G Kasten F70,CORSA B Kombi F35,CORSA E,ASTRA F Van 55_,CORSA E Van; SUZUKI: WAGON R; SAAB: 9-3 YS3D; DAEWOO: LACETTI Schr\u00e4gheck KLAN,NUBIRA Stufenheck KLAN,NUBIRA Wagon KLAN,LACETTI Stufenheck J200,TOSCA; VAUXHALL: CORSA Mk III D L_8,CALIBRA,VECTRA Mk II C CC,ZAFIRA Mk I A F75,CORSA Mk II C W5L, F08,VECTRA Mk II C Estate,ASTRA Mk IV G CC,VECTRA Mk II C,ASTRA Mk III F CC,FRONTERA Mk II B,CORSA Mk I B,SIGNUM,CORSAVAN Mk II C,ASTRA Mk IV G Sedan,OMEGA B,CORSAVAN Mk III D,AGILA Mk I A,VECTRA B CC,CAVALIER Mk III 87,VECTRA B Estate,VECTRA B,ASTRA Mk III F Estate,ASTRAVAN Mk IV G,CAVALIER Mk III CC,OMEGA B Estate,CORSA Mk IV E,ASTRAVAN Mk III F,ASTRA Mk IV G Estate; 652540, 90528145; Tiiviste, \u00d6ljynlaskutulppa<\/p>\n","protected":false},"excerpt":{"rendered":"<p>REINZ \u00d6ljytulpan Tiiviste 40-76041-20 Tiiviste, \u00d6ljynlaskutulppa OPEL,SUZUKI,SAAB,CORSA D,CORSA C F08, F68,ZAFIRA A F75_,ASTRA G CC F48_, F08_<\/p>\n","protected":false},"featured_media":0,"template":"","meta":{"site-sidebar-layout":"default","site-content-layout":"default","ast-global-header-display":"","ast-main-header-display":"","ast-hfb-above-header-display":"","ast-hfb-below-header-display":"","ast-hfb-mobile-header-display":"","site-post-title":"","ast-breadcrumbs-content":"","ast-featured-img":"","footer-sml-layout":"","theme-transparent-header-meta":"","adv-header-id-meta":"","stick-header-meta":"","header-above-stick-meta":"","header-main-stick-meta":"","header-below-stick-meta":""},"pwb-brand":[138],"product_cat":[40],"product_tag":[],"class_list":{"0":"post-82489","1":"product","2":"type-product","3":"status-publish","5":"pwb-brand-reinz","6":"product_cat-kierretulppa","7":"desktop-align-left","8":"tablet-align-left","9":"mobile-align-left","11":"first","12":"instock","13":"product-type-external"},"brands":[{"id":138,"name":"REINZ","slug":"reinz"}],"_links":{"self":[{"href":"https:\/\/www.autonvaraosahaku.fi\/index.php?rest_route=\/wp\/v2\/product\/82489","targetHints":{"allow":["GET"]}}],"collection":[{"href":"https:\/\/www.autonvaraosahaku.fi\/index.php?rest_route=\/wp\/v2\/product"}],"about":[{"href":"https:\/\/www.autonvaraosahaku.fi\/index.php?rest_route=\/wp\/v2\/types\/product"}],"wp:attachment":[{"href":"https:\/\/www.autonvaraosahaku.fi\/index.php?rest_route=%2Fwp%2Fv2%2Fmedia&parent=82489"}],"wp:term":[{"taxonomy":"pwb-brand","embeddable":true,"href":"https:\/\/www.autonvaraosahaku.fi\/index.php?rest_route=%2Fwp%2Fv2%2Fpwb-brand&post=82489"},{"taxonomy":"product_cat","embeddable":true,"href":"https:\/\/www.autonvaraosahaku.fi\/index.php?rest_route=%2Fwp%2Fv2%2Fproduct_cat&post=82489"},{"taxonomy":"product_tag","embeddable":true,"href":"https:\/\/www.autonvaraosahaku.fi\/index.php?rest_route=%2Fwp%2Fv2%2Fproduct_tag&post=82489"}],"curies":[{"name":"wp","href":"https:\/\/api.w.org\/{rel}","templated":true}]}}