{"id":82495,"date":"2021-02-21T20:23:23","date_gmt":"2021-02-21T20:23:23","guid":{"rendered":"https:\/\/www.autonvaraosahaku.fi\/?product=a-b-s-16297-jarrulevyt"},"modified":"2021-02-21T20:23:26","modified_gmt":"2021-02-21T20:23:26","slug":"a-b-s-16297-jarrulevyt","status":"publish","type":"product","link":"https:\/\/www.autonvaraosahaku.fi\/?product=a-b-s-16297-jarrulevyt","title":{"rendered":"A.B.S. 16297 Jarrulevyt"},"content":{"rendered":"<p>Ulkol\u00e4pimitta [mm]: 288; Jarrulevyn paksuus (mm): 25; V\u00e4himm\u00e4ispaksuus (mm): 21; Korkeus (mm): 55; Vanne, aukkoja: 5; Jarrulevytyyppi: Tuuletettu; keskitt\u00e4misl\u00e4pimitta [mm]: 68; Reik\u00e4ympyr\u00e4-\u00d8 [mm]: 112; Paino [kg]: 7,44; Asennuspuoli: Vorderachse; VW: SHARAN 7M8, 7M9, 7M6; SEAT: ALHAMBRA 7V8, 7V9; FORD: GALAXY WGR; 1001093, 1044569, 1045994, 1143640, 1143641, 1526686, 95VWX1125B1D, 95VWX1125BD, 95VWX1125BE, 7M0615301E, 7M0615301G, 7M0615301E, 7M0615301G; Jarrulevy<\/p>\n","protected":false},"excerpt":{"rendered":"<p>A.B.S. Jarrulevyt 16297 Jarrulevy VW,SEAT,FORD,SHARAN 7M8, 7M9, 7M6,ALHAMBRA 7V8, 7V9,GALAXY WGR<\/p>\n","protected":false},"featured_media":0,"template":"","meta":{"site-sidebar-layout":"default","site-content-layout":"default","ast-global-header-display":"","ast-main-header-display":"","ast-hfb-above-header-display":"","ast-hfb-below-header-display":"","ast-hfb-mobile-header-display":"","site-post-title":"","ast-breadcrumbs-content":"","ast-featured-img":"","footer-sml-layout":"","theme-transparent-header-meta":"","adv-header-id-meta":"","stick-header-meta":"","header-above-stick-meta":"","header-main-stick-meta":"","header-below-stick-meta":""},"pwb-brand":[326],"product_cat":[66],"product_tag":[],"class_list":{"0":"post-82495","1":"product","2":"type-product","3":"status-publish","5":"pwb-brand-a-b-s","6":"product_cat-jarrulevyt","7":"desktop-align-left","8":"tablet-align-left","9":"mobile-align-left","11":"first","12":"instock","13":"product-type-external"},"brands":[{"id":326,"name":"A.B.S.","slug":"a-b-s"}],"_links":{"self":[{"href":"https:\/\/www.autonvaraosahaku.fi\/index.php?rest_route=\/wp\/v2\/product\/82495","targetHints":{"allow":["GET"]}}],"collection":[{"href":"https:\/\/www.autonvaraosahaku.fi\/index.php?rest_route=\/wp\/v2\/product"}],"about":[{"href":"https:\/\/www.autonvaraosahaku.fi\/index.php?rest_route=\/wp\/v2\/types\/product"}],"wp:attachment":[{"href":"https:\/\/www.autonvaraosahaku.fi\/index.php?rest_route=%2Fwp%2Fv2%2Fmedia&parent=82495"}],"wp:term":[{"taxonomy":"pwb-brand","embeddable":true,"href":"https:\/\/www.autonvaraosahaku.fi\/index.php?rest_route=%2Fwp%2Fv2%2Fpwb-brand&post=82495"},{"taxonomy":"product_cat","embeddable":true,"href":"https:\/\/www.autonvaraosahaku.fi\/index.php?rest_route=%2Fwp%2Fv2%2Fproduct_cat&post=82495"},{"taxonomy":"product_tag","embeddable":true,"href":"https:\/\/www.autonvaraosahaku.fi\/index.php?rest_route=%2Fwp%2Fv2%2Fproduct_tag&post=82495"}],"curies":[{"name":"wp","href":"https:\/\/api.w.org\/{rel}","templated":true}]}}