{"id":82504,"date":"2021-02-21T20:23:23","date_gmt":"2021-02-21T20:23:23","guid":{"rendered":"https:\/\/www.autonvaraosahaku.fi\/?product=textar-98043300-jarrupalojen-kulumisen-ilmaisin"},"modified":"2021-02-21T20:23:28","modified_gmt":"2021-02-21T20:23:28","slug":"textar-98043300-jarrupalojen-kulumisen-ilmaisin","status":"publish","type":"product","link":"https:\/\/www.autonvaraosahaku.fi\/?product=textar-98043300-jarrupalojen-kulumisen-ilmaisin","title":{"rendered":"TEXTAR 98043300 Jarrupalojen kulumisen ilmaisin"},"content":{"rendered":"<p>Jarrutyyppi: Levyjarru; Pituus (mm): 915; Paino [kg]: 0,041; M\u00e4\u00e4r\u00e4: 1; Pakkauspituus [cm]: 26; Pakkausleveys [cm]: 15; Pakkauskorkeus [mm]: 1; Teknisten tietojen numero: 96990 0433 0 1; Asennuspuoli: Hinterachse; BMW: 5 F10, F18,6 Gran Coupe F06,6 Coupe F13,6 Cabriolet F12; 34356791962, 6791962; Kulumisenilmaisin, Jarrupala<\/p>\n","protected":false},"excerpt":{"rendered":"<p>TEXTAR Jarrupalojen Kulumisen Ilmaisin 98043300 Kulumisenilmaisin, Jarrupala BMW,5 F10, F18,6 Gran Coupe F06,6 Coupe F13,6 Cabriolet F12<\/p>\n","protected":false},"featured_media":0,"template":"","meta":{"site-sidebar-layout":"default","site-content-layout":"default","ast-global-header-display":"","ast-main-header-display":"","ast-hfb-above-header-display":"","ast-hfb-below-header-display":"","ast-hfb-mobile-header-display":"","site-post-title":"","ast-breadcrumbs-content":"","ast-featured-img":"","footer-sml-layout":"","theme-transparent-header-meta":"","adv-header-id-meta":"","stick-header-meta":"","header-above-stick-meta":"","header-main-stick-meta":"","header-below-stick-meta":""},"pwb-brand":[288],"product_cat":[111],"product_tag":[],"class_list":{"0":"post-82504","1":"product","2":"type-product","3":"status-publish","5":"pwb-brand-textar","6":"product_cat-jarrupalojen-kulumisen-ilmaisin","7":"desktop-align-left","8":"tablet-align-left","9":"mobile-align-left","11":"first","12":"instock","13":"product-type-external"},"brands":[{"id":288,"name":"TEXTAR","slug":"textar"}],"_links":{"self":[{"href":"https:\/\/www.autonvaraosahaku.fi\/index.php?rest_route=\/wp\/v2\/product\/82504","targetHints":{"allow":["GET"]}}],"collection":[{"href":"https:\/\/www.autonvaraosahaku.fi\/index.php?rest_route=\/wp\/v2\/product"}],"about":[{"href":"https:\/\/www.autonvaraosahaku.fi\/index.php?rest_route=\/wp\/v2\/types\/product"}],"wp:attachment":[{"href":"https:\/\/www.autonvaraosahaku.fi\/index.php?rest_route=%2Fwp%2Fv2%2Fmedia&parent=82504"}],"wp:term":[{"taxonomy":"pwb-brand","embeddable":true,"href":"https:\/\/www.autonvaraosahaku.fi\/index.php?rest_route=%2Fwp%2Fv2%2Fpwb-brand&post=82504"},{"taxonomy":"product_cat","embeddable":true,"href":"https:\/\/www.autonvaraosahaku.fi\/index.php?rest_route=%2Fwp%2Fv2%2Fproduct_cat&post=82504"},{"taxonomy":"product_tag","embeddable":true,"href":"https:\/\/www.autonvaraosahaku.fi\/index.php?rest_route=%2Fwp%2Fv2%2Fproduct_tag&post=82504"}],"curies":[{"name":"wp","href":"https:\/\/api.w.org\/{rel}","templated":true}]}}