{"id":82523,"date":"2021-02-21T20:23:31","date_gmt":"2021-02-21T20:23:31","guid":{"rendered":"https:\/\/www.autonvaraosahaku.fi\/?product=textar-92046903-jarrulevyt"},"modified":"2021-02-21T20:23:36","modified_gmt":"2021-02-21T20:23:36","slug":"textar-92046903-jarrulevyt","status":"publish","type":"product","link":"https:\/\/www.autonvaraosahaku.fi\/?product=textar-92046903-jarrulevyt","title":{"rendered":"TEXTAR 92046903 Jarrulevyt"},"content":{"rendered":"<p>Ulkol\u00e4pimitta [mm]: 251; Jarrulevyn paksuus (mm): 10; Jarrulevytyyppi: Vakiomalli; V\u00e4himm\u00e4ispaksuus (mm): 9; Korkeus (mm): 50,5; Reik\u00e4kuvio\/-m\u00e4\u00e4r\u00e4: 05\/06; Reik\u00e4ympyr\u00e4-\u00d8 [mm]: 98; keskitt\u00e4misl\u00e4pimitta [mm]: 59; Paino [kg]: 3,6; Korvaava tuote\/korvaava tiedote 2: Ilman py\u00f6r\u00e4nnapaa, Ilman py\u00f6r\u00e4nkiinnityspultteja; Pinta: pinnoitettu; Pakkauspituus [cm]: 30; Pakkausleveys [cm]: 28,5; Pakkauskorkeus [mm]: 11,5; Teknisten tietojen numero: 98200 0469 0 1 PRO; Tuotelinja: PRO; Asennuspuoli: Hinterachse; LANCIA: DELTA III 844,DELTA I 831AB0,LYBRA 839AX,THEMA 834; ALFA ROMEO: 147 937,156 Sportwagon 932,156 932,164 164; 164062610001, 60569164, 60602161, 60653479, 60658566, 60743390, 60801786, 60801787, 60811787, 71738911, 71738912, 82418684, 82439939, 82440275, 82466392, 0000060801755, 60801753, 60814804, 71772244, 7789267; Jarrulevy<\/p>\n","protected":false},"excerpt":{"rendered":"<p>TEXTAR Jarrulevyt 92046903 Jarrulevy LANCIA,ALFA ROMEO,DELTA III 844,DELTA I 831AB0,LYBRA 839AX,THEMA 834,147 937,156 Sportwagon 932,156 932,164 164<\/p>\n","protected":false},"featured_media":0,"template":"","meta":{"site-sidebar-layout":"default","site-content-layout":"default","ast-global-header-display":"","ast-main-header-display":"","ast-hfb-above-header-display":"","ast-hfb-below-header-display":"","ast-hfb-mobile-header-display":"","site-post-title":"","ast-breadcrumbs-content":"","ast-featured-img":"","footer-sml-layout":"","theme-transparent-header-meta":"","adv-header-id-meta":"","stick-header-meta":"","header-above-stick-meta":"","header-main-stick-meta":"","header-below-stick-meta":""},"pwb-brand":[288],"product_cat":[66],"product_tag":[],"class_list":{"0":"post-82523","1":"product","2":"type-product","3":"status-publish","5":"pwb-brand-textar","6":"product_cat-jarrulevyt","7":"desktop-align-left","8":"tablet-align-left","9":"mobile-align-left","11":"first","12":"instock","13":"product-type-external"},"brands":[{"id":288,"name":"TEXTAR","slug":"textar"}],"_links":{"self":[{"href":"https:\/\/www.autonvaraosahaku.fi\/index.php?rest_route=\/wp\/v2\/product\/82523","targetHints":{"allow":["GET"]}}],"collection":[{"href":"https:\/\/www.autonvaraosahaku.fi\/index.php?rest_route=\/wp\/v2\/product"}],"about":[{"href":"https:\/\/www.autonvaraosahaku.fi\/index.php?rest_route=\/wp\/v2\/types\/product"}],"wp:attachment":[{"href":"https:\/\/www.autonvaraosahaku.fi\/index.php?rest_route=%2Fwp%2Fv2%2Fmedia&parent=82523"}],"wp:term":[{"taxonomy":"pwb-brand","embeddable":true,"href":"https:\/\/www.autonvaraosahaku.fi\/index.php?rest_route=%2Fwp%2Fv2%2Fpwb-brand&post=82523"},{"taxonomy":"product_cat","embeddable":true,"href":"https:\/\/www.autonvaraosahaku.fi\/index.php?rest_route=%2Fwp%2Fv2%2Fproduct_cat&post=82523"},{"taxonomy":"product_tag","embeddable":true,"href":"https:\/\/www.autonvaraosahaku.fi\/index.php?rest_route=%2Fwp%2Fv2%2Fproduct_tag&post=82523"}],"curies":[{"name":"wp","href":"https:\/\/api.w.org\/{rel}","templated":true}]}}