{"id":82534,"date":"2021-02-21T20:23:39","date_gmt":"2021-02-21T20:23:39","guid":{"rendered":"https:\/\/www.autonvaraosahaku.fi\/?product=textar-92135303-jarrulevyt"},"modified":"2021-02-21T20:23:40","modified_gmt":"2021-02-21T20:23:40","slug":"textar-92135303-jarrulevyt","status":"publish","type":"product","link":"https:\/\/www.autonvaraosahaku.fi\/?product=textar-92135303-jarrulevyt","title":{"rendered":"TEXTAR 92135303 Jarrulevyt"},"content":{"rendered":"<p>Ulkol\u00e4pimitta [mm]: 253; Jarrulevyn paksuus (mm): 17; Jarrulevytyyppi: Tuuletettu, sis\u00e4; V\u00e4himm\u00e4ispaksuus (mm): 15; Korkeus (mm): 49,1; Reik\u00e4kuvio\/-m\u00e4\u00e4r\u00e4: 04\/08; Reik\u00e4ympyr\u00e4-\u00d8 [mm]: 100; keskitt\u00e4misl\u00e4pimitta [mm]: 60; Paino [kg]: 4,1; Korvaava tuote\/korvaava tiedote 2: Ilman py\u00f6r\u00e4nnapaa, Ilman py\u00f6r\u00e4nkiinnityspultteja; Pinta: pinnoitettu; Pakkauspituus [cm]: 30; Pakkausleveys [cm]: 28,5; Pakkauskorkeus [mm]: 11,5; Teknisten tietojen numero: 98200 1353 0 1 PRO; Tuotelinja: PRO; Asennuspuoli: Vorderachse; CHEVROLET: CRUZE; SUZUKI: WAGON R+ MM,IGNIS FH,IGNIS II,WAGON R+ EM,WAGON R; OPEL: AGILA A H00; SUBARU: JUSTY III G3X; VAUXHALL: AGILA Mk I A; 4706749, 4707288, 93176389, 93179462, 5531184E00, 5531184E01, 5531186G02, 5531186G02000, 5531186G02L00; Jarrulevy<\/p>\n","protected":false},"excerpt":{"rendered":"<p>TEXTAR Jarrulevyt 92135303 Jarrulevy CHEVROLET,SUZUKI,OPEL,CRUZE,WAGON R+ MM,IGNIS FH,IGNIS II,WAGON R+ EM,WAGON R,AGILA A H00,JUSTY III G3X<\/p>\n","protected":false},"featured_media":0,"template":"","meta":{"site-sidebar-layout":"default","site-content-layout":"default","ast-global-header-display":"","ast-main-header-display":"","ast-hfb-above-header-display":"","ast-hfb-below-header-display":"","ast-hfb-mobile-header-display":"","site-post-title":"","ast-breadcrumbs-content":"","ast-featured-img":"","footer-sml-layout":"","theme-transparent-header-meta":"","adv-header-id-meta":"","stick-header-meta":"","header-above-stick-meta":"","header-main-stick-meta":"","header-below-stick-meta":""},"pwb-brand":[288],"product_cat":[66],"product_tag":[],"class_list":{"0":"post-82534","1":"product","2":"type-product","3":"status-publish","5":"pwb-brand-textar","6":"product_cat-jarrulevyt","7":"desktop-align-left","8":"tablet-align-left","9":"mobile-align-left","11":"first","12":"instock","13":"product-type-external"},"brands":[{"id":288,"name":"TEXTAR","slug":"textar"}],"_links":{"self":[{"href":"https:\/\/www.autonvaraosahaku.fi\/index.php?rest_route=\/wp\/v2\/product\/82534","targetHints":{"allow":["GET"]}}],"collection":[{"href":"https:\/\/www.autonvaraosahaku.fi\/index.php?rest_route=\/wp\/v2\/product"}],"about":[{"href":"https:\/\/www.autonvaraosahaku.fi\/index.php?rest_route=\/wp\/v2\/types\/product"}],"wp:attachment":[{"href":"https:\/\/www.autonvaraosahaku.fi\/index.php?rest_route=%2Fwp%2Fv2%2Fmedia&parent=82534"}],"wp:term":[{"taxonomy":"pwb-brand","embeddable":true,"href":"https:\/\/www.autonvaraosahaku.fi\/index.php?rest_route=%2Fwp%2Fv2%2Fpwb-brand&post=82534"},{"taxonomy":"product_cat","embeddable":true,"href":"https:\/\/www.autonvaraosahaku.fi\/index.php?rest_route=%2Fwp%2Fv2%2Fproduct_cat&post=82534"},{"taxonomy":"product_tag","embeddable":true,"href":"https:\/\/www.autonvaraosahaku.fi\/index.php?rest_route=%2Fwp%2Fv2%2Fproduct_tag&post=82534"}],"curies":[{"name":"wp","href":"https:\/\/api.w.org\/{rel}","templated":true}]}}