{"id":8256,"date":"2021-02-21T14:02:30","date_gmt":"2021-02-21T14:02:30","guid":{"rendered":"https:\/\/www.autonvaraosahaku.fi\/?product=triclo-461004-jaahdytysnesteen-laippa"},"modified":"2021-02-21T14:02:32","modified_gmt":"2021-02-21T14:02:32","slug":"triclo-461004-jaahdytysnesteen-laippa","status":"publish","type":"product","link":"https:\/\/www.autonvaraosahaku.fi\/?product=triclo-461004-jaahdytysnesteen-laippa","title":{"rendered":"TRICLO 461004 J\u00e4\u00e4hdytysnesteen laippa"},"content":{"rendered":"<p>FIAT: DUCATO Bus 230,DUCATO Kasten 230L,DUCATO Pritsche\/Fahrgestell 280; PEUGEOT: BOXER Kasten 230L,BOXER Bus 230P,BOXER Pritsche\/Fahrgestell ZCT_; CITRO\u00cbN: JUMPER Kasten 230L,JUMPER Bus 230P; 1336S6, 1336S6<\/p>\n","protected":false},"excerpt":{"rendered":"<p>TRICLO J\u00e4\u00e4hdytysnesteen Laippa 461004  FIAT,PEUGEOT,CITRO\u00cbN,DUCATO Bus 230,DUCATO Kasten 230L,DUCATO Pritsche\/Fahrgestell 280,BOXER Kasten 230L<\/p>\n","protected":false},"featured_media":0,"template":"","meta":{"site-sidebar-layout":"default","site-content-layout":"default","ast-global-header-display":"","ast-main-header-display":"","ast-hfb-above-header-display":"","ast-hfb-below-header-display":"","ast-hfb-mobile-header-display":"","site-post-title":"","ast-breadcrumbs-content":"","ast-featured-img":"","footer-sml-layout":"","theme-transparent-header-meta":"","adv-header-id-meta":"","stick-header-meta":"","header-above-stick-meta":"","header-main-stick-meta":"","header-below-stick-meta":""},"pwb-brand":[172],"product_cat":[207],"product_tag":[],"class_list":{"0":"post-8256","1":"product","2":"type-product","3":"status-publish","5":"pwb-brand-triclo","6":"product_cat-jaahdytysnesteen-laippa","7":"desktop-align-left","8":"tablet-align-left","9":"mobile-align-left","11":"first","12":"instock","13":"product-type-external"},"brands":[{"id":172,"name":"TRICLO","slug":"triclo"}],"_links":{"self":[{"href":"https:\/\/www.autonvaraosahaku.fi\/index.php?rest_route=\/wp\/v2\/product\/8256","targetHints":{"allow":["GET"]}}],"collection":[{"href":"https:\/\/www.autonvaraosahaku.fi\/index.php?rest_route=\/wp\/v2\/product"}],"about":[{"href":"https:\/\/www.autonvaraosahaku.fi\/index.php?rest_route=\/wp\/v2\/types\/product"}],"wp:attachment":[{"href":"https:\/\/www.autonvaraosahaku.fi\/index.php?rest_route=%2Fwp%2Fv2%2Fmedia&parent=8256"}],"wp:term":[{"taxonomy":"pwb-brand","embeddable":true,"href":"https:\/\/www.autonvaraosahaku.fi\/index.php?rest_route=%2Fwp%2Fv2%2Fpwb-brand&post=8256"},{"taxonomy":"product_cat","embeddable":true,"href":"https:\/\/www.autonvaraosahaku.fi\/index.php?rest_route=%2Fwp%2Fv2%2Fproduct_cat&post=8256"},{"taxonomy":"product_tag","embeddable":true,"href":"https:\/\/www.autonvaraosahaku.fi\/index.php?rest_route=%2Fwp%2Fv2%2Fproduct_tag&post=8256"}],"curies":[{"name":"wp","href":"https:\/\/api.w.org\/{rel}","templated":true}]}}