{"id":82586,"date":"2021-02-21T20:23:53","date_gmt":"2021-02-21T20:23:53","guid":{"rendered":"https:\/\/www.autonvaraosahaku.fi\/?product=autofren-seinsa-d4028-jarrusatula-korjaussarja"},"modified":"2021-02-21T20:23:59","modified_gmt":"2021-02-21T20:23:59","slug":"autofren-seinsa-d4028-jarrusatula-korjaussarja","status":"publish","type":"product","link":"https:\/\/www.autonvaraosahaku.fi\/?product=autofren-seinsa-d4028-jarrusatula-korjaussarja","title":{"rendered":"AUTOFREN SEINSA D4028 Jarrusatula korjaussarja"},"content":{"rendered":"<p>Asennuspuoli: Etuakseli; L\u00e4pimitta [mm]: 48; Jarruj\u00e4rjestelm\u00e4: ATE; OE-numerolle: 90094816; Jarrusatulatyyppi: Bremssattel(1-Kolben); AUDI: 100 43, C2,100 Avant 43, C2; BMW: 7 E38; OPEL: CALIBRA A 85_,VECTRA A 86_, 87_,KADETT E CC 33_, 34_, 43_, 44_,MANTA B 58_, 59_,VECTRA A CC 88_, 89_,MONZA A 22_,KADETT E Cabriolet 43B_,ASCONA B 81_, 86_, 87_, 88_,ASCONA C 81_, 86_, 87_, 88_,SENATOR A 29_,KADETT D 31_-34_, 41_-44_,KADETT E 39_, 49_,ASCONA C CC 84_, 89_,KADETT E Caravan 35_, 36_, 45_, 46_,ASCONA A 81_, 86_, 87_, 88_,MANTA B CC 53_, 55_,KADETT D 32_,37_,39, _42,REKORD D Coupe,KADETT D Caravan 35_, 36_, 45_, 46_,KADETT E Kasten 37_, 47_,REKORD D Caravan,ASCONA A Voyage 84_, 89_,KADETT E Combo 38_, 48_; FIAT: UNO 146A\/E,127; CITRO\u00cbN: VISA Cabriolet; PEUGEOT: 104,104 Coupe,305 II Break 581E,305 I 581A,304 Break _04D_,305 I Break 581D; RENAULT: 14 121_; PORSCHE: 924; TALBOT: SAMBA Cabriolet 51E,SAMBA 51A,SOLARA; 95595169, 1605484, 90094816, 444833, 477615107, 7701200766, 135472, 9404448338; Korjaussarja, Jarrusatula<\/p>\n","protected":false},"excerpt":{"rendered":"<p>AUTOFREN SEINSA Jarrusatula Korjaussarja D4028 Korjaussarja, Jarrusatula AUDI,BMW,OPEL,100 43, C2,100 Avant 43, C2,7 E38,CALIBRA A 85_<\/p>\n","protected":false},"featured_media":0,"template":"","meta":{"site-sidebar-layout":"default","site-content-layout":"default","ast-global-header-display":"","ast-main-header-display":"","ast-hfb-above-header-display":"","ast-hfb-below-header-display":"","ast-hfb-mobile-header-display":"","site-post-title":"","ast-breadcrumbs-content":"","ast-featured-img":"","footer-sml-layout":"","theme-transparent-header-meta":"","adv-header-id-meta":"","stick-header-meta":"","header-above-stick-meta":"","header-main-stick-meta":"","header-below-stick-meta":""},"pwb-brand":[243],"product_cat":[57],"product_tag":[],"class_list":{"0":"post-82586","1":"product","2":"type-product","3":"status-publish","5":"pwb-brand-autofren-seinsa","6":"product_cat-jarrusatula-korjaussarja","7":"desktop-align-left","8":"tablet-align-left","9":"mobile-align-left","11":"first","12":"instock","13":"product-type-external"},"brands":[{"id":243,"name":"AUTOFREN SEINSA","slug":"autofren-seinsa"}],"_links":{"self":[{"href":"https:\/\/www.autonvaraosahaku.fi\/index.php?rest_route=\/wp\/v2\/product\/82586","targetHints":{"allow":["GET"]}}],"collection":[{"href":"https:\/\/www.autonvaraosahaku.fi\/index.php?rest_route=\/wp\/v2\/product"}],"about":[{"href":"https:\/\/www.autonvaraosahaku.fi\/index.php?rest_route=\/wp\/v2\/types\/product"}],"wp:attachment":[{"href":"https:\/\/www.autonvaraosahaku.fi\/index.php?rest_route=%2Fwp%2Fv2%2Fmedia&parent=82586"}],"wp:term":[{"taxonomy":"pwb-brand","embeddable":true,"href":"https:\/\/www.autonvaraosahaku.fi\/index.php?rest_route=%2Fwp%2Fv2%2Fpwb-brand&post=82586"},{"taxonomy":"product_cat","embeddable":true,"href":"https:\/\/www.autonvaraosahaku.fi\/index.php?rest_route=%2Fwp%2Fv2%2Fproduct_cat&post=82586"},{"taxonomy":"product_tag","embeddable":true,"href":"https:\/\/www.autonvaraosahaku.fi\/index.php?rest_route=%2Fwp%2Fv2%2Fproduct_tag&post=82586"}],"curies":[{"name":"wp","href":"https:\/\/api.w.org\/{rel}","templated":true}]}}