{"id":82602,"date":"2021-02-21T20:24:01","date_gmt":"2021-02-21T20:24:01","guid":{"rendered":"https:\/\/www.autonvaraosahaku.fi\/?product=nrf-30253-valijaahdytin"},"modified":"2021-02-21T20:24:05","modified_gmt":"2021-02-21T20:24:05","slug":"nrf-30253-valijaahdytin","status":"publish","type":"product","link":"https:\/\/www.autonvaraosahaku.fi\/?product=nrf-30253-valijaahdytin","title":{"rendered":"NRF 30253 V\u00e4lij\u00e4\u00e4hdytin"},"content":{"rendered":"<p>Paksuus [mm]: 64; Leveys (mm): 82; Korkeus (mm): 640; Rakennemalli: Roomster; VW: POLO 6R, 6C; AUDI: A1 8X1, 8XF,A1 Sportback 8XA, 8XK; SKODA: FABIA,FABIA Combi,ROOMSTER 5J,RAPID Spaceback NH1,ROOMSTER Praktik 5J,RAPID NH3; SEAT: IBIZA V 6J5, 6P5,IBIZA V ST 6J8, 6P8,IBIZA V SPORTCOUPE 6J1, 6P1,TOLEDO IV KG3; 6R0145805, 6R0145805B, 6R0145805, 6R0145805B, 6R0145805, 6R0145805B, 6R0145805, 6R0145805B<\/p>\n","protected":false},"excerpt":{"rendered":"<p>NRF V\u00e4lij\u00e4\u00e4hdytin 30253  VW,AUDI,SKODA,POLO 6R, 6C,A1 8X1, 8XF,A1 Sportback 8XA, 8XK,FABIA,FABIA Combi,ROOMSTER 5J,RAPID Spaceback NH1<\/p>\n","protected":false},"featured_media":0,"template":"","meta":{"site-sidebar-layout":"default","site-content-layout":"default","ast-global-header-display":"","ast-main-header-display":"","ast-hfb-above-header-display":"","ast-hfb-below-header-display":"","ast-hfb-mobile-header-display":"","site-post-title":"","ast-breadcrumbs-content":"","ast-featured-img":"","footer-sml-layout":"","theme-transparent-header-meta":"","adv-header-id-meta":"","stick-header-meta":"","header-above-stick-meta":"","header-main-stick-meta":"","header-below-stick-meta":""},"pwb-brand":[85],"product_cat":[234],"product_tag":[],"class_list":{"0":"post-82602","1":"product","2":"type-product","3":"status-publish","5":"pwb-brand-nrf","6":"product_cat-valijaahdytin","7":"desktop-align-left","8":"tablet-align-left","9":"mobile-align-left","11":"first","12":"instock","13":"product-type-external"},"brands":[{"id":85,"name":"NRF","slug":"nrf"}],"_links":{"self":[{"href":"https:\/\/www.autonvaraosahaku.fi\/index.php?rest_route=\/wp\/v2\/product\/82602","targetHints":{"allow":["GET"]}}],"collection":[{"href":"https:\/\/www.autonvaraosahaku.fi\/index.php?rest_route=\/wp\/v2\/product"}],"about":[{"href":"https:\/\/www.autonvaraosahaku.fi\/index.php?rest_route=\/wp\/v2\/types\/product"}],"wp:attachment":[{"href":"https:\/\/www.autonvaraosahaku.fi\/index.php?rest_route=%2Fwp%2Fv2%2Fmedia&parent=82602"}],"wp:term":[{"taxonomy":"pwb-brand","embeddable":true,"href":"https:\/\/www.autonvaraosahaku.fi\/index.php?rest_route=%2Fwp%2Fv2%2Fpwb-brand&post=82602"},{"taxonomy":"product_cat","embeddable":true,"href":"https:\/\/www.autonvaraosahaku.fi\/index.php?rest_route=%2Fwp%2Fv2%2Fproduct_cat&post=82602"},{"taxonomy":"product_tag","embeddable":true,"href":"https:\/\/www.autonvaraosahaku.fi\/index.php?rest_route=%2Fwp%2Fv2%2Fproduct_tag&post=82602"}],"curies":[{"name":"wp","href":"https:\/\/api.w.org\/{rel}","templated":true}]}}