{"id":82622,"date":"2021-02-21T20:24:08","date_gmt":"2021-02-21T20:24:08","guid":{"rendered":"https:\/\/www.autonvaraosahaku.fi\/?product=mahle-original-kc-51-polttoainesuodatin"},"modified":"2021-02-21T20:24:12","modified_gmt":"2021-02-21T20:24:12","slug":"mahle-original-kc-51-polttoainesuodatin","status":"publish","type":"product","link":"https:\/\/www.autonvaraosahaku.fi\/?product=mahle-original-kc-51-polttoainesuodatin","title":{"rendered":"MAHLE ORIGINAL KC 51 Polttoainesuodatin"},"content":{"rendered":"<p>Suodatintyyppi: Ruuvattava suodatin; Korkeus (mm): 127,5; Kopan l\u00e4pimitta (mm): 81,0; Ulkol\u00e4pimitta 2 [mm]: 70,0; Sis\u00e4l\u00e4pimitta 2 [mm]: 61,5; Liitinkierre: M16x1,5; Kiristysmomentti: 14, 14; Suositellun erikoisty\u00f6kalun tuotenumero: OCS1, OCS1; Valmistaja rajaus: 766; NISSAN: MICRA II K11; ROVER: 100 \/ METRO XP; FIAT: DUCATO Pritsche\/Fahrgestell 230,DUCATO Bus 230,DUCATO Kasten 230L,BRAVO I 182,BRAVA 182,MAREA Weekend 185,UNO 146A\/E,FIORINO Kasten 146,TIPO 160,MAREA 185,FIORINO Pick up 146,ELBA 146_; CITRO\u00cbN: SAXO S0, S1,XSARA N1,XSARA Break N2,AX ZA-_,ZX N2,ZX Break N2,XSARA Kasten,SAXO Hatchback van S3_; PEUGEOT: 106 II 1,106 I 1A, 1C,205 II 20A\/C,106 Van 1_; RENAULT TRUCKS: MESSENGER Kasten\/Kombi,MESSENGER Pritsche\/Fahrgestell; INNOCENTI: ELBA 146; 0000190640, 0000190642, 01906, 190640, 190642, 1906A8, 1906E0, 95650878, 0000007787076, 0000009942378, 46433766, 71736114, 7787076, 9941058, 9942378, 9944643, 9944682, 5018034, 5023923, 870X9155BA, 890X9155AA, EFG106, 164036F900, 01906, 190624, 190639, 190640, 190641, 1906A8, 1906E0<\/p>\n","protected":false},"excerpt":{"rendered":"<p>MAHLE ORIGINAL Polttoainesuodatin KC 51  NISSAN,ROVER,FIAT,MICRA II K11,100 \/ METRO XP,DUCATO Pritsche\/Fahrgestell 230,DUCATO Bus 230<\/p>\n","protected":false},"featured_media":0,"template":"","meta":{"site-sidebar-layout":"default","site-content-layout":"default","ast-global-header-display":"","ast-main-header-display":"","ast-hfb-above-header-display":"","ast-hfb-below-header-display":"","ast-hfb-mobile-header-display":"","site-post-title":"","ast-breadcrumbs-content":"","ast-featured-img":"","footer-sml-layout":"","theme-transparent-header-meta":"","adv-header-id-meta":"","stick-header-meta":"","header-above-stick-meta":"","header-main-stick-meta":"","header-below-stick-meta":""},"pwb-brand":[153],"product_cat":[29],"product_tag":[],"class_list":{"0":"post-82622","1":"product","2":"type-product","3":"status-publish","5":"pwb-brand-mahle-original","6":"product_cat-polttoainesuodatin","7":"desktop-align-left","8":"tablet-align-left","9":"mobile-align-left","11":"first","12":"instock","13":"product-type-external"},"brands":[{"id":153,"name":"MAHLE ORIGINAL","slug":"mahle-original"}],"_links":{"self":[{"href":"https:\/\/www.autonvaraosahaku.fi\/index.php?rest_route=\/wp\/v2\/product\/82622","targetHints":{"allow":["GET"]}}],"collection":[{"href":"https:\/\/www.autonvaraosahaku.fi\/index.php?rest_route=\/wp\/v2\/product"}],"about":[{"href":"https:\/\/www.autonvaraosahaku.fi\/index.php?rest_route=\/wp\/v2\/types\/product"}],"wp:attachment":[{"href":"https:\/\/www.autonvaraosahaku.fi\/index.php?rest_route=%2Fwp%2Fv2%2Fmedia&parent=82622"}],"wp:term":[{"taxonomy":"pwb-brand","embeddable":true,"href":"https:\/\/www.autonvaraosahaku.fi\/index.php?rest_route=%2Fwp%2Fv2%2Fpwb-brand&post=82622"},{"taxonomy":"product_cat","embeddable":true,"href":"https:\/\/www.autonvaraosahaku.fi\/index.php?rest_route=%2Fwp%2Fv2%2Fproduct_cat&post=82622"},{"taxonomy":"product_tag","embeddable":true,"href":"https:\/\/www.autonvaraosahaku.fi\/index.php?rest_route=%2Fwp%2Fv2%2Fproduct_tag&post=82622"}],"curies":[{"name":"wp","href":"https:\/\/api.w.org\/{rel}","templated":true}]}}