{"id":82634,"date":"2021-02-21T20:24:15","date_gmt":"2021-02-21T20:24:15","guid":{"rendered":"https:\/\/www.autonvaraosahaku.fi\/?product=mahle-original-030-89-02-manta"},"modified":"2021-02-21T20:24:17","modified_gmt":"2021-02-21T20:24:17","slug":"mahle-original-030-89-02-manta","status":"publish","type":"product","link":"https:\/\/www.autonvaraosahaku.fi\/?product=mahle-original-030-89-02-manta","title":{"rendered":"MAHLE ORIGINAL 030 89 02 M\u00e4nt\u00e4"},"content":{"rendered":"<p>Lis\u00e4tarvike\/lis\u00e4tieto: M\u00e4nn\u00e4nrenkailla; Sylinterin halkaisija [mm]: 77,01; Pituus (mm): 58,5; Puristuskorkeus [mm]: 28,92; Venttiilitilasyvyys 1 [mm]: 2,7; Venttiilitilasyvyys 2 [mm]: 2,2; Syvennys 1 [mm]: 1,9; Syvennysl\u00e4pimitta [mm]: 62,0; et\u00e4isyys m\u00e4nn\u00e4n laen reuna &#8211; 1.m\u00e4nn\u00e4nrengasura [mm]: 6; Ruuvi-\u00d8 [mm]: 17,0; Pultinpituus [mm]: 52,0; Pinta: pinnoitettu; Tuotantonumero: 76 L 99; Korvaava tuote\/korvaava tiedote 2: ilman j\u00e4\u00e4hdytyskanavaa; Komponenttinumero: 1. R 1,2 N, 2. M 1,5, 3. SSF 2,5; Moottorinumero: AHW; VW: GOLF IV 1J1,POLO 9N_,LUPO 6X1, 6E1,GOLF IV Variant 1J5,POLO 6N2,POLO 6N1,BORA 1J2,BORA Kombi 1J6,CADDY II Kasten 9K9A,POLO Variant 6KV5,POLO CLASSIC 6KV2,POLO Stufenheck 9A4,CADDY II Kombi 9K9B,POLO Stufenheck 9N4; AUDI: A2 8Z0; SKODA: OCTAVIA Combi 1Z5,FABIA Combi 6Y5,FABIA 6Y2,OCTAVIA Combi 1U5,OCTAVIA 1Z3,OCTAVIA 1U2,FABIA Stufenheck 6Y3; SEAT: IBIZA IV 6L1,LEON 1M1,AROSA 6H,IBIZA II 6K1,TOLEDO II 1M2,CORDOBA 6K1, 6K2,CORDOBA Vario 6K1,CORDOBA 6L2,INCA 6K9; M\u00e4nn\u00e4t<\/p>\n","protected":false},"excerpt":{"rendered":"<p>MAHLE ORIGINAL M\u00e4nt\u00e4 030 89 02 M\u00e4nn\u00e4t VW,AUDI,SKODA,GOLF IV 1J1,POLO 9N_,LUPO 6X1, 6E1,GOLF IV Variant 1J5,POLO 6N2,POLO 6N1,BORA 1J2,BORA Kombi 1J6<\/p>\n","protected":false},"featured_media":0,"template":"","meta":{"site-sidebar-layout":"default","site-content-layout":"default","ast-global-header-display":"","ast-main-header-display":"","ast-hfb-above-header-display":"","ast-hfb-below-header-display":"","ast-hfb-mobile-header-display":"","site-post-title":"","ast-breadcrumbs-content":"","ast-featured-img":"","footer-sml-layout":"","theme-transparent-header-meta":"","adv-header-id-meta":"","stick-header-meta":"","header-above-stick-meta":"","header-main-stick-meta":"","header-below-stick-meta":""},"pwb-brand":[153],"product_cat":[434],"product_tag":[],"class_list":{"0":"post-82634","1":"product","2":"type-product","3":"status-publish","5":"pwb-brand-mahle-original","6":"product_cat-manta","7":"desktop-align-left","8":"tablet-align-left","9":"mobile-align-left","11":"first","12":"instock","13":"product-type-external"},"brands":[{"id":153,"name":"MAHLE ORIGINAL","slug":"mahle-original"}],"_links":{"self":[{"href":"https:\/\/www.autonvaraosahaku.fi\/index.php?rest_route=\/wp\/v2\/product\/82634","targetHints":{"allow":["GET"]}}],"collection":[{"href":"https:\/\/www.autonvaraosahaku.fi\/index.php?rest_route=\/wp\/v2\/product"}],"about":[{"href":"https:\/\/www.autonvaraosahaku.fi\/index.php?rest_route=\/wp\/v2\/types\/product"}],"wp:attachment":[{"href":"https:\/\/www.autonvaraosahaku.fi\/index.php?rest_route=%2Fwp%2Fv2%2Fmedia&parent=82634"}],"wp:term":[{"taxonomy":"pwb-brand","embeddable":true,"href":"https:\/\/www.autonvaraosahaku.fi\/index.php?rest_route=%2Fwp%2Fv2%2Fpwb-brand&post=82634"},{"taxonomy":"product_cat","embeddable":true,"href":"https:\/\/www.autonvaraosahaku.fi\/index.php?rest_route=%2Fwp%2Fv2%2Fproduct_cat&post=82634"},{"taxonomy":"product_tag","embeddable":true,"href":"https:\/\/www.autonvaraosahaku.fi\/index.php?rest_route=%2Fwp%2Fv2%2Fproduct_tag&post=82634"}],"curies":[{"name":"wp","href":"https:\/\/api.w.org\/{rel}","templated":true}]}}