{"id":82692,"date":"2021-02-21T20:24:38","date_gmt":"2021-02-21T20:24:38","guid":{"rendered":"https:\/\/www.autonvaraosahaku.fi\/?product=prasco-st3202120-puskurin-ritila"},"modified":"2021-02-21T20:24:39","modified_gmt":"2021-02-21T20:24:39","slug":"prasco-st3202120-puskurin-ritila","status":"publish","type":"product","link":"https:\/\/www.autonvaraosahaku.fi\/?product=prasco-st3202120-puskurin-ritila","title":{"rendered":"PRASCO ST3202120 Puskurin ritil\u00e4"},"content":{"rendered":"<p>Laatu: Premium; Asennuspuoli: Edess\u00e4; Osa: Keski osa; V\u00e4ri: Musta; Paino [kg]: 0,36; Tuotelinja: Premium; Valmistusvuoteen: 05\/2009; SEAT: ALTEA 5P1,ALTEA XL 5P5, 5P8; 5P0853667A9B9; Ritil\u00e4<\/p>\n","protected":false},"excerpt":{"rendered":"<p>PRASCO Puskurin Ritil\u00e4 ST3202120 Ritil\u00e4 SEAT,ALTEA 5P1,ALTEA XL 5P5, 5P8<\/p>\n","protected":false},"featured_media":0,"template":"","meta":{"site-sidebar-layout":"default","site-content-layout":"default","ast-global-header-display":"","ast-main-header-display":"","ast-hfb-above-header-display":"","ast-hfb-below-header-display":"","ast-hfb-mobile-header-display":"","site-post-title":"","ast-breadcrumbs-content":"","ast-featured-img":"","footer-sml-layout":"","theme-transparent-header-meta":"","adv-header-id-meta":"","stick-header-meta":"","header-above-stick-meta":"","header-main-stick-meta":"","header-below-stick-meta":""},"pwb-brand":[406],"product_cat":[259],"product_tag":[],"class_list":{"0":"post-82692","1":"product","2":"type-product","3":"status-publish","5":"pwb-brand-prasco","6":"product_cat-puskurin-ritila","7":"desktop-align-left","8":"tablet-align-left","9":"mobile-align-left","11":"first","12":"instock","13":"product-type-external"},"brands":[{"id":406,"name":"PRASCO","slug":"prasco"}],"_links":{"self":[{"href":"https:\/\/www.autonvaraosahaku.fi\/index.php?rest_route=\/wp\/v2\/product\/82692","targetHints":{"allow":["GET"]}}],"collection":[{"href":"https:\/\/www.autonvaraosahaku.fi\/index.php?rest_route=\/wp\/v2\/product"}],"about":[{"href":"https:\/\/www.autonvaraosahaku.fi\/index.php?rest_route=\/wp\/v2\/types\/product"}],"wp:attachment":[{"href":"https:\/\/www.autonvaraosahaku.fi\/index.php?rest_route=%2Fwp%2Fv2%2Fmedia&parent=82692"}],"wp:term":[{"taxonomy":"pwb-brand","embeddable":true,"href":"https:\/\/www.autonvaraosahaku.fi\/index.php?rest_route=%2Fwp%2Fv2%2Fpwb-brand&post=82692"},{"taxonomy":"product_cat","embeddable":true,"href":"https:\/\/www.autonvaraosahaku.fi\/index.php?rest_route=%2Fwp%2Fv2%2Fproduct_cat&post=82692"},{"taxonomy":"product_tag","embeddable":true,"href":"https:\/\/www.autonvaraosahaku.fi\/index.php?rest_route=%2Fwp%2Fv2%2Fproduct_tag&post=82692"}],"curies":[{"name":"wp","href":"https:\/\/api.w.org\/{rel}","templated":true}]}}