{"id":82697,"date":"2021-02-21T20:24:38","date_gmt":"2021-02-21T20:24:38","guid":{"rendered":"https:\/\/www.autonvaraosahaku.fi\/?product=elwis-royal-1555539-venttiilikopan-tiiviste"},"modified":"2021-02-21T20:24:41","modified_gmt":"2021-02-21T20:24:41","slug":"elwis-royal-1555539-venttiilikopan-tiiviste","status":"publish","type":"product","link":"https:\/\/www.autonvaraosahaku.fi\/?product=elwis-royal-1555539-venttiilikopan-tiiviste","title":{"rendered":"ELWIS ROYAL 1555539 Venttiilikopan tiiviste"},"content":{"rendered":"<p>Tarvittava kappalem\u00e4\u00e4r\u00e4: 1; VOLVO: 240 Kombi P245,740 744,240 P242, P244,760 704, 764,340-360 343, 345,340-360 Stufenheck 344; 1378909, 13789094, 463999, 4639993; Tiiviste, Venttiilikoppa<\/p>\n","protected":false},"excerpt":{"rendered":"<p>ELWIS ROYAL Venttiilikopan Tiiviste 1555539 Tiiviste, Venttiilikoppa VOLVO,240 Kombi P245,740 744,240 P242, P244,760 704, 764,340-360 343, 345<\/p>\n","protected":false},"featured_media":0,"template":"","meta":{"site-sidebar-layout":"default","site-content-layout":"default","ast-global-header-display":"","ast-main-header-display":"","ast-hfb-above-header-display":"","ast-hfb-below-header-display":"","ast-hfb-mobile-header-display":"","site-post-title":"","ast-breadcrumbs-content":"","ast-featured-img":"","footer-sml-layout":"","theme-transparent-header-meta":"","adv-header-id-meta":"","stick-header-meta":"","header-above-stick-meta":"","header-main-stick-meta":"","header-below-stick-meta":""},"pwb-brand":[120],"product_cat":[44],"product_tag":[],"class_list":{"0":"post-82697","1":"product","2":"type-product","3":"status-publish","5":"pwb-brand-elwis-royal","6":"product_cat-venttiilikopan-tiiviste","7":"desktop-align-left","8":"tablet-align-left","9":"mobile-align-left","11":"first","12":"instock","13":"product-type-external"},"brands":[{"id":120,"name":"ELWIS ROYAL","slug":"elwis-royal"}],"_links":{"self":[{"href":"https:\/\/www.autonvaraosahaku.fi\/index.php?rest_route=\/wp\/v2\/product\/82697","targetHints":{"allow":["GET"]}}],"collection":[{"href":"https:\/\/www.autonvaraosahaku.fi\/index.php?rest_route=\/wp\/v2\/product"}],"about":[{"href":"https:\/\/www.autonvaraosahaku.fi\/index.php?rest_route=\/wp\/v2\/types\/product"}],"wp:attachment":[{"href":"https:\/\/www.autonvaraosahaku.fi\/index.php?rest_route=%2Fwp%2Fv2%2Fmedia&parent=82697"}],"wp:term":[{"taxonomy":"pwb-brand","embeddable":true,"href":"https:\/\/www.autonvaraosahaku.fi\/index.php?rest_route=%2Fwp%2Fv2%2Fpwb-brand&post=82697"},{"taxonomy":"product_cat","embeddable":true,"href":"https:\/\/www.autonvaraosahaku.fi\/index.php?rest_route=%2Fwp%2Fv2%2Fproduct_cat&post=82697"},{"taxonomy":"product_tag","embeddable":true,"href":"https:\/\/www.autonvaraosahaku.fi\/index.php?rest_route=%2Fwp%2Fv2%2Fproduct_tag&post=82697"}],"curies":[{"name":"wp","href":"https:\/\/api.w.org\/{rel}","templated":true}]}}