{"id":82698,"date":"2021-02-21T20:24:38","date_gmt":"2021-02-21T20:24:38","guid":{"rendered":"https:\/\/www.autonvaraosahaku.fi\/?product=ravenol-1212103-001-01-999-vaihteistooljy"},"modified":"2021-02-21T20:24:41","modified_gmt":"2021-02-21T20:24:41","slug":"ravenol-1212103-001-01-999-vaihteistooljy","status":"publish","type":"product","link":"https:\/\/www.autonvaraosahaku.fi\/?product=ravenol-1212103-001-01-999-vaihteistooljy","title":{"rendered":"RAVENOL 1212103-001-01-999 Vaihteisto\u00f6ljy"},"content":{"rendered":"<p>Valmistajan hyv\u00e4ksym\u00e4: Mitsubishi, Hyundai,, KIA; Tilavuus (litra): 1; Tuotelinja: Hydraulik\u00f6l HLP-D 46, Hydraulik\u00f6l HLP-D 46; KIA: SORENTO I JC,PICANTO BA,CEE&#8217;D SW ED,CEE&#8217;D Schr\u00e4gheck ED,SPORTAGE JE_, KM_,VENGA YN,CARENS II FJ,RIO III UB,RIO II JB,CARENS III UN,CARNIVAL II GQ,CARNIVAL \/ GRAND CARNIVAL III VQ,PICANTO TA,RIO Kombi DC,PRO CEE&#8217;D ED,SOUL AM,CERATO LD,MAGENTIS GD,MAGENTIS MG,OPIRUS GH,CERATO Stufenheck LD,RIO II Stufenheck JB,RIO Stufenheck DC_,JOICE,SHUMA II FB,RIO III Stufenheck UB,SHUMA FB,SHUMA II Stufenheck FB,CARNIVAL I UP,CERATO II Stufenheck TD; LANCIA: LYBRA 839AX; HYUNDAI: i30 FD,GETZ TB,i10 PA,i20 PB, PBT,TUCSON JM,i30 CW FD,SANTA F\u00c9 I SM,SANTA F\u00c9 II CM,ix20 JC,MATRIX FC,COUPE GK,TRAJET FO,SONATA V NF,SONATA IV EF,ACCENT II LC,ACCENT III MC,ELANTRA XD,ACCENT III Stufenheck MC,ELANTRA Stufenheck XD,ACCENT II Stufenheck LC,GRANDEUR TG,LANTRA II J-2,ACCENT IV RB,TIBURON Coupe,ELANTRA Stufenheck HD,ACCENT IV Stufenheck RB; MITSUBISHI: SPACE STAR DG_A,CARISMA DA_,OUTLANDER III GG_W, GF_W, ZJ,GRANDIS NA_W,OUTLANDER I CU_W,LANCER Kombi CS_W,LANCER SPORTBACK CX_A,LANCER Stufenheck CY\/Z_A,CARISMA Stufenheck DA_,PAJERO IV V8_W, V9_W,LANCER Stufenheck CS_A, CT0,PAJERO IV Van V90, V80,LANCER VI CJ-CP_,i HA_; DR: DR 5; CHERY: TIGGO; Vaihdelaatikon \u00d6ljy<\/p>\n","protected":false},"excerpt":{"rendered":"<p>RAVENOL Vaihteisto\u00f6ljy 1212103-001-01-999 Vaihdelaatikon \u00d6ljy KIA,LANCIA,HYUNDAI,SORENTO I JC,PICANTO BA,CEE&#8217;D SW ED,CEE&#8217;D Schr\u00e4gheck ED<\/p>\n","protected":false},"featured_media":0,"template":"","meta":{"site-sidebar-layout":"default","site-content-layout":"default","ast-global-header-display":"","ast-main-header-display":"","ast-hfb-above-header-display":"","ast-hfb-below-header-display":"","ast-hfb-mobile-header-display":"","site-post-title":"","ast-breadcrumbs-content":"","ast-featured-img":"","footer-sml-layout":"","theme-transparent-header-meta":"","adv-header-id-meta":"","stick-header-meta":"","header-above-stick-meta":"","header-main-stick-meta":"","header-below-stick-meta":""},"pwb-brand":[130],"product_cat":[58],"product_tag":[],"class_list":{"0":"post-82698","1":"product","2":"type-product","3":"status-publish","5":"pwb-brand-ravenol","6":"product_cat-vaihteistooljy","7":"desktop-align-left","8":"tablet-align-left","9":"mobile-align-left","11":"first","12":"instock","13":"product-type-external"},"brands":[{"id":130,"name":"RAVENOL","slug":"ravenol"}],"_links":{"self":[{"href":"https:\/\/www.autonvaraosahaku.fi\/index.php?rest_route=\/wp\/v2\/product\/82698","targetHints":{"allow":["GET"]}}],"collection":[{"href":"https:\/\/www.autonvaraosahaku.fi\/index.php?rest_route=\/wp\/v2\/product"}],"about":[{"href":"https:\/\/www.autonvaraosahaku.fi\/index.php?rest_route=\/wp\/v2\/types\/product"}],"wp:attachment":[{"href":"https:\/\/www.autonvaraosahaku.fi\/index.php?rest_route=%2Fwp%2Fv2%2Fmedia&parent=82698"}],"wp:term":[{"taxonomy":"pwb-brand","embeddable":true,"href":"https:\/\/www.autonvaraosahaku.fi\/index.php?rest_route=%2Fwp%2Fv2%2Fpwb-brand&post=82698"},{"taxonomy":"product_cat","embeddable":true,"href":"https:\/\/www.autonvaraosahaku.fi\/index.php?rest_route=%2Fwp%2Fv2%2Fproduct_cat&post=82698"},{"taxonomy":"product_tag","embeddable":true,"href":"https:\/\/www.autonvaraosahaku.fi\/index.php?rest_route=%2Fwp%2Fv2%2Fproduct_tag&post=82698"}],"curies":[{"name":"wp","href":"https:\/\/api.w.org\/{rel}","templated":true}]}}