{"id":82712,"date":"2021-02-21T20:24:46","date_gmt":"2021-02-21T20:24:46","guid":{"rendered":"https:\/\/www.autonvaraosahaku.fi\/?product=autofren-seinsa-d025225-jarrusatula-korjaussarja"},"modified":"2021-02-21T20:24:47","modified_gmt":"2021-02-21T20:24:47","slug":"autofren-seinsa-d025225-jarrusatula-korjaussarja","status":"publish","type":"product","link":"https:\/\/www.autonvaraosahaku.fi\/?product=autofren-seinsa-d025225-jarrusatula-korjaussarja","title":{"rendered":"AUTOFREN SEINSA D025225 Jarrusatula korjaussarja"},"content":{"rendered":"<p>L\u00e4pimitta [mm]: 57; Asennuspuoli: Etuakseli; Korkeus (mm): 54; Materiaali: Ter\u00e4s; MERCEDES-BENZ: A-CLASS W169; HONDA: CIVIC VI Hatchback EJ, EK,CIVIC VI Fastback MA, MB,CIVIC VI Aerodeck MB, MC,CR-V I RD,HR-V GH,CRX II ED, EE,PRELUDE V BB,CIVIC IV Hatchback EC, ED, EE,ACCORD V CE, CF,PRELUDE IV BB,SHUTTLE RA,INTEGRA Coupe DC2, DC4,ACCORD IV CB,ACCORD V Aerodeck CE,ACCORD V CC, CD,LEGEND III KA9,ACCORD V Coupe CD,CIVIC IV Stufenheck ED,ACCORD IV Aerodeck CB,NSX Coupe NA,NSX Cabriolet NA; CHRYSLER: PT CRUISER PT_,PT CRUISER Cabriolet; ROVER: 600 RH; 45216SM4003; M\u00e4nt\u00e4, Jarrusatula<\/p>\n","protected":false},"excerpt":{"rendered":"<p>AUTOFREN SEINSA Jarrusatulan M\u00e4nt\u00e4 D025225 M\u00e4nt\u00e4, Jarrusatula MERCEDES-BENZ,HONDA,CHRYSLER,A-CLASS W169,CIVIC VI Hatchback EJ, EK<\/p>\n","protected":false},"featured_media":0,"template":"","meta":{"site-sidebar-layout":"default","site-content-layout":"default","ast-global-header-display":"","ast-main-header-display":"","ast-hfb-above-header-display":"","ast-hfb-below-header-display":"","ast-hfb-mobile-header-display":"","site-post-title":"","ast-breadcrumbs-content":"","ast-featured-img":"","footer-sml-layout":"","theme-transparent-header-meta":"","adv-header-id-meta":"","stick-header-meta":"","header-above-stick-meta":"","header-main-stick-meta":"","header-below-stick-meta":""},"pwb-brand":[243],"product_cat":[57],"product_tag":[],"class_list":{"0":"post-82712","1":"product","2":"type-product","3":"status-publish","5":"pwb-brand-autofren-seinsa","6":"product_cat-jarrusatula-korjaussarja","7":"desktop-align-left","8":"tablet-align-left","9":"mobile-align-left","11":"first","12":"instock","13":"product-type-external"},"brands":[{"id":243,"name":"AUTOFREN SEINSA","slug":"autofren-seinsa"}],"_links":{"self":[{"href":"https:\/\/www.autonvaraosahaku.fi\/index.php?rest_route=\/wp\/v2\/product\/82712","targetHints":{"allow":["GET"]}}],"collection":[{"href":"https:\/\/www.autonvaraosahaku.fi\/index.php?rest_route=\/wp\/v2\/product"}],"about":[{"href":"https:\/\/www.autonvaraosahaku.fi\/index.php?rest_route=\/wp\/v2\/types\/product"}],"wp:attachment":[{"href":"https:\/\/www.autonvaraosahaku.fi\/index.php?rest_route=%2Fwp%2Fv2%2Fmedia&parent=82712"}],"wp:term":[{"taxonomy":"pwb-brand","embeddable":true,"href":"https:\/\/www.autonvaraosahaku.fi\/index.php?rest_route=%2Fwp%2Fv2%2Fpwb-brand&post=82712"},{"taxonomy":"product_cat","embeddable":true,"href":"https:\/\/www.autonvaraosahaku.fi\/index.php?rest_route=%2Fwp%2Fv2%2Fproduct_cat&post=82712"},{"taxonomy":"product_tag","embeddable":true,"href":"https:\/\/www.autonvaraosahaku.fi\/index.php?rest_route=%2Fwp%2Fv2%2Fproduct_tag&post=82712"}],"curies":[{"name":"wp","href":"https:\/\/api.w.org\/{rel}","templated":true}]}}