{"id":82742,"date":"2021-02-21T20:24:53","date_gmt":"2021-02-21T20:24:53","guid":{"rendered":"https:\/\/www.autonvaraosahaku.fi\/?product=ashika-30-eco075-polttoainesuodatin"},"modified":"2021-02-21T20:24:57","modified_gmt":"2021-02-21T20:24:57","slug":"ashika-30-eco075-polttoainesuodatin","status":"publish","type":"product","link":"https:\/\/www.autonvaraosahaku.fi\/?product=ashika-30-eco075-polttoainesuodatin","title":{"rendered":"ASHIKA 30-ECO075 Polttoainesuodatin"},"content":{"rendered":"<p>Suodatintyyppi: Suodatinpanos; Pituus (mm): 109; Ulkol\u00e4pimitta [mm]: 79; Sis\u00e4l\u00e4pimitta [mm]: 20; Asennusl\u00e4pimitta [mm]: 22; FORD: FOCUS II Kombi DA_,MONDEO IV Turnier BA7,FOCUS II DA_,S-MAX WA6,FOCUS C-MAX,GALAXY WA6,C-MAX DM2,MONDEO IV BA7,FOCUS II Stufenheck DA_,MONDEO IV Stufenheck BA7; 1352443, 1352444, 2375051, 4M5Q9155AB, 5M5Q9176AA<\/p>\n","protected":false},"excerpt":{"rendered":"<p>ASHIKA Polttoainesuodatin 30-ECO075  FORD,FOCUS II Kombi DA_,MONDEO IV Turnier BA7,FOCUS II DA_,S-MAX WA6,FOCUS C-MAX,GALAXY WA6,C-MAX DM2<\/p>\n","protected":false},"featured_media":0,"template":"","meta":{"site-sidebar-layout":"default","site-content-layout":"default","ast-global-header-display":"","ast-main-header-display":"","ast-hfb-above-header-display":"","ast-hfb-below-header-display":"","ast-hfb-mobile-header-display":"","site-post-title":"","ast-breadcrumbs-content":"","ast-featured-img":"","footer-sml-layout":"","theme-transparent-header-meta":"","adv-header-id-meta":"","stick-header-meta":"","header-above-stick-meta":"","header-main-stick-meta":"","header-below-stick-meta":""},"pwb-brand":[102],"product_cat":[29],"product_tag":[],"class_list":{"0":"post-82742","1":"product","2":"type-product","3":"status-publish","5":"pwb-brand-ashika","6":"product_cat-polttoainesuodatin","7":"desktop-align-left","8":"tablet-align-left","9":"mobile-align-left","11":"first","12":"instock","13":"product-type-external"},"brands":[{"id":102,"name":"ASHIKA","slug":"ashika"}],"_links":{"self":[{"href":"https:\/\/www.autonvaraosahaku.fi\/index.php?rest_route=\/wp\/v2\/product\/82742","targetHints":{"allow":["GET"]}}],"collection":[{"href":"https:\/\/www.autonvaraosahaku.fi\/index.php?rest_route=\/wp\/v2\/product"}],"about":[{"href":"https:\/\/www.autonvaraosahaku.fi\/index.php?rest_route=\/wp\/v2\/types\/product"}],"wp:attachment":[{"href":"https:\/\/www.autonvaraosahaku.fi\/index.php?rest_route=%2Fwp%2Fv2%2Fmedia&parent=82742"}],"wp:term":[{"taxonomy":"pwb-brand","embeddable":true,"href":"https:\/\/www.autonvaraosahaku.fi\/index.php?rest_route=%2Fwp%2Fv2%2Fpwb-brand&post=82742"},{"taxonomy":"product_cat","embeddable":true,"href":"https:\/\/www.autonvaraosahaku.fi\/index.php?rest_route=%2Fwp%2Fv2%2Fproduct_cat&post=82742"},{"taxonomy":"product_tag","embeddable":true,"href":"https:\/\/www.autonvaraosahaku.fi\/index.php?rest_route=%2Fwp%2Fv2%2Fproduct_tag&post=82742"}],"curies":[{"name":"wp","href":"https:\/\/api.w.org\/{rel}","templated":true}]}}