{"id":82756,"date":"2021-02-21T20:25:01","date_gmt":"2021-02-21T20:25:01","guid":{"rendered":"https:\/\/www.autonvaraosahaku.fi\/?product=ashika-10-eco120-oljynsuodatin"},"modified":"2021-02-21T20:25:03","modified_gmt":"2021-02-21T20:25:03","slug":"ashika-10-eco120-oljynsuodatin","status":"publish","type":"product","link":"https:\/\/www.autonvaraosahaku.fi\/?product=ashika-10-eco120-oljynsuodatin","title":{"rendered":"ASHIKA 10-ECO120 \u00d6ljynsuodatin"},"content":{"rendered":"<p>Suodatintyyppi: Suodatinpanos; Pituus (mm): 100; Ulkol\u00e4pimitta [mm]: 72; Asennusl\u00e4pimitta [mm]: 25; Varusteet: f\u00fcr Fahrzeuge mit Start-Stopp-Funktion; JEEP: RENEGADE Gel\u00e4ndewagen geschlossen BU,CHEROKEE KL; SUZUKI: SX4 S-Cross,VITARA LY; LANCIA: MUSA 350; ALFA ROMEO: GIULIETTA 940,MITO 955; FIAT: FREEMONT JF_,PUNTO EVO 199,DOBLO Kasten\/Kombi 263,DOBLO Gro\u00dfraumlimousine 152, 263,500X; 55231346, 71754237, 71754721, 71754237, K68096454AA, 55223416, 71754237, 71754675, 71771811, 68103969AA, K68103969AA, 71754237, 00650111, 0650111, 650111, 95511489, 1651062M00<\/p>\n","protected":false},"excerpt":{"rendered":"<p>ASHIKA \u00d6ljynsuodatin 10-ECO120  JEEP,SUZUKI,LANCIA,RENEGADE Gel\u00e4ndewagen geschlossen BU,CHEROKEE KL,SX4 S-Cross,VITARA LY,MUSA 350,GIULIETTA 940<\/p>\n","protected":false},"featured_media":0,"template":"","meta":{"site-sidebar-layout":"default","site-content-layout":"default","ast-global-header-display":"","ast-main-header-display":"","ast-hfb-above-header-display":"","ast-hfb-below-header-display":"","ast-hfb-mobile-header-display":"","site-post-title":"","ast-breadcrumbs-content":"","ast-featured-img":"","footer-sml-layout":"","theme-transparent-header-meta":"","adv-header-id-meta":"","stick-header-meta":"","header-above-stick-meta":"","header-main-stick-meta":"","header-below-stick-meta":""},"pwb-brand":[102],"product_cat":[30],"product_tag":[],"class_list":{"0":"post-82756","1":"product","2":"type-product","3":"status-publish","5":"pwb-brand-ashika","6":"product_cat-oljynsuodatin","7":"desktop-align-left","8":"tablet-align-left","9":"mobile-align-left","11":"first","12":"instock","13":"product-type-external"},"brands":[{"id":102,"name":"ASHIKA","slug":"ashika"}],"_links":{"self":[{"href":"https:\/\/www.autonvaraosahaku.fi\/index.php?rest_route=\/wp\/v2\/product\/82756","targetHints":{"allow":["GET"]}}],"collection":[{"href":"https:\/\/www.autonvaraosahaku.fi\/index.php?rest_route=\/wp\/v2\/product"}],"about":[{"href":"https:\/\/www.autonvaraosahaku.fi\/index.php?rest_route=\/wp\/v2\/types\/product"}],"wp:attachment":[{"href":"https:\/\/www.autonvaraosahaku.fi\/index.php?rest_route=%2Fwp%2Fv2%2Fmedia&parent=82756"}],"wp:term":[{"taxonomy":"pwb-brand","embeddable":true,"href":"https:\/\/www.autonvaraosahaku.fi\/index.php?rest_route=%2Fwp%2Fv2%2Fpwb-brand&post=82756"},{"taxonomy":"product_cat","embeddable":true,"href":"https:\/\/www.autonvaraosahaku.fi\/index.php?rest_route=%2Fwp%2Fv2%2Fproduct_cat&post=82756"},{"taxonomy":"product_tag","embeddable":true,"href":"https:\/\/www.autonvaraosahaku.fi\/index.php?rest_route=%2Fwp%2Fv2%2Fproduct_tag&post=82756"}],"curies":[{"name":"wp","href":"https:\/\/api.w.org\/{rel}","templated":true}]}}