{"id":82790,"date":"2021-02-21T20:25:15","date_gmt":"2021-02-21T20:25:15","guid":{"rendered":"https:\/\/www.autonvaraosahaku.fi\/?product=trw-df7953-jarrulevyt"},"modified":"2021-02-21T20:25:16","modified_gmt":"2021-02-21T20:25:16","slug":"trw-df7953-jarrulevyt","status":"publish","type":"product","link":"https:\/\/www.autonvaraosahaku.fi\/?product=trw-df7953-jarrulevyt","title":{"rendered":"TRW DF7953 Jarrulevyt"},"content":{"rendered":"<p>Jarrulevytyyppi: Vakiomalli; Ulkol\u00e4pimitta [mm]: 284; Jarrulevyn paksuus (mm): 10; V\u00e4himm\u00e4ispaksuus (mm): 8,4; Reikien m\u00e4\u00e4r\u00e4: 5; Kierremitta: 12.4; Korkeus (mm): 31,9; Reik\u00e4ympyr\u00e4-\u00d8 [mm]: 114,3; keskitt\u00e4misl\u00e4pimitta [mm]: 76; Tarkistuskilpi: E1 90R 02 C0190\/0525; Asennuspuoli: Hinterachse; KIA: OPTIMA,SOUL II PS,OPTIMA Sportswagon; HYUNDAI: i30 PDE,IONIQ AE,GRANDEUR HG,i30 Kombi PDE,KONA OS,i30 FASTBACK PDE; 584113V500, 584113V500; Jarrulevy<\/p>\n","protected":false},"excerpt":{"rendered":"<p>TRW Jarrulevyt DF7953 Jarrulevy KIA,HYUNDAI,OPTIMA,SOUL II PS,OPTIMA Sportswagon,i30 PDE,IONIQ AE,GRANDEUR HG,i30 Kombi PDE,KONA OS,i30 FASTBACK PDE<\/p>\n","protected":false},"featured_media":0,"template":"","meta":{"site-sidebar-layout":"default","site-content-layout":"default","ast-global-header-display":"","ast-main-header-display":"","ast-hfb-above-header-display":"","ast-hfb-below-header-display":"","ast-hfb-mobile-header-display":"","site-post-title":"","ast-breadcrumbs-content":"","ast-featured-img":"","footer-sml-layout":"","theme-transparent-header-meta":"","adv-header-id-meta":"","stick-header-meta":"","header-above-stick-meta":"","header-main-stick-meta":"","header-below-stick-meta":""},"pwb-brand":[332],"product_cat":[66],"product_tag":[],"class_list":{"0":"post-82790","1":"product","2":"type-product","3":"status-publish","5":"pwb-brand-trw","6":"product_cat-jarrulevyt","7":"desktop-align-left","8":"tablet-align-left","9":"mobile-align-left","11":"first","12":"instock","13":"product-type-external"},"brands":[{"id":332,"name":"TRW","slug":"trw"}],"_links":{"self":[{"href":"https:\/\/www.autonvaraosahaku.fi\/index.php?rest_route=\/wp\/v2\/product\/82790","targetHints":{"allow":["GET"]}}],"collection":[{"href":"https:\/\/www.autonvaraosahaku.fi\/index.php?rest_route=\/wp\/v2\/product"}],"about":[{"href":"https:\/\/www.autonvaraosahaku.fi\/index.php?rest_route=\/wp\/v2\/types\/product"}],"wp:attachment":[{"href":"https:\/\/www.autonvaraosahaku.fi\/index.php?rest_route=%2Fwp%2Fv2%2Fmedia&parent=82790"}],"wp:term":[{"taxonomy":"pwb-brand","embeddable":true,"href":"https:\/\/www.autonvaraosahaku.fi\/index.php?rest_route=%2Fwp%2Fv2%2Fpwb-brand&post=82790"},{"taxonomy":"product_cat","embeddable":true,"href":"https:\/\/www.autonvaraosahaku.fi\/index.php?rest_route=%2Fwp%2Fv2%2Fproduct_cat&post=82790"},{"taxonomy":"product_tag","embeddable":true,"href":"https:\/\/www.autonvaraosahaku.fi\/index.php?rest_route=%2Fwp%2Fv2%2Fproduct_tag&post=82790"}],"curies":[{"name":"wp","href":"https:\/\/api.w.org\/{rel}","templated":true}]}}