{"id":82808,"date":"2021-02-21T20:25:15","date_gmt":"2021-02-21T20:25:15","guid":{"rendered":"https:\/\/www.autonvaraosahaku.fi\/?product=jp-group-1314600210-termostaatti"},"modified":"2021-02-21T20:25:21","modified_gmt":"2021-02-21T20:25:21","slug":"jp-group-1314600210-termostaatti","status":"publish","type":"product","link":"https:\/\/www.autonvaraosahaku.fi\/?product=jp-group-1314600210-termostaatti","title":{"rendered":"JP GROUP 1314600210 Termostaatti"},"content":{"rendered":"<p>Avausl\u00e4mp\u00f6tila [\u00b0C]: 80; Lis\u00e4tarvike\/lis\u00e4tieto: Tiivisteill\u00e4; Ilmastovy\u00f6hykkeet: f\u00fcr hei\u00dfe Klimazonen; DAEWOO: REXTON GAB_; SSANGYONG: REXTON GAB_; MERCEDES-BENZ: C-CLASS W202,190 W201,E-CLASS W210,Stufenheck W124,E-CLASS Kombi S210,C-CLASS Kombi S202,KOMBI Kombi S124,E-CLASS W124,G-CLASS W463,S-CLASS W140,E-CLASS Kombi S124,G-CLASS Cabrio W463; PUCH: G-MODELL W 463; 0032039875, 0042030975, 0042031075, 6012000015, 6012000115, 6012000515, 6022000015, 6022000115, 6032000015, 6052030075, 6062000475, 6062030275, 6062030575, 6062090175, A0042030975, A0042031075, A6012000015, A6012000115, A6012000515, A6022000015, A6022000115, A6032000015, A6062030275, A6062030575, A6062090175, 6062030175, 6062030475; Termostaatti, J\u00e4\u00e4hdytysneste<\/p>\n","protected":false},"excerpt":{"rendered":"<p>JP GROUP Termostaatti JP Group 1314600210 Termostaatti, J\u00e4\u00e4hdytysneste DAEWOO,SSANGYONG,MERCEDES-BENZ,REXTON GAB_,REXTON GAB_,C-CLASS W202,190 W201<\/p>\n","protected":false},"featured_media":0,"template":"","meta":{"site-sidebar-layout":"default","site-content-layout":"default","ast-global-header-display":"","ast-main-header-display":"","ast-hfb-above-header-display":"","ast-hfb-below-header-display":"","ast-hfb-mobile-header-display":"","site-post-title":"","ast-breadcrumbs-content":"","ast-featured-img":"","footer-sml-layout":"","theme-transparent-header-meta":"","adv-header-id-meta":"","stick-header-meta":"","header-above-stick-meta":"","header-main-stick-meta":"","header-below-stick-meta":""},"pwb-brand":[131],"product_cat":[174],"product_tag":[],"class_list":{"0":"post-82808","1":"product","2":"type-product","3":"status-publish","5":"pwb-brand-jp-group","6":"product_cat-termostaatti","7":"desktop-align-left","8":"tablet-align-left","9":"mobile-align-left","11":"first","12":"instock","13":"product-type-external"},"brands":[{"id":131,"name":"JP GROUP","slug":"jp-group"}],"_links":{"self":[{"href":"https:\/\/www.autonvaraosahaku.fi\/index.php?rest_route=\/wp\/v2\/product\/82808","targetHints":{"allow":["GET"]}}],"collection":[{"href":"https:\/\/www.autonvaraosahaku.fi\/index.php?rest_route=\/wp\/v2\/product"}],"about":[{"href":"https:\/\/www.autonvaraosahaku.fi\/index.php?rest_route=\/wp\/v2\/types\/product"}],"wp:attachment":[{"href":"https:\/\/www.autonvaraosahaku.fi\/index.php?rest_route=%2Fwp%2Fv2%2Fmedia&parent=82808"}],"wp:term":[{"taxonomy":"pwb-brand","embeddable":true,"href":"https:\/\/www.autonvaraosahaku.fi\/index.php?rest_route=%2Fwp%2Fv2%2Fpwb-brand&post=82808"},{"taxonomy":"product_cat","embeddable":true,"href":"https:\/\/www.autonvaraosahaku.fi\/index.php?rest_route=%2Fwp%2Fv2%2Fproduct_cat&post=82808"},{"taxonomy":"product_tag","embeddable":true,"href":"https:\/\/www.autonvaraosahaku.fi\/index.php?rest_route=%2Fwp%2Fv2%2Fproduct_tag&post=82808"}],"curies":[{"name":"wp","href":"https:\/\/api.w.org\/{rel}","templated":true}]}}