{"id":8281,"date":"2021-02-21T14:02:37","date_gmt":"2021-02-21T14:02:37","guid":{"rendered":"https:\/\/www.autonvaraosahaku.fi\/?product=febi-bilstein-101121-paisuntasailio"},"modified":"2021-02-21T14:02:37","modified_gmt":"2021-02-21T14:02:37","slug":"febi-bilstein-101121-paisuntasailio","status":"publish","type":"product","link":"https:\/\/www.autonvaraosahaku.fi\/?product=febi-bilstein-101121-paisuntasailio","title":{"rendered":"FEBI BILSTEIN 101121 Paisuntas\u00e4ili\u00f6"},"content":{"rendered":"<p>Ulkol\u00e4pimitta [mm]: 22,0; Materiaali: Muovi, Muovi; Paino [kg]: 0,511, 0,511; Huomioi tekniset tiedot: ; MERCEDES-BENZ: B-CLASS W246, W242,A-CLASS W176,CLA Coupe C117,GLA-CLASS X156,CLA Shooting Brake X117; 2465000049, A2465000049; Nestes\u00e4ili\u00f6, J\u00e4\u00e4hdytysneste<\/p>\n","protected":false},"excerpt":{"rendered":"<p>FEBI BILSTEIN Paisuntas\u00e4ili\u00f6 101121 Nestes\u00e4ili\u00f6, J\u00e4\u00e4hdytysneste MERCEDES-BENZ,B-CLASS W246, W242,A-CLASS W176,CLA Coupe C117,GLA-CLASS X156<\/p>\n","protected":false},"featured_media":0,"template":"","meta":{"site-sidebar-layout":"default","site-content-layout":"default","ast-global-header-display":"","ast-main-header-display":"","ast-hfb-above-header-display":"","ast-hfb-below-header-display":"","ast-hfb-mobile-header-display":"","site-post-title":"","ast-breadcrumbs-content":"","ast-featured-img":"","footer-sml-layout":"","theme-transparent-header-meta":"","adv-header-id-meta":"","stick-header-meta":"","header-above-stick-meta":"","header-main-stick-meta":"","header-below-stick-meta":""},"pwb-brand":[50],"product_cat":[127],"product_tag":[],"class_list":{"0":"post-8281","1":"product","2":"type-product","3":"status-publish","5":"pwb-brand-febi-bilstein","6":"product_cat-paisuntasailio","7":"desktop-align-left","8":"tablet-align-left","9":"mobile-align-left","11":"first","12":"instock","13":"product-type-external"},"brands":[{"id":50,"name":"FEBI BILSTEIN","slug":"febi-bilstein"}],"_links":{"self":[{"href":"https:\/\/www.autonvaraosahaku.fi\/index.php?rest_route=\/wp\/v2\/product\/8281","targetHints":{"allow":["GET"]}}],"collection":[{"href":"https:\/\/www.autonvaraosahaku.fi\/index.php?rest_route=\/wp\/v2\/product"}],"about":[{"href":"https:\/\/www.autonvaraosahaku.fi\/index.php?rest_route=\/wp\/v2\/types\/product"}],"wp:attachment":[{"href":"https:\/\/www.autonvaraosahaku.fi\/index.php?rest_route=%2Fwp%2Fv2%2Fmedia&parent=8281"}],"wp:term":[{"taxonomy":"pwb-brand","embeddable":true,"href":"https:\/\/www.autonvaraosahaku.fi\/index.php?rest_route=%2Fwp%2Fv2%2Fpwb-brand&post=8281"},{"taxonomy":"product_cat","embeddable":true,"href":"https:\/\/www.autonvaraosahaku.fi\/index.php?rest_route=%2Fwp%2Fv2%2Fproduct_cat&post=8281"},{"taxonomy":"product_tag","embeddable":true,"href":"https:\/\/www.autonvaraosahaku.fi\/index.php?rest_route=%2Fwp%2Fv2%2Fproduct_tag&post=8281"}],"curies":[{"name":"wp","href":"https:\/\/api.w.org\/{rel}","templated":true}]}}