{"id":8282,"date":"2021-02-21T14:02:37","date_gmt":"2021-02-21T14:02:37","guid":{"rendered":"https:\/\/www.autonvaraosahaku.fi\/?product=meyle-025-243-2015-w-jarrupalat"},"modified":"2021-02-21T14:02:38","modified_gmt":"2021-02-21T14:02:38","slug":"meyle-025-243-2015-w-jarrupalat","status":"publish","type":"product","link":"https:\/\/www.autonvaraosahaku.fi\/?product=meyle-025-243-2015-w-jarrupalat","title":{"rendered":"MEYLE 025 243 2015\/W Jarrupalat"},"content":{"rendered":"<p>Asennuspuoli: Taka-akseli; Leveys (mm): 93,1; Korkeus (mm): 41,1; Paksuus [mm]: 15,9; Kulumisvaroittimia [pro Achse]: 2; Kulumisenilmaisimen liitos: akustisella kulumavaroittimella; Jarruj\u00e4rjestelm\u00e4: Mando; Korvaava tuote\/korvaava tiedote 2: Huudonvaimennuspellill\u00e4; M\u00e4\u00e4r\u00e4yksikk\u00f6: Akselisarja; lis\u00e4tieto: ORIGINAL Quality; Valmistusvuoteen: 05\/2010; KIA: SPORTAGE SL,CEE&#8217;D SW ED,CEE&#8217;D Schr\u00e4gheck ED,SPORTAGE JE_, KM_,RIO II JB,PICANTO TA,PRO CEE&#8217;D ED,RIO II Stufenheck JB,SPORTAGE QL; HYUNDAI: ix35 LM, EL, ELH,i30 FD,i20 PB, PBT,i30 CW FD,ix20 JC,SONATA V NF,ACCENT III MC,ACCENT III Stufenheck MC,TUCSON,SONATA VI YF; 583021GA00, 583021HA10, 583021JA30, 583021JA31, 583021KA30, 583022SA10, 583022SA30, 583022SA35, 583022SA70, 583022YA30, 583022YA31, 583022YA50, 583022YA70, 583023SA20, 583024WA10, 58302D7A00, 583020ZA00, 583021GA00, 583021HA00, 583021MA00, 583021MA40, 583021YA30, 583022SA10, 583022SA70, 583022YA30, 583022YA31, 583022YA50, 58302D7A00, S583020ZA00, S583021YA50; Jarrupalasarja,Jarrupala, Levyjarru<\/p>\n","protected":false},"excerpt":{"rendered":"<p>MEYLE Jarrupalat 025 243 2015\/W Jarrupalasarja,Jarrupala, Levyjarru KIA,HYUNDAI,SPORTAGE SL,CEE&#8217;D SW ED,CEE&#8217;D Schr\u00e4gheck ED,SPORTAGE JE_, KM_<\/p>\n","protected":false},"featured_media":0,"template":"","meta":{"site-sidebar-layout":"default","site-content-layout":"default","ast-global-header-display":"","ast-main-header-display":"","ast-hfb-above-header-display":"","ast-hfb-below-header-display":"","ast-hfb-mobile-header-display":"","site-post-title":"","ast-breadcrumbs-content":"","ast-featured-img":"","footer-sml-layout":"","theme-transparent-header-meta":"","adv-header-id-meta":"","stick-header-meta":"","header-above-stick-meta":"","header-main-stick-meta":"","header-below-stick-meta":""},"pwb-brand":[84],"product_cat":[100],"product_tag":[],"class_list":{"0":"post-8282","1":"product","2":"type-product","3":"status-publish","5":"pwb-brand-meyle","6":"product_cat-jarrupalat","7":"desktop-align-left","8":"tablet-align-left","9":"mobile-align-left","11":"first","12":"instock","13":"product-type-external"},"brands":[{"id":84,"name":"MEYLE","slug":"meyle"}],"_links":{"self":[{"href":"https:\/\/www.autonvaraosahaku.fi\/index.php?rest_route=\/wp\/v2\/product\/8282","targetHints":{"allow":["GET"]}}],"collection":[{"href":"https:\/\/www.autonvaraosahaku.fi\/index.php?rest_route=\/wp\/v2\/product"}],"about":[{"href":"https:\/\/www.autonvaraosahaku.fi\/index.php?rest_route=\/wp\/v2\/types\/product"}],"wp:attachment":[{"href":"https:\/\/www.autonvaraosahaku.fi\/index.php?rest_route=%2Fwp%2Fv2%2Fmedia&parent=8282"}],"wp:term":[{"taxonomy":"pwb-brand","embeddable":true,"href":"https:\/\/www.autonvaraosahaku.fi\/index.php?rest_route=%2Fwp%2Fv2%2Fpwb-brand&post=8282"},{"taxonomy":"product_cat","embeddable":true,"href":"https:\/\/www.autonvaraosahaku.fi\/index.php?rest_route=%2Fwp%2Fv2%2Fproduct_cat&post=8282"},{"taxonomy":"product_tag","embeddable":true,"href":"https:\/\/www.autonvaraosahaku.fi\/index.php?rest_route=%2Fwp%2Fv2%2Fproduct_tag&post=8282"}],"curies":[{"name":"wp","href":"https:\/\/api.w.org\/{rel}","templated":true}]}}