{"id":82823,"date":"2021-02-21T20:25:23","date_gmt":"2021-02-21T20:25:23","guid":{"rendered":"https:\/\/www.autonvaraosahaku.fi\/?product=jp-group-1263700210-jarrupalat"},"modified":"2021-02-21T20:25:28","modified_gmt":"2021-02-21T20:25:28","slug":"jp-group-1263700210-jarrupalat","status":"publish","type":"product","link":"https:\/\/www.autonvaraosahaku.fi\/?product=jp-group-1263700210-jarrupalat","title":{"rendered":"JP GROUP 1263700210 Jarrupalat"},"content":{"rendered":"<p>Asennuspuoli: Taka-akseli; Paksuus [mm]: 16,5; Kulumisenilmaisimen liitos: akustisella kulumavaroittimella; Jarruj\u00e4rjestelm\u00e4: Bosch; M\u00e4\u00e4r\u00e4yksikk\u00f6: Akselisarja; Valmistusvuosi alkaen: 04\/1998; OPEL: ZAFIRA A F75_,ASTRA G CC F48_, F08_,ASTRA G Caravan F35_,ASTRA G Cabriolet F67,ASTRA G Coupe F07_,ASTRA G Stufenheck F69_,ASTRA G Kasten F70; VAUXHALL: ZAFIRA Mk I A F75,ASTRA Mk IV G CC,ASTRA Mk IV G Sedan,ASTRAVAN Mk IV G,ASTRA Mk IV G Coupe F67,ASTRA Mk IV G Convertible,ASTRA Mk IV G Estate; 9195685, 9198598, 09117717, 09195685, 09198598, 1605025, 1605037, 1605039, 1605040, 1605093, 1605105, 1605961, 9117717, 9193251, 9195685, 9198598, 09195641, 9195641, 9195642, 9195685, 9198598; Jarrupalasarja,Jarrupala, Levyjarru<\/p>\n","protected":false},"excerpt":{"rendered":"<p>JP GROUP Jarrupalat JP Group 1263700210 Jarrupalasarja,Jarrupala, Levyjarru OPEL,VAUXHALL,ZAFIRA A F75_,ASTRA G CC F48_, F08_,ASTRA G Caravan F35_<\/p>\n","protected":false},"featured_media":0,"template":"","meta":{"site-sidebar-layout":"default","site-content-layout":"default","ast-global-header-display":"","ast-main-header-display":"","ast-hfb-above-header-display":"","ast-hfb-below-header-display":"","ast-hfb-mobile-header-display":"","site-post-title":"","ast-breadcrumbs-content":"","ast-featured-img":"","footer-sml-layout":"","theme-transparent-header-meta":"","adv-header-id-meta":"","stick-header-meta":"","header-above-stick-meta":"","header-main-stick-meta":"","header-below-stick-meta":""},"pwb-brand":[131],"product_cat":[100],"product_tag":[],"class_list":{"0":"post-82823","1":"product","2":"type-product","3":"status-publish","5":"pwb-brand-jp-group","6":"product_cat-jarrupalat","7":"desktop-align-left","8":"tablet-align-left","9":"mobile-align-left","11":"first","12":"instock","13":"product-type-external"},"brands":[{"id":131,"name":"JP GROUP","slug":"jp-group"}],"_links":{"self":[{"href":"https:\/\/www.autonvaraosahaku.fi\/index.php?rest_route=\/wp\/v2\/product\/82823","targetHints":{"allow":["GET"]}}],"collection":[{"href":"https:\/\/www.autonvaraosahaku.fi\/index.php?rest_route=\/wp\/v2\/product"}],"about":[{"href":"https:\/\/www.autonvaraosahaku.fi\/index.php?rest_route=\/wp\/v2\/types\/product"}],"wp:attachment":[{"href":"https:\/\/www.autonvaraosahaku.fi\/index.php?rest_route=%2Fwp%2Fv2%2Fmedia&parent=82823"}],"wp:term":[{"taxonomy":"pwb-brand","embeddable":true,"href":"https:\/\/www.autonvaraosahaku.fi\/index.php?rest_route=%2Fwp%2Fv2%2Fpwb-brand&post=82823"},{"taxonomy":"product_cat","embeddable":true,"href":"https:\/\/www.autonvaraosahaku.fi\/index.php?rest_route=%2Fwp%2Fv2%2Fproduct_cat&post=82823"},{"taxonomy":"product_tag","embeddable":true,"href":"https:\/\/www.autonvaraosahaku.fi\/index.php?rest_route=%2Fwp%2Fv2%2Fproduct_tag&post=82823"}],"curies":[{"name":"wp","href":"https:\/\/api.w.org\/{rel}","templated":true}]}}