{"id":8284,"date":"2021-02-21T14:02:37","date_gmt":"2021-02-21T14:02:37","guid":{"rendered":"https:\/\/www.autonvaraosahaku.fi\/?product=topran-115-878-muut-luokat"},"modified":"2021-02-21T14:02:38","modified_gmt":"2021-02-21T14:02:38","slug":"topran-115-878-muut-luokat","status":"publish","type":"product","link":"https:\/\/www.autonvaraosahaku.fi\/?product=topran-115-878-muut-luokat","title":{"rendered":"TOPRAN 115 878 Muut luokat"},"content":{"rendered":"<p>Paksuus [mm]: 2; Ulkol\u00e4pimitta [mm]: 15; Sis\u00e4l\u00e4pimitta [mm]: 7,3; Materiaali: Kupari; Moottorinumero: DV4C \/ 8H01; MINI: MINI R56; OPEL: ZAFIRA B A05,ASTRA H Caravan L35,ASTRA H L48,ASTRA J Sports Tourer,INSIGNIA Caravan,VECTRA C Caravan,ASTRA J,ASTRA H GTC L08,SIGNUM,VECTRA C,ZAFIRA TOURER C P12,VECTRA C GTS,ASTRA H TwinTop L67,VIVARO Kasten F7,INSIGNIA,INSIGNIA Stufenheck,VIVARO Combi J7,ASTRA GTC J,CASCADA W13,ASTRA H Kasten L70,MOVANO B Kasten,MOVANO B Bus,VIVARO Pritsche\/Fahrgestell E7,MOVANO B Pritsche\/Fahrgestell,INSIGNIA A Country Tourer G09,GRANDLAND X A18; FORD: FIESTA VI,FOCUS III Turnier,FOCUS C-MAX,FOCUS III,C-MAX II,B-MAX JK,ECOSPORT,FOCUS III Stufenheck,TOURNEO CONNECT \/ GRAND TOURNEO CONNECT Kombi,TRANSIT CONNECT Kasten,TRANSIT COURIER Kasten,TRANSIT COURIER Kombi; RENAULT: MASTER III Kasten FV,MASTER III Bus JV,MASTER III Pritsche\/Fahrgestell EV, HV, UV; CITRO\u00cbN: BERLINGO MF,BERLINGO B9,DS3,C3 Picasso,C3 II,C4 II B7,JUMPY,BERLINGO Kasten B9,C4 Grand Picasso II,C4 Picasso II,DS4,DS5,C-ELYSEE,C4 CACTUS,JUMPY Kasten,SPACETOURER; PEUGEOT: 207 WA_, WC_,207 SW WK_,308 SW,208,206+ T3E,308 4A_, 4C_,5008,508 SW,3008,PARTNER Tepee,2008,508,PARTNER Kasten,308 II,301,308 SW II,EXPERT Pritsche\/Fahrgestell,3008 SUV,EXPERT Kasten,5008 II,TRAVELLER; DS: DS 3,DS5,DS7 Crossback,DS 4 \/ DS 4 CROSSBACK,DS 3 Cabriolet; VAUXHALL: INSIGNIA Mk I A,ZAFIRA Mk II B M75,ASTRA Mk V H CC,VECTRA Mk II C CC,INSIGNIA Mk I A Estate,ASTRA Mk V H Estate,ZAFIRA Mk III P12,VECTRA Mk II C Estate,ASTRA Mk V H Convertible,VECTRA Mk II C,ASTRA Mk VI J CC,VIVARO Kasten F7,ASTRA Mk VI J,INSIGNIA Mk I A Sedan,SIGNUM,ASTRA Mk VI J Estate,MOVANO Mk II B VAN,ASTRAVAN Mk V H,INSIGNIA Mk I A Country Tourer G09,GRANDLAND X A18,VIVARO Combi J7,VIVARO Pritsche\/Fahrgestell E7,MOVANO Mk II B Chassis\/Cab; 198195, 9804220580, 198195, 9804220580, 1230952, 1432205, 3M5Q9E568AA, M5Q9E568CA, 13537804979, 7804979, 4452165, 5821761, 9804220580, 198195, 9804220580, 8200895280, 93178683, 93198819, 9804220580, 3077404, 062130219C, WHT000189<\/p>\n","protected":false},"excerpt":{"rendered":"<p>TOPRAN L\u00e4mp\u00f6suojalevy, Ruiskutusj\u00e4rj. 115 878  MINI,OPEL,FORD,MINI R56,ZAFIRA B A05,ASTRA H Caravan L35,ASTRA H L48,ASTRA J Sports Tourer<\/p>\n","protected":false},"featured_media":0,"template":"","meta":{"site-sidebar-layout":"default","site-content-layout":"default","ast-global-header-display":"","ast-main-header-display":"","ast-hfb-above-header-display":"","ast-hfb-below-header-display":"","ast-hfb-mobile-header-display":"","site-post-title":"","ast-breadcrumbs-content":"","ast-featured-img":"","footer-sml-layout":"","theme-transparent-header-meta":"","adv-header-id-meta":"","stick-header-meta":"","header-above-stick-meta":"","header-main-stick-meta":"","header-below-stick-meta":""},"pwb-brand":[18],"product_cat":[37],"product_tag":[],"class_list":{"0":"post-8284","1":"product","2":"type-product","3":"status-publish","5":"pwb-brand-topran","6":"product_cat-muut-luokat","7":"desktop-align-left","8":"tablet-align-left","9":"mobile-align-left","11":"first","12":"instock","13":"product-type-external"},"brands":[{"id":18,"name":"TOPRAN","slug":"topran"}],"_links":{"self":[{"href":"https:\/\/www.autonvaraosahaku.fi\/index.php?rest_route=\/wp\/v2\/product\/8284","targetHints":{"allow":["GET"]}}],"collection":[{"href":"https:\/\/www.autonvaraosahaku.fi\/index.php?rest_route=\/wp\/v2\/product"}],"about":[{"href":"https:\/\/www.autonvaraosahaku.fi\/index.php?rest_route=\/wp\/v2\/types\/product"}],"wp:attachment":[{"href":"https:\/\/www.autonvaraosahaku.fi\/index.php?rest_route=%2Fwp%2Fv2%2Fmedia&parent=8284"}],"wp:term":[{"taxonomy":"pwb-brand","embeddable":true,"href":"https:\/\/www.autonvaraosahaku.fi\/index.php?rest_route=%2Fwp%2Fv2%2Fpwb-brand&post=8284"},{"taxonomy":"product_cat","embeddable":true,"href":"https:\/\/www.autonvaraosahaku.fi\/index.php?rest_route=%2Fwp%2Fv2%2Fproduct_cat&post=8284"},{"taxonomy":"product_tag","embeddable":true,"href":"https:\/\/www.autonvaraosahaku.fi\/index.php?rest_route=%2Fwp%2Fv2%2Fproduct_tag&post=8284"}],"curies":[{"name":"wp","href":"https:\/\/api.w.org\/{rel}","templated":true}]}}