{"id":82841,"date":"2021-02-21T20:25:31","date_gmt":"2021-02-21T20:25:31","guid":{"rendered":"https:\/\/www.autonvaraosahaku.fi\/?product=ridex-1382f0020-polttoainepumppu"},"modified":"2021-02-21T20:25:35","modified_gmt":"2021-02-21T20:25:35","slug":"ridex-1382f0020-polttoainepumppu","status":"publish","type":"product","link":"https:\/\/www.autonvaraosahaku.fi\/?product=ridex-1382f0020-polttoainepumppu","title":{"rendered":"RIDEX 1382F0020 Polttoainepumppu"},"content":{"rendered":"<p>Asennuspuoli: polttoaines\u00e4ili\u00f6ss\u00e4; K\u00e4ytt\u00f6: S\u00e4hk\u00f6inen; Siirtom\u00e4\u00e4r\u00e4 (l\/h): 100; Nimellisj\u00e4nnite (V): 12; Liittimi\u00e4: 4; Lis\u00e4tarvike\/lis\u00e4tieto: S\u00e4ili\u00f6n anturilla; K\u00e4ytt\u00f6paine (bar): 3; Alustanumero: BK1&#8230;; FORD: FOCUS II Kombi DA_,FOCUS II DA_,FOCUS C-MAX,C-MAX DM2,FOCUS II Stufenheck DA_,FOCUS II Cabriolet; MAZDA: 3 BK,3 Stufenheck BK; 1234552, 1254193, 1305354, 1309160, 1312617, 1320135, 1323864, 1341220, 1341332, 1345817, 1364663, 1383338, 1388677, 1432010, 1447501, 1498060, 1529595, 1602781, 3M519H307AH, 3M519H307AL, 3M519H307AM, 3M519H307AP, 3M519H307AR, 3M519H307AS, 3M519H307AT, 3M519H307AU, 3M519H307AV, Z6051335XA, Z6051335XB, Z6051335XC, Z6051335XD, Z6051335XE, Z6051335XF, Z6051335XG, ZY081335XH; Polttoaineen Sy\u00f6tt\u00f6yksikk\u00f6<\/p>\n","protected":false},"excerpt":{"rendered":"<p>RIDEX Polttoainepumppu 1382F0020 Polttoaineen Sy\u00f6tt\u00f6yksikk\u00f6 FORD,MAZDA,FOCUS II Kombi DA_,FOCUS II DA_,FOCUS C-MAX,C-MAX DM2,FOCUS II Stufenheck DA_<\/p>\n","protected":false},"featured_media":0,"template":"","meta":{"site-sidebar-layout":"default","site-content-layout":"default","ast-global-header-display":"","ast-main-header-display":"","ast-hfb-above-header-display":"","ast-hfb-below-header-display":"","ast-hfb-mobile-header-display":"","site-post-title":"","ast-breadcrumbs-content":"","ast-featured-img":"","footer-sml-layout":"","theme-transparent-header-meta":"","adv-header-id-meta":"","stick-header-meta":"","header-above-stick-meta":"","header-main-stick-meta":"","header-below-stick-meta":""},"pwb-brand":[157],"product_cat":[73],"product_tag":[],"class_list":{"0":"post-82841","1":"product","2":"type-product","3":"status-publish","5":"pwb-brand-ridex","6":"product_cat-polttoainepumppu","7":"desktop-align-left","8":"tablet-align-left","9":"mobile-align-left","11":"first","12":"instock","13":"product-type-external"},"brands":[{"id":157,"name":"RIDEX","slug":"ridex"}],"_links":{"self":[{"href":"https:\/\/www.autonvaraosahaku.fi\/index.php?rest_route=\/wp\/v2\/product\/82841","targetHints":{"allow":["GET"]}}],"collection":[{"href":"https:\/\/www.autonvaraosahaku.fi\/index.php?rest_route=\/wp\/v2\/product"}],"about":[{"href":"https:\/\/www.autonvaraosahaku.fi\/index.php?rest_route=\/wp\/v2\/types\/product"}],"wp:attachment":[{"href":"https:\/\/www.autonvaraosahaku.fi\/index.php?rest_route=%2Fwp%2Fv2%2Fmedia&parent=82841"}],"wp:term":[{"taxonomy":"pwb-brand","embeddable":true,"href":"https:\/\/www.autonvaraosahaku.fi\/index.php?rest_route=%2Fwp%2Fv2%2Fpwb-brand&post=82841"},{"taxonomy":"product_cat","embeddable":true,"href":"https:\/\/www.autonvaraosahaku.fi\/index.php?rest_route=%2Fwp%2Fv2%2Fproduct_cat&post=82841"},{"taxonomy":"product_tag","embeddable":true,"href":"https:\/\/www.autonvaraosahaku.fi\/index.php?rest_route=%2Fwp%2Fv2%2Fproduct_tag&post=82841"}],"curies":[{"name":"wp","href":"https:\/\/api.w.org\/{rel}","templated":true}]}}