{"id":8289,"date":"2021-02-21T14:02:37","date_gmt":"2021-02-21T14:02:37","guid":{"rendered":"https:\/\/www.autonvaraosahaku.fi\/?product=ate-24-0311-0145-1-jarrulevyt"},"modified":"2021-02-21T14:02:38","modified_gmt":"2021-02-21T14:02:38","slug":"ate-24-0311-0145-1-jarrulevyt","status":"publish","type":"product","link":"https:\/\/www.autonvaraosahaku.fi\/?product=ate-24-0311-0145-1-jarrulevyt","title":{"rendered":"ATE 24.0311-0145.1 Jarrulevyt"},"content":{"rendered":"<p>Ulkol\u00e4pimitta [mm]: 302,0; Jarrulevyn paksuus (mm): 10,9; V\u00e4himm\u00e4ispaksuus (mm): 9,0; Jarrulevytyyppi: Vakiomalli; Pinta: pinnoitettu; Reikien m\u00e4\u00e4r\u00e4: 5; Reik\u00e4ympyr\u00e4-\u00d8 [mm]: 108,0; Korkeus (mm): 50,8; keskitt\u00e4misl\u00e4pimitta [mm]: 63,5; Sis\u00e4l\u00e4pimitta [mm]: 177,6; Reik\u00e4-\u00d8 [mm]: 15,8; MAPP-koodi saatavilla: ; Tuotelinja: PowerDisc; Tuning: 1; Valmistusvuoteen: 09\/2014; FORD: MONDEO IV Turnier BA7,FOCUS II DA_,S-MAX WA6,GALAXY WA6,KUGA I,MONDEO IV BA7,MONDEO IV Stufenheck BA7; LAND ROVER: RANGE ROVER EVOQUE LV,RANGE ROVER EVOQUE Cabriolet LV_; 1379931, 1385590, 1405500, 6G912A315BA, LR027123; Jarrulevy<\/p>\n","protected":false},"excerpt":{"rendered":"<p>ATE Jarrulevyt 24.0311-0145.1 Jarrulevy FORD,LAND ROVER,MONDEO IV Turnier BA7,FOCUS II DA_,S-MAX WA6,GALAXY WA6,KUGA I,MONDEO IV BA7<\/p>\n","protected":false},"featured_media":0,"template":"","meta":{"site-sidebar-layout":"default","site-content-layout":"default","ast-global-header-display":"","ast-main-header-display":"","ast-hfb-above-header-display":"","ast-hfb-below-header-display":"","ast-hfb-mobile-header-display":"","site-post-title":"","ast-breadcrumbs-content":"","ast-featured-img":"","footer-sml-layout":"","theme-transparent-header-meta":"","adv-header-id-meta":"","stick-header-meta":"","header-above-stick-meta":"","header-main-stick-meta":"","header-below-stick-meta":""},"pwb-brand":[108],"product_cat":[66],"product_tag":[],"class_list":{"0":"post-8289","1":"product","2":"type-product","3":"status-publish","5":"pwb-brand-ate","6":"product_cat-jarrulevyt","7":"desktop-align-left","8":"tablet-align-left","9":"mobile-align-left","11":"first","12":"instock","13":"product-type-external"},"brands":[{"id":108,"name":"ATE","slug":"ate"}],"_links":{"self":[{"href":"https:\/\/www.autonvaraosahaku.fi\/index.php?rest_route=\/wp\/v2\/product\/8289","targetHints":{"allow":["GET"]}}],"collection":[{"href":"https:\/\/www.autonvaraosahaku.fi\/index.php?rest_route=\/wp\/v2\/product"}],"about":[{"href":"https:\/\/www.autonvaraosahaku.fi\/index.php?rest_route=\/wp\/v2\/types\/product"}],"wp:attachment":[{"href":"https:\/\/www.autonvaraosahaku.fi\/index.php?rest_route=%2Fwp%2Fv2%2Fmedia&parent=8289"}],"wp:term":[{"taxonomy":"pwb-brand","embeddable":true,"href":"https:\/\/www.autonvaraosahaku.fi\/index.php?rest_route=%2Fwp%2Fv2%2Fpwb-brand&post=8289"},{"taxonomy":"product_cat","embeddable":true,"href":"https:\/\/www.autonvaraosahaku.fi\/index.php?rest_route=%2Fwp%2Fv2%2Fproduct_cat&post=8289"},{"taxonomy":"product_tag","embeddable":true,"href":"https:\/\/www.autonvaraosahaku.fi\/index.php?rest_route=%2Fwp%2Fv2%2Fproduct_tag&post=8289"}],"curies":[{"name":"wp","href":"https:\/\/api.w.org\/{rel}","templated":true}]}}