{"id":82913,"date":"2021-02-21T20:26:02","date_gmt":"2021-02-21T20:26:02","guid":{"rendered":"https:\/\/www.autonvaraosahaku.fi\/?product=purflux-a575-ilmansuodatin"},"modified":"2021-02-21T20:26:03","modified_gmt":"2021-02-21T20:26:03","slug":"purflux-a575-ilmansuodatin","status":"publish","type":"product","link":"https:\/\/www.autonvaraosahaku.fi\/?product=purflux-a575-ilmansuodatin","title":{"rendered":"PURFLUX A575 Ilmansuodatin"},"content":{"rendered":"<p>Ulkol\u00e4pimitta [mm]: 245; Sis\u00e4l\u00e4pimitta [mm]: 185; Korkeus (mm): 62; Valmistusvuoteen: 07\/1986; SAAB: 96,95 Station Wagon; RENAULT: CLIO I B\/C57_, 5\/357_,19 II B\/C53_,SUPER 5 B\/C40_,RAPID Kasten F40_, G40_,19 I B\/C53_,9 L42_,19 II Chamade L53_,11 B\/C37_,21 Stufenheck L48_,19 I Chamade L53_,CLIO I Kasten S57_,11 Kasten S37_,21 B48_,19 II Kasten S53_,19 I Kasten S53_,SUPER 5 Kasten S40_; ARO: 10; PC2255E, PC305, PC809, 0464504, 0464548, 11464504, 11464548, 44464508, 5017032, 210111091, 21011109101, 21211109100, 1444K3, 7700721968, 7700722657, 7700726615, 7700726616, 7701027194, 7701027195, 770134530, 7701349530, 7702124675, 8983500079, 800352, 800355, 880352, 880355, 8816209, 886043, 8860439<\/p>\n","protected":false},"excerpt":{"rendered":"<p>PURFLUX Ilmansuodatin A575  SAAB,RENAULT,ARO,96,95 Station Wagon,CLIO I B\/C57_, 5\/357_,19 II B\/C53_,SUPER 5 B\/C40_,RAPID Kasten F40_, G40_,19 I B\/C53_<\/p>\n","protected":false},"featured_media":0,"template":"","meta":{"site-sidebar-layout":"default","site-content-layout":"default","ast-global-header-display":"","ast-main-header-display":"","ast-hfb-above-header-display":"","ast-hfb-below-header-display":"","ast-hfb-mobile-header-display":"","site-post-title":"","ast-breadcrumbs-content":"","ast-featured-img":"","footer-sml-layout":"","theme-transparent-header-meta":"","adv-header-id-meta":"","stick-header-meta":"","header-above-stick-meta":"","header-main-stick-meta":"","header-below-stick-meta":""},"pwb-brand":[303],"product_cat":[31],"product_tag":[],"class_list":{"0":"post-82913","1":"product","2":"type-product","3":"status-publish","5":"pwb-brand-purflux","6":"product_cat-ilmansuodatin","7":"desktop-align-left","8":"tablet-align-left","9":"mobile-align-left","11":"first","12":"instock","13":"product-type-external"},"brands":[{"id":303,"name":"PURFLUX","slug":"purflux"}],"_links":{"self":[{"href":"https:\/\/www.autonvaraosahaku.fi\/index.php?rest_route=\/wp\/v2\/product\/82913","targetHints":{"allow":["GET"]}}],"collection":[{"href":"https:\/\/www.autonvaraosahaku.fi\/index.php?rest_route=\/wp\/v2\/product"}],"about":[{"href":"https:\/\/www.autonvaraosahaku.fi\/index.php?rest_route=\/wp\/v2\/types\/product"}],"wp:attachment":[{"href":"https:\/\/www.autonvaraosahaku.fi\/index.php?rest_route=%2Fwp%2Fv2%2Fmedia&parent=82913"}],"wp:term":[{"taxonomy":"pwb-brand","embeddable":true,"href":"https:\/\/www.autonvaraosahaku.fi\/index.php?rest_route=%2Fwp%2Fv2%2Fpwb-brand&post=82913"},{"taxonomy":"product_cat","embeddable":true,"href":"https:\/\/www.autonvaraosahaku.fi\/index.php?rest_route=%2Fwp%2Fv2%2Fproduct_cat&post=82913"},{"taxonomy":"product_tag","embeddable":true,"href":"https:\/\/www.autonvaraosahaku.fi\/index.php?rest_route=%2Fwp%2Fv2%2Fproduct_tag&post=82913"}],"curies":[{"name":"wp","href":"https:\/\/api.w.org\/{rel}","templated":true}]}}