{"id":82927,"date":"2021-02-21T20:26:02","date_gmt":"2021-02-21T20:26:02","guid":{"rendered":"https:\/\/www.autonvaraosahaku.fi\/?product=magneti-marelli-466016355014-lambda-anturi"},"modified":"2021-02-21T20:26:07","modified_gmt":"2021-02-21T20:26:07","slug":"magneti-marelli-466016355014-lambda-anturi","status":"publish","type":"product","link":"https:\/\/www.autonvaraosahaku.fi\/?product=magneti-marelli-466016355014-lambda-anturi","title":{"rendered":"MAGNETI MARELLI 466016355014 Lambda anturi"},"content":{"rendered":"<p>Pituus (mm): 570; johtojen lukum\u00e4\u00e4r\u00e4: 4; Johtimien m\u00e4\u00e4r\u00e4: 4; Vastus [Ohm]: 3,5; Kaapelinmitta (mm): 570; Lambdatunnistin: L\u00e4mmitetty; CITRO\u00cbN: BERLINGO MF,XSARA PICASSO N68,C2 JM_,C3 I FC_,SAXO S0, S1,BERLINGO Kasten M_,C5 I DC_,C5 I Break DE_,XSARA N1,C3 Pluriel HB_,XSARA Break N2,XSARA Coupe N0; PEUGEOT: 206 Schr\u00e4gheck 2A\/C,307 3A\/C,206 SW 2E\/K,106 II 1,306 Schr\u00e4gheck 7A, 7C, N3, N5,406 Break 8E\/F,1007 KM_,PARTNER Combispace 5F,PARTNER Kasten 5,306 Break 7E, N3, N5,406 8B,306 7B, N3, N5; 1628KN, 9636968780, 9135664; Lambdatunnistin,Happianturi<\/p>\n","protected":false},"excerpt":{"rendered":"<p>MAGNETI MARELLI Lambda Anturi 466016355014 Lambdatunnistin,Happianturi CITRO\u00cbN,PEUGEOT,BERLINGO MF,XSARA PICASSO N68,C2 JM_,C3 I FC_,SAXO S0, S1<\/p>\n","protected":false},"featured_media":0,"template":"","meta":{"site-sidebar-layout":"default","site-content-layout":"default","ast-global-header-display":"","ast-main-header-display":"","ast-hfb-above-header-display":"","ast-hfb-below-header-display":"","ast-hfb-mobile-header-display":"","site-post-title":"","ast-breadcrumbs-content":"","ast-featured-img":"","footer-sml-layout":"","theme-transparent-header-meta":"","adv-header-id-meta":"","stick-header-meta":"","header-above-stick-meta":"","header-main-stick-meta":"","header-below-stick-meta":""},"pwb-brand":[34],"product_cat":[264],"product_tag":[],"class_list":{"0":"post-82927","1":"product","2":"type-product","3":"status-publish","5":"pwb-brand-magneti-marelli","6":"product_cat-lambda-anturi","7":"desktop-align-left","8":"tablet-align-left","9":"mobile-align-left","11":"first","12":"instock","13":"product-type-external"},"brands":[{"id":34,"name":"MAGNETI MARELLI","slug":"magneti-marelli"}],"_links":{"self":[{"href":"https:\/\/www.autonvaraosahaku.fi\/index.php?rest_route=\/wp\/v2\/product\/82927","targetHints":{"allow":["GET"]}}],"collection":[{"href":"https:\/\/www.autonvaraosahaku.fi\/index.php?rest_route=\/wp\/v2\/product"}],"about":[{"href":"https:\/\/www.autonvaraosahaku.fi\/index.php?rest_route=\/wp\/v2\/types\/product"}],"wp:attachment":[{"href":"https:\/\/www.autonvaraosahaku.fi\/index.php?rest_route=%2Fwp%2Fv2%2Fmedia&parent=82927"}],"wp:term":[{"taxonomy":"pwb-brand","embeddable":true,"href":"https:\/\/www.autonvaraosahaku.fi\/index.php?rest_route=%2Fwp%2Fv2%2Fpwb-brand&post=82927"},{"taxonomy":"product_cat","embeddable":true,"href":"https:\/\/www.autonvaraosahaku.fi\/index.php?rest_route=%2Fwp%2Fv2%2Fproduct_cat&post=82927"},{"taxonomy":"product_tag","embeddable":true,"href":"https:\/\/www.autonvaraosahaku.fi\/index.php?rest_route=%2Fwp%2Fv2%2Fproduct_tag&post=82927"}],"curies":[{"name":"wp","href":"https:\/\/api.w.org\/{rel}","templated":true}]}}