{"id":82956,"date":"2021-02-21T20:26:16","date_gmt":"2021-02-21T20:26:16","guid":{"rendered":"https:\/\/www.autonvaraosahaku.fi\/?product=ridex-854s0554-iskunvaimennin"},"modified":"2021-02-21T20:26:19","modified_gmt":"2021-02-21T20:26:19","slug":"ridex-854s0554-iskunvaimennin","status":"publish","type":"product","link":"https:\/\/www.autonvaraosahaku.fi\/?product=ridex-854s0554-iskunvaimennin","title":{"rendered":"RIDEX 854S0554 Iskunvaimennin"},"content":{"rendered":"<p>Asennuspuoli: Etuakseli; Iskunvaimennusj\u00e4rjestelm\u00e4: Kaksiputki; Iskunvaimennin asennustapa: Tappi ylh\u00e4\u00e4ll\u00e4, Silmukka alhaalla; Iskunvaimennin tyyppi: Kaasupaine; Valmistusvuoteen: 12\/2001; NISSAN: PRIMERA P11,PRIMERA Traveller WP11,PRIMERA Hatchback P11,PRIMERA P10,PRIMERA Hatchback P10; 5610090JR9, 561100A525, 561100A526, 561102J002, 561102J026, 561102J027, 561102J502, 561102J527, 561103J101, 561103J126, 561103J127, 561103J200, 561103J227, 561104J510, 561104J525, 561104J526, 5611050J01, 5611050J15, 5611064J00, 5611064J01, 5611064J25, 5611064J26, 5611065J00, 5611065J25, 5611070J00, 5611071J10, 5611072J01, 5611086J01, 5611086J02, 5611086J25, 5611086J26, 561108E800, 561108E825, 5611090J27, 5611090J29, 5611090J86, 5611090J87, 5611090J89, 561100A525, 561100A526, 561100A625, 561102F000, 561102F025, 561102J002, 561102J026, 561102J027, 561102J502, 561102J527, 561103J101, 561103J126, 561103J127, 561103J200, 561103J227, 561104J510, 561104J525, 561104J526, 5611050J01, 5611050J15, 5611064J00, 5611064J01, 5611064J25, 5611064J26, 5611065J00, 5611065J25, 5611070J00, 5611070J01, 5611070J05, 5611070J10, 5611071J00, 5611071J05, 5611071J10, 5611072J01, 5611086J01, 5611086J02, 5611086J25, 5611086J26, 561108E800, 561108E825, 5611090J00, 5611090J27, 5611090J29, 5611090J86, 5611090J87, 56&#8230;; Iskarit,Iskunvaimennin<\/p>\n","protected":false},"excerpt":{"rendered":"<p>RIDEX Iskunvaimentimet 854S0554 Iskarit,Iskunvaimennin NISSAN,PRIMERA P11,PRIMERA Traveller WP11,PRIMERA Hatchback P11,PRIMERA P10<\/p>\n","protected":false},"featured_media":0,"template":"","meta":{"site-sidebar-layout":"default","site-content-layout":"default","ast-global-header-display":"","ast-main-header-display":"","ast-hfb-above-header-display":"","ast-hfb-below-header-display":"","ast-hfb-mobile-header-display":"","site-post-title":"","ast-breadcrumbs-content":"","ast-featured-img":"","footer-sml-layout":"","theme-transparent-header-meta":"","adv-header-id-meta":"","stick-header-meta":"","header-above-stick-meta":"","header-main-stick-meta":"","header-below-stick-meta":""},"pwb-brand":[157],"product_cat":[80],"product_tag":[],"class_list":{"0":"post-82956","1":"product","2":"type-product","3":"status-publish","5":"pwb-brand-ridex","6":"product_cat-iskunvaimennin","7":"desktop-align-left","8":"tablet-align-left","9":"mobile-align-left","11":"first","12":"instock","13":"product-type-external"},"brands":[{"id":157,"name":"RIDEX","slug":"ridex"}],"_links":{"self":[{"href":"https:\/\/www.autonvaraosahaku.fi\/index.php?rest_route=\/wp\/v2\/product\/82956","targetHints":{"allow":["GET"]}}],"collection":[{"href":"https:\/\/www.autonvaraosahaku.fi\/index.php?rest_route=\/wp\/v2\/product"}],"about":[{"href":"https:\/\/www.autonvaraosahaku.fi\/index.php?rest_route=\/wp\/v2\/types\/product"}],"wp:attachment":[{"href":"https:\/\/www.autonvaraosahaku.fi\/index.php?rest_route=%2Fwp%2Fv2%2Fmedia&parent=82956"}],"wp:term":[{"taxonomy":"pwb-brand","embeddable":true,"href":"https:\/\/www.autonvaraosahaku.fi\/index.php?rest_route=%2Fwp%2Fv2%2Fpwb-brand&post=82956"},{"taxonomy":"product_cat","embeddable":true,"href":"https:\/\/www.autonvaraosahaku.fi\/index.php?rest_route=%2Fwp%2Fv2%2Fproduct_cat&post=82956"},{"taxonomy":"product_tag","embeddable":true,"href":"https:\/\/www.autonvaraosahaku.fi\/index.php?rest_route=%2Fwp%2Fv2%2Fproduct_tag&post=82956"}],"curies":[{"name":"wp","href":"https:\/\/api.w.org\/{rel}","templated":true}]}}