{"id":82970,"date":"2021-02-21T20:26:24","date_gmt":"2021-02-21T20:26:24","guid":{"rendered":"https:\/\/www.autonvaraosahaku.fi\/?product=jp-group-1142200400-jouset"},"modified":"2021-02-21T20:26:25","modified_gmt":"2021-02-21T20:26:25","slug":"jp-group-1142200400-jouset","status":"publish","type":"product","link":"https:\/\/www.autonvaraosahaku.fi\/?product=jp-group-1142200400-jouset","title":{"rendered":"JP GROUP 1142200400 Jouset"},"content":{"rendered":"<p>Asennuspuoli: Etuakseli; Jousimalli: Kierrejousi kiinte\u00e4ll\u00e4 lankal\u00e4pimitalla; V\u00e4rimerkint\u00e4: violetti, Valkoinen; Paksuus [mm]: 12; Pituus (mm): 356; Ulkol\u00e4pimitta [mm]: 140; Vaihteistomalli: Automatikgetriebe; VW: GOLF IV 1J1,LUPO 6X1, 6E1,GOLF IV Variant 1J5,POLO 6N1; AUDI: A3 8L1; SKODA: OCTAVIA Combi 1U5,OCTAVIA 1U2; SEAT: AROSA 6H; 1J0411105AA, 1J0411105AE, 1J0411105AF, 6N0411105A, 6N0411105F, 1J0411105AA, 1J0411105AE, 1J0411105AF, 6N0411105A, 6N0411105F, 1J0411105AA, 1J0411105AE, 1J0411105AF, 6N0411105A, 6N0411105F, 1J0411105AA, 1J0411105AE, 1J0411105AF, 6N0411105A, 6N0411105F; Kierrejousi<\/p>\n","protected":false},"excerpt":{"rendered":"<p>JP GROUP Jousi JP Group 1142200400 Kierrejousi VW,AUDI,SKODA,GOLF IV 1J1,LUPO 6X1, 6E1,GOLF IV Variant 1J5,POLO 6N1,A3 8L1,OCTAVIA Combi 1U5<\/p>\n","protected":false},"featured_media":0,"template":"","meta":{"site-sidebar-layout":"default","site-content-layout":"default","ast-global-header-display":"","ast-main-header-display":"","ast-hfb-above-header-display":"","ast-hfb-below-header-display":"","ast-hfb-mobile-header-display":"","site-post-title":"","ast-breadcrumbs-content":"","ast-featured-img":"","footer-sml-layout":"","theme-transparent-header-meta":"","adv-header-id-meta":"","stick-header-meta":"","header-above-stick-meta":"","header-main-stick-meta":"","header-below-stick-meta":""},"pwb-brand":[131],"product_cat":[171],"product_tag":[],"class_list":{"0":"post-82970","1":"product","2":"type-product","3":"status-publish","5":"pwb-brand-jp-group","6":"product_cat-jouset","7":"desktop-align-left","8":"tablet-align-left","9":"mobile-align-left","11":"first","12":"instock","13":"product-type-external"},"brands":[{"id":131,"name":"JP GROUP","slug":"jp-group"}],"_links":{"self":[{"href":"https:\/\/www.autonvaraosahaku.fi\/index.php?rest_route=\/wp\/v2\/product\/82970","targetHints":{"allow":["GET"]}}],"collection":[{"href":"https:\/\/www.autonvaraosahaku.fi\/index.php?rest_route=\/wp\/v2\/product"}],"about":[{"href":"https:\/\/www.autonvaraosahaku.fi\/index.php?rest_route=\/wp\/v2\/types\/product"}],"wp:attachment":[{"href":"https:\/\/www.autonvaraosahaku.fi\/index.php?rest_route=%2Fwp%2Fv2%2Fmedia&parent=82970"}],"wp:term":[{"taxonomy":"pwb-brand","embeddable":true,"href":"https:\/\/www.autonvaraosahaku.fi\/index.php?rest_route=%2Fwp%2Fv2%2Fpwb-brand&post=82970"},{"taxonomy":"product_cat","embeddable":true,"href":"https:\/\/www.autonvaraosahaku.fi\/index.php?rest_route=%2Fwp%2Fv2%2Fproduct_cat&post=82970"},{"taxonomy":"product_tag","embeddable":true,"href":"https:\/\/www.autonvaraosahaku.fi\/index.php?rest_route=%2Fwp%2Fv2%2Fproduct_tag&post=82970"}],"curies":[{"name":"wp","href":"https:\/\/api.w.org\/{rel}","templated":true}]}}