{"id":82977,"date":"2021-02-21T20:26:24","date_gmt":"2021-02-21T20:26:24","guid":{"rendered":"https:\/\/www.autonvaraosahaku.fi\/?product=metzger-0900163-abs-keha"},"modified":"2021-02-21T20:26:27","modified_gmt":"2021-02-21T20:26:27","slug":"metzger-0900163-abs-keha","status":"publish","type":"product","link":"https:\/\/www.autonvaraosahaku.fi\/?product=metzger-0900163-abs-keha","title":{"rendered":"METZGER 0900163 ABS keh\u00e4"},"content":{"rendered":"<p>Asennuspuoli: Etuakseli, Vorderachse beidseitig; Hammasluku: 48; Ulkol\u00e4pimitta [mm]: 76; Sis\u00e4l\u00e4pimitta [mm]: 62; Leveys (mm): 8; KIA: PICANTO BA,RIO II JB,RIO II Stufenheck JB; HYUNDAI: GETZ TB; 495901C000, 495901C000; ABS Hammaskeh\u00e4,ABS Rengas,Anturirengas, ABS<\/p>\n","protected":false},"excerpt":{"rendered":"<p>METZGER ABS Keh\u00e4 0900163 ABS Hammaskeh\u00e4,ABS Rengas KIA,HYUNDAI,PICANTO BA,RIO II JB,RIO II Stufenheck JB,GETZ TB<\/p>\n","protected":false},"featured_media":0,"template":"","meta":{"site-sidebar-layout":"default","site-content-layout":"default","ast-global-header-display":"","ast-main-header-display":"","ast-hfb-above-header-display":"","ast-hfb-below-header-display":"","ast-hfb-mobile-header-display":"","site-post-title":"","ast-breadcrumbs-content":"","ast-featured-img":"","footer-sml-layout":"","theme-transparent-header-meta":"","adv-header-id-meta":"","stick-header-meta":"","header-above-stick-meta":"","header-main-stick-meta":"","header-below-stick-meta":""},"pwb-brand":[69],"product_cat":[273],"product_tag":[],"class_list":{"0":"post-82977","1":"product","2":"type-product","3":"status-publish","5":"pwb-brand-metzger","6":"product_cat-abs-keha","7":"desktop-align-left","8":"tablet-align-left","9":"mobile-align-left","11":"first","12":"instock","13":"product-type-external"},"brands":[{"id":69,"name":"METZGER","slug":"metzger"}],"_links":{"self":[{"href":"https:\/\/www.autonvaraosahaku.fi\/index.php?rest_route=\/wp\/v2\/product\/82977","targetHints":{"allow":["GET"]}}],"collection":[{"href":"https:\/\/www.autonvaraosahaku.fi\/index.php?rest_route=\/wp\/v2\/product"}],"about":[{"href":"https:\/\/www.autonvaraosahaku.fi\/index.php?rest_route=\/wp\/v2\/types\/product"}],"wp:attachment":[{"href":"https:\/\/www.autonvaraosahaku.fi\/index.php?rest_route=%2Fwp%2Fv2%2Fmedia&parent=82977"}],"wp:term":[{"taxonomy":"pwb-brand","embeddable":true,"href":"https:\/\/www.autonvaraosahaku.fi\/index.php?rest_route=%2Fwp%2Fv2%2Fpwb-brand&post=82977"},{"taxonomy":"product_cat","embeddable":true,"href":"https:\/\/www.autonvaraosahaku.fi\/index.php?rest_route=%2Fwp%2Fv2%2Fproduct_cat&post=82977"},{"taxonomy":"product_tag","embeddable":true,"href":"https:\/\/www.autonvaraosahaku.fi\/index.php?rest_route=%2Fwp%2Fv2%2Fproduct_tag&post=82977"}],"curies":[{"name":"wp","href":"https:\/\/api.w.org\/{rel}","templated":true}]}}