{"id":82994,"date":"2021-02-21T20:26:32","date_gmt":"2021-02-21T20:26:32","guid":{"rendered":"https:\/\/www.autonvaraosahaku.fi\/?product=jp-group-1114300900-jaahdyttimen-letku"},"modified":"2021-02-21T20:26:34","modified_gmt":"2021-02-21T20:26:34","slug":"jp-group-1114300900-jaahdyttimen-letku","status":"publish","type":"product","link":"https:\/\/www.autonvaraosahaku.fi\/?product=jp-group-1114300900-jaahdyttimen-letku","title":{"rendered":"JP GROUP 1114300900 J\u00e4\u00e4hdyttimen letku"},"content":{"rendered":"<p>J\u00e4\u00e4hdytysjohto: J\u00e4\u00e4hdytysnestes\u00e4\u00e4timest\u00e4 imusarjaan; Sy\u00f6tt\u00f6 \/ paluu: Takaisinvirtaukselle; Moottorinumero: AAV; VW: GOLF III 1H1,GOLF II 19E, 1G1,GOLF III Variant 1H5,POLO 86C, 80,POLO Coupe 86C, 80,VENTO 1H2,JETTA II 19E, 1G2, 165,POLO CLASSIC 86C, 80; SEAT: IBIZA II 6K1,CORDOBA 6K1, 6K2; 030121056G, 030121056G<\/p>\n","protected":false},"excerpt":{"rendered":"<p>JP GROUP J\u00e4\u00e4hdyttimen Letku JP Group 1114300900  VW,SEAT,GOLF III 1H1,GOLF II 19E, 1G1,GOLF III Variant 1H5,POLO 86C, 80,POLO Coupe 86C, 80,VENTO 1H2<\/p>\n","protected":false},"featured_media":0,"template":"","meta":{"site-sidebar-layout":"default","site-content-layout":"default","ast-global-header-display":"","ast-main-header-display":"","ast-hfb-above-header-display":"","ast-hfb-below-header-display":"","ast-hfb-mobile-header-display":"","site-post-title":"","ast-breadcrumbs-content":"","ast-featured-img":"","footer-sml-layout":"","theme-transparent-header-meta":"","adv-header-id-meta":"","stick-header-meta":"","header-above-stick-meta":"","header-main-stick-meta":"","header-below-stick-meta":""},"pwb-brand":[131],"product_cat":[206],"product_tag":[],"class_list":{"0":"post-82994","1":"product","2":"type-product","3":"status-publish","5":"pwb-brand-jp-group","6":"product_cat-jaahdyttimen-letku","7":"desktop-align-left","8":"tablet-align-left","9":"mobile-align-left","11":"first","12":"instock","13":"product-type-external"},"brands":[{"id":131,"name":"JP GROUP","slug":"jp-group"}],"_links":{"self":[{"href":"https:\/\/www.autonvaraosahaku.fi\/index.php?rest_route=\/wp\/v2\/product\/82994","targetHints":{"allow":["GET"]}}],"collection":[{"href":"https:\/\/www.autonvaraosahaku.fi\/index.php?rest_route=\/wp\/v2\/product"}],"about":[{"href":"https:\/\/www.autonvaraosahaku.fi\/index.php?rest_route=\/wp\/v2\/types\/product"}],"wp:attachment":[{"href":"https:\/\/www.autonvaraosahaku.fi\/index.php?rest_route=%2Fwp%2Fv2%2Fmedia&parent=82994"}],"wp:term":[{"taxonomy":"pwb-brand","embeddable":true,"href":"https:\/\/www.autonvaraosahaku.fi\/index.php?rest_route=%2Fwp%2Fv2%2Fpwb-brand&post=82994"},{"taxonomy":"product_cat","embeddable":true,"href":"https:\/\/www.autonvaraosahaku.fi\/index.php?rest_route=%2Fwp%2Fv2%2Fproduct_cat&post=82994"},{"taxonomy":"product_tag","embeddable":true,"href":"https:\/\/www.autonvaraosahaku.fi\/index.php?rest_route=%2Fwp%2Fv2%2Fproduct_tag&post=82994"}],"curies":[{"name":"wp","href":"https:\/\/api.w.org\/{rel}","templated":true}]}}