{"id":8300,"date":"2021-02-21T14:02:40","date_gmt":"2021-02-21T14:02:40","guid":{"rendered":"https:\/\/www.autonvaraosahaku.fi\/?product=automega-130009310-oljypohja"},"modified":"2021-02-21T14:02:41","modified_gmt":"2021-02-21T14:02:41","slug":"automega-130009310-oljypohja","status":"publish","type":"product","link":"https:\/\/www.autonvaraosahaku.fi\/?product=automega-130009310-oljypohja","title":{"rendered":"AUTOMEGA 130009310 \u00d6ljypohja"},"content":{"rendered":"<p>Pituus (mm): 410; Leveys (mm): 265; Korkeus (mm): 125; Paino [kg]: 1,4; Lis\u00e4tarvike\/lis\u00e4tieto: \u00d6ljynp\u00e4\u00e4st\u00f6ruuvilla; \u00d6ljypohjan materiaali: Ter\u00e4slevy; Alustanumeroon: 15-P-018000; VW: GOLF III 1H1,SHARAN 7M8, 7M9, 7M6,GOLF II 19E, 1G1,PASSAT Variant 3A5, 35I,GOLF I Cabriolet 155,GOLF III Cabriolet 1E7,GOLF Mk III Cabriolet 1E7,GOLF III Variant 1H5,PASSAT 3A2, 35I,CORRADO 53I,CADDY II Kasten 9K9A,POLO Variant 6KV5,POLO CLASSIC 6KV2,SCIROCCO 53B,VENTO 1H2,GOLF I 17,CADDY I 14,JETTA II 19E, 1G2, 165,CADDY II Kombi 9K9B,SCIROCCO 53,JETTA I 16; FORD: GALAXY WGR; SEAT: ALHAMBRA 7V8, 7V9,IBIZA II 6K1,CORDOBA 6K1, 6K2,CORDOBA Vario 6K1,TOLEDO I 1L,INCA 6K9; 51103601, 1004927, 51103601, 51103601, 51103601<\/p>\n","protected":false},"excerpt":{"rendered":"<p>AUTOMEGA \u00d6ljypohja 130009310  VW,FORD,SEAT,GOLF III 1H1,SHARAN 7M8, 7M9, 7M6,GOLF II 19E, 1G1,PASSAT Variant 3A5, 35I,GOLF I Cabriolet 155<\/p>\n","protected":false},"featured_media":0,"template":"","meta":{"site-sidebar-layout":"default","site-content-layout":"default","ast-global-header-display":"","ast-main-header-display":"","ast-hfb-above-header-display":"","ast-hfb-below-header-display":"","ast-hfb-mobile-header-display":"","site-post-title":"","ast-breadcrumbs-content":"","ast-featured-img":"","footer-sml-layout":"","theme-transparent-header-meta":"","adv-header-id-meta":"","stick-header-meta":"","header-above-stick-meta":"","header-main-stick-meta":"","header-below-stick-meta":""},"pwb-brand":[121],"product_cat":[225],"product_tag":[],"class_list":{"0":"post-8300","1":"product","2":"type-product","3":"status-publish","5":"pwb-brand-automega","6":"product_cat-oljypohja","7":"desktop-align-left","8":"tablet-align-left","9":"mobile-align-left","11":"first","12":"instock","13":"product-type-external"},"brands":[{"id":121,"name":"AUTOMEGA","slug":"automega"}],"_links":{"self":[{"href":"https:\/\/www.autonvaraosahaku.fi\/index.php?rest_route=\/wp\/v2\/product\/8300","targetHints":{"allow":["GET"]}}],"collection":[{"href":"https:\/\/www.autonvaraosahaku.fi\/index.php?rest_route=\/wp\/v2\/product"}],"about":[{"href":"https:\/\/www.autonvaraosahaku.fi\/index.php?rest_route=\/wp\/v2\/types\/product"}],"wp:attachment":[{"href":"https:\/\/www.autonvaraosahaku.fi\/index.php?rest_route=%2Fwp%2Fv2%2Fmedia&parent=8300"}],"wp:term":[{"taxonomy":"pwb-brand","embeddable":true,"href":"https:\/\/www.autonvaraosahaku.fi\/index.php?rest_route=%2Fwp%2Fv2%2Fpwb-brand&post=8300"},{"taxonomy":"product_cat","embeddable":true,"href":"https:\/\/www.autonvaraosahaku.fi\/index.php?rest_route=%2Fwp%2Fv2%2Fproduct_cat&post=8300"},{"taxonomy":"product_tag","embeddable":true,"href":"https:\/\/www.autonvaraosahaku.fi\/index.php?rest_route=%2Fwp%2Fv2%2Fproduct_tag&post=8300"}],"curies":[{"name":"wp","href":"https:\/\/api.w.org\/{rel}","templated":true}]}}