{"id":83005,"date":"2021-02-21T20:26:32","date_gmt":"2021-02-21T20:26:32","guid":{"rendered":"https:\/\/www.autonvaraosahaku.fi\/?product=era-665024-lammityslaitteen-puhaltimen-vastus"},"modified":"2021-02-21T20:26:37","modified_gmt":"2021-02-21T20:26:37","slug":"era-665024-lammityslaitteen-puhaltimen-vastus","status":"publish","type":"product","link":"https:\/\/www.autonvaraosahaku.fi\/?product=era-665024-lammityslaitteen-puhaltimen-vastus","title":{"rendered":"ERA 665024 L\u00e4mmityslaitteen puhaltimen vastus"},"content":{"rendered":"<p>Kaapelinmitta (mm): 930; Liittimi\u00e4: 9; RENAULT: SC\u00c9NIC II JM0\/1_,GRAND SC\u00c9NIC II JM0\/1_; 7701207876; Vastus, Sis\u00e4ilmantuuletin<\/p>\n","protected":false},"excerpt":{"rendered":"<p>ERA L\u00e4mmityslaitteen Puhaltimen Vastus 665024 Vastus, Sis\u00e4ilmantuuletin RENAULT,SC\u00c9NIC II JM0\/1_,GRAND SC\u00c9NIC II JM0\/1_<\/p>\n","protected":false},"featured_media":0,"template":"","meta":{"site-sidebar-layout":"default","site-content-layout":"default","ast-global-header-display":"","ast-main-header-display":"","ast-hfb-above-header-display":"","ast-hfb-below-header-display":"","ast-hfb-mobile-header-display":"","site-post-title":"","ast-breadcrumbs-content":"","ast-featured-img":"","footer-sml-layout":"","theme-transparent-header-meta":"","adv-header-id-meta":"","stick-header-meta":"","header-above-stick-meta":"","header-main-stick-meta":"","header-below-stick-meta":""},"pwb-brand":[64],"product_cat":[134],"product_tag":[],"class_list":{"0":"post-83005","1":"product","2":"type-product","3":"status-publish","5":"pwb-brand-era","6":"product_cat-lammityslaitteen-puhaltimen-vastus","7":"desktop-align-left","8":"tablet-align-left","9":"mobile-align-left","11":"first","12":"instock","13":"product-type-external"},"brands":[{"id":64,"name":"ERA","slug":"era"}],"_links":{"self":[{"href":"https:\/\/www.autonvaraosahaku.fi\/index.php?rest_route=\/wp\/v2\/product\/83005","targetHints":{"allow":["GET"]}}],"collection":[{"href":"https:\/\/www.autonvaraosahaku.fi\/index.php?rest_route=\/wp\/v2\/product"}],"about":[{"href":"https:\/\/www.autonvaraosahaku.fi\/index.php?rest_route=\/wp\/v2\/types\/product"}],"wp:attachment":[{"href":"https:\/\/www.autonvaraosahaku.fi\/index.php?rest_route=%2Fwp%2Fv2%2Fmedia&parent=83005"}],"wp:term":[{"taxonomy":"pwb-brand","embeddable":true,"href":"https:\/\/www.autonvaraosahaku.fi\/index.php?rest_route=%2Fwp%2Fv2%2Fpwb-brand&post=83005"},{"taxonomy":"product_cat","embeddable":true,"href":"https:\/\/www.autonvaraosahaku.fi\/index.php?rest_route=%2Fwp%2Fv2%2Fproduct_cat&post=83005"},{"taxonomy":"product_tag","embeddable":true,"href":"https:\/\/www.autonvaraosahaku.fi\/index.php?rest_route=%2Fwp%2Fv2%2Fproduct_tag&post=83005"}],"curies":[{"name":"wp","href":"https:\/\/api.w.org\/{rel}","templated":true}]}}